{"id":83945,"date":"2023-09-27T17:58:38","date_gmt":"2023-09-27T15:58:38","guid":{"rendered":"https:\/\/secureus.se\/produkt\/eltryckeslas-el580l-lagenergi-rattvand-sats-12-24v\/"},"modified":"2026-04-23T12:23:33","modified_gmt":"2026-04-23T10:23:33","slug":"eltryckeslas-el580l-lagenergi-rattvand-sats-12-24v","status":"publish","type":"product","link":"https:\/\/secureus.se\/pl\/eltryckeslas-el580l-lagenergi-rattvand-sats-12-24v\/","title":{"rendered":"Zamek elektryczny EL580L Niskoenergetyczny Zestaw skierowany w prawo, 12\u201324 V"},"content":{"rendered":"<p>\nWielofunkcyjne elektryczne zamki dociskowe ABLOY EL580L przystosowane s\u0105 do drzwi o du\u017cej cz\u0119stotliwo\u015bci z gniazdami modu\u0142owymi ASSA ABLOY, gdzie wymagane jest niskie zu\u017cycie energii. Nadaje si\u0119 jako zamkni\u0119cie dzienne i wewn\u0119trzne w handlu, biurach i przemy\u015ble lub w wej\u015bciach i obszarach publicznych w budynkach wielorodzinnych. ABLOY EL580L mo\u017ce by\u0107 stosowany w limitach ogniw przeciwpo\u017carowych.<\/p>\n<div><b>Akcesoria zawarte w opakowaniu zestawu:\u00a0<\/b><\/div>\n<div>Zamek elektryczny EL580L, kabel po\u0142\u0105czeniowy EA220, transfer ramy EA281, trzpienie Abloy do zamka dzielonego.<\/p>\n<\/div>\n<div><b>W\u0142a\u015bciwo\u015bci:<\/b><\/div>\n<div>\n<ul>\n<li>Funkcja podzia\u0142u (\u0142atwe prze\u0142\u0105czanie strony obs\u0142ugiwanej elektrycznie\/mechanicznie)<\/li>\n<li>Sterowanie elektryczne na ci\u015bnienie zewn\u0119trzne<\/li>\n<li>Nacisk od wewn\u0105trz zawsze otwiera zamek mechanicznie\u00a0<\/li>\n<li>Zamek o niskim zu\u017cyciu energii\u00a0<\/li>\n<li>Po\u0142\u0105czony spadek ci\u015bnienia\u00a0<\/li>\n<li>Zamek mo\u017cna zawsze obs\u0142ugiwa\u0107 za pomoc\u0105 wk\u0142adki\/ga\u0142ki\u00a0<\/li>\n<li>Wielofunkcyjny\u00a0<\/li>\n<li>Funkcja skierowana w prawo\u00a0<\/li>\n<li>Zmienny wyst\u0119p kropli 20 mm lub 14 mm<\/li>\n<li>2 mikroprze\u0142\u0105czniki: Blokada (pozycja drzwi), Ruch prasy\u00a0<\/li>\n<li>G\u0142\u0119boko\u015b\u0107 trzpienia 50 mm\u00a0<\/li>\n<li>Wszystkie kable wyposa\u017cone w z\u0142\u0105cza u\u0142atwiaj\u0105ce instalacj\u0119 za pomoc\u0105 kabla po\u0142\u0105czeniowego EA220\u00a0<\/li>\n<li>W pe\u0142ni przystosowany do standardu wn\u0119kowego ASSA ABLOY<\/li>\n<\/ul>\n<\/div>\n<div><\/div>\n<div><b><\/b><\/div>\n<div><b>Dane techniczne<\/b><\/p>\n<ul>\n<li>Napi\u0119cie robocze: 3,6 VDC (-0%)-24VDC (+15%) Stab<\/li>\n<li>Pob\u00f3r mocy: maks. 350 mA RMS\/100 ms (przy pracy silnika), spoczynek 0,08 mA\u00a0<\/li>\n<li>Mikroprze\u0142\u0105cznik: Prze\u0142\u0105czanie jednobiegunowe Max. 30 V DC, 400 mA<\/li>\n<\/ul>\n<\/div>","protected":false},"excerpt":{"rendered":"<h5><a href=\"https:\/\/elslutblecksguiden.se\/\" target=\"_blank\" rel=\"noopener\">Przewodnik po zamkach elektrycznych ASSA, zamkach silnikowych, blachach zaczepowych i przewodniku wymiany<\/a><\/h5>","protected":false},"featured_media":139964,"template":"","meta":{"_acf_changed":false},"product_brand":[],"product_cat":[2429],"product_tag":[2967],"class_list":{"0":"post-83945","1":"product","2":"type-product","3":"status-publish","4":"has-post-thumbnail","6":"product_cat-ellas","7":"product_tag-rg-assa-abloy","8":"product_shipping_class-tunga-paket","9":"pa_brands-abloy","10":"tm-no-options","12":"first","13":"onbackorder","14":"sale","15":"taxable","16":"shipping-taxable","17":"purchasable","18":"product-type-simple"},"acf":[],"_links":{"self":[{"href":"https:\/\/secureus.se\/pl\/wp-json\/wp\/v2\/product\/83945","targetHints":{"allow":["GET"]}}],"collection":[{"href":"https:\/\/secureus.se\/pl\/wp-json\/wp\/v2\/product"}],"about":[{"href":"https:\/\/secureus.se\/pl\/wp-json\/wp\/v2\/types\/product"}],"wp:featuredmedia":[{"embeddable":true,"href":"https:\/\/secureus.se\/pl\/wp-json\/wp\/v2\/media\/139964"}],"wp:attachment":[{"href":"https:\/\/secureus.se\/pl\/wp-json\/wp\/v2\/media?parent=83945"}],"wp:term":[{"taxonomy":"product_brand","embeddable":true,"href":"https:\/\/secureus.se\/pl\/wp-json\/wp\/v2\/product_brand?post=83945"},{"taxonomy":"product_cat","embeddable":true,"href":"https:\/\/secureus.se\/pl\/wp-json\/wp\/v2\/product_cat?post=83945"},{"taxonomy":"product_tag","embeddable":true,"href":"https:\/\/secureus.se\/pl\/wp-json\/wp\/v2\/product_tag?post=83945"}],"curies":[{"name":"wp","href":"https:\/\/api.w.org\/{rel}","templated":true}]}}