{"id":83949,"date":"2023-09-27T17:58:35","date_gmt":"2023-09-27T15:58:35","guid":{"rendered":"https:\/\/secureus.se\/produkt\/eltryckeslas-820c-50-hi-o-arx-sats\/"},"modified":"2026-04-08T15:59:11","modified_gmt":"2026-04-08T13:59:11","slug":"eltryckeslas-820c-50-hi-o-arx-sats","status":"publish","type":"product","link":"https:\/\/secureus.se\/pl\/eltryckeslas-820c-50-hi-o-arx-sats\/","title":{"rendered":"Elektryczny zamek ci\u015bnieniowy 820C-50 Hi-O ARX Kit"},"content":{"rendered":"<p>ASSA ABLOY 820C-50 Hi-O to elektryczny zamek ci\u015bnieniowy z serii Velox, przystosowany do drzwi o du\u017cej cz\u0119stotliwo\u015bci z modu\u0142em ASSA lub Connecturtag. Nadaje si\u0119 jako zamkni\u0119cie dzienne i wewn\u0119trzne w handlu, biurach i przemy\u015ble lub w wej\u015bciach i obszarach publicznych w budynkach wielorodzinnych. 820C-50 to zamek cyfrowy oparty na technologii magistrali CAN Hi-O. Hi-O oznacza, \u017ce urz\u0105dzenia posiadaj\u0105 wbudowany mikrokomputer i komunikuj\u0105 si\u0119 ze sob\u0105 w celu instalacji typu plug-and-play, synchronizacji pracy drzwi, monitorowania zachowa\u0144 oraz przesy\u0142ania informacji diagnostycznych. Urz\u0105dzenie Hi-O nale\u017cy pod\u0142\u0105czy\u0107 do magistrali Hi-O poprzez DAC 530\/564, alternatywnie do systemu analogowego poprzez I\/O BOX 350. I\/O BOX 350 umo\u017cliwia instalacj\u0119 cyfrowego zamka Hi-O do instalacji sterowanej przeka\u017anikiem analogowym.<\/p>\n<p><b>Pakiet zestawu zawiera:<\/b><\/p>\n<p>Obudowa elektrozamka ci\u015bnieniowego 820C-50, kabel po\u0142\u0105czeniowy EA226 (10 m), magnes do p\u0142yty ko\u0144cowej 1487 i 2 szt. ko\u0142ki dociskowe 520H 43 mm.<\/p>\n<div>\n<b>W\u0142a\u015bciwo\u015bci:<\/b><\/div>\n<div>\n<ul>\n<li>Mo\u017cliwo\u015b\u0107 prze\u0142\u0105czania spadku ci\u015bnienia, funkcja pojedyncza lub dzielona.<\/li>\n<li>R\u0119czna regu\u0142a podbr\u00f3dka<\/li>\n<li>Po\u0142\u0105czony spadek ci\u015bnienia<\/li>\n<li>Zamek mo\u017cna zawsze obs\u0142ugiwa\u0107 za pomoc\u0105 klucza\/pokr\u0119t\u0142a<\/li>\n<li>Dopuszczony do monta\u017cu w komorze ogniowej, limit E\/EI 120<\/li>\n<li>Certyfikowany zgodnie z SSF 3522-1093, klasa 2.<\/li>\n<li>Wielofunkcyjny<\/li>\n<li>\u0141atwa regulacja funkcji jazdy do przodu\/do ty\u0142u<\/li>\n<li>Dwustronny t\u0142ok opadaj\u0105cy do drzwi otwieranych na praw\u0105 lub lew\u0105 stron\u0119<\/li>\n<li>Wielonapi\u0119ciowe 12-24V<\/li>\n<li>Wskazanie stanu dost\u0119pne na magistrali Hi-O i poprzez przeka\u017anik na I\/O BOX 350 (patrz karta produktu)<\/li>\n<\/ul>\n<\/div>\n<div><\/div>\n<div>\n<p><b>Funkcjonowa\u0107:<\/b><\/p>\n<ul>\n<li>Ci\u015bnienie jest aktywowane elektrycznie wewn\u0105trz\/na zewn\u0105trz, alternatywnie sterowane elektrycznie na zewn\u0105trz i mechanicznie pod\u0142\u0105czone wewn\u0105trz, regulowane.<\/li>\n<li>Sterowane elektrycznie na zewn\u0105trz, mechanicznie po\u0142\u0105czone wewn\u0105trz (wrzeciono dzielone)<\/li>\n<li>Sterowane elektrycznie na zewn\u0105trz i wewn\u0105trz (sta\u0142e wrzeciono)<\/li>\n<li>Szyn\u0119 hakow\u0105 mo\u017cna zablokowa\u0107 i wsun\u0105\u0107 r\u0119cznie za pomoc\u0105 cylindra lub pokr\u0119t\u0142a (funkcja prywatno\u015bci).<\/li>\n<\/ul>\n<\/div>","protected":false},"excerpt":{"rendered":"<h5><a href=\"https:\/\/elslutblecksguiden.se\/\" target=\"_blank\" rel=\"noopener\">Przewodnik po zamkach elektrycznych ASSA, zamkach silnikowych, blachach zaczepowych i przewodniku wymiany<\/a><\/h5>","protected":false},"featured_media":140380,"template":"","meta":{"_acf_changed":false},"product_brand":[],"product_cat":[2429],"product_tag":[2967],"class_list":{"0":"post-83949","1":"product","2":"type-product","3":"status-publish","4":"has-post-thumbnail","6":"product_cat-ellas","7":"product_tag-rg-assa-abloy","8":"product_shipping_class-tunga-paket","9":"pa_brands-abloy","10":"tm-no-options","12":"first","13":"onbackorder","14":"sale","15":"taxable","16":"shipping-taxable","17":"purchasable","18":"product-type-simple"},"acf":[],"_links":{"self":[{"href":"https:\/\/secureus.se\/pl\/wp-json\/wp\/v2\/product\/83949","targetHints":{"allow":["GET"]}}],"collection":[{"href":"https:\/\/secureus.se\/pl\/wp-json\/wp\/v2\/product"}],"about":[{"href":"https:\/\/secureus.se\/pl\/wp-json\/wp\/v2\/types\/product"}],"wp:featuredmedia":[{"embeddable":true,"href":"https:\/\/secureus.se\/pl\/wp-json\/wp\/v2\/media\/140380"}],"wp:attachment":[{"href":"https:\/\/secureus.se\/pl\/wp-json\/wp\/v2\/media?parent=83949"}],"wp:term":[{"taxonomy":"product_brand","embeddable":true,"href":"https:\/\/secureus.se\/pl\/wp-json\/wp\/v2\/product_brand?post=83949"},{"taxonomy":"product_cat","embeddable":true,"href":"https:\/\/secureus.se\/pl\/wp-json\/wp\/v2\/product_cat?post=83949"},{"taxonomy":"product_tag","embeddable":true,"href":"https:\/\/secureus.se\/pl\/wp-json\/wp\/v2\/product_tag?post=83949"}],"curies":[{"name":"wp","href":"https:\/\/api.w.org\/{rel}","templated":true}]}}