{"id":83996,"date":"2022-03-10T15:47:00","date_gmt":"2022-03-10T14:47:00","guid":{"rendered":"https:\/\/secureus.se\/produkt\/magnetkontakt-mc340-s32-2-m-infalld-stal\/"},"modified":"2026-04-01T14:36:31","modified_gmt":"2026-04-01T12:36:31","slug":"magnetkontakt-mc340-s32-2-m-infalld-stal","status":"publish","type":"product","link":"https:\/\/secureus.se\/pl\/magnetkontakt-mc340-s32-2-m-infalld-stal\/","title":{"rendered":"Styk magnetyczny MC 340-S32-2 m Wpuszczany (stal)"},"content":{"rendered":"<div>\n<p>MC 340 to uniwersalny czujnik magnetyczny z funkcj\u0105 NC, kt\u00f3ry mo\u017cna zastosowa\u0107 zar\u00f3wno w alarmach, jak i systemach dost\u0119pu do monitorowania m.in. drzwi, bramy i okna przed nieupowa\u017cnionym otwarciem.<\/p>\n<p>Zar\u00f3wno cz\u0119\u015b\u0107 stykowa, jak i magnes znajduj\u0105 si\u0119 w wodoodpornej (IP 67) obudowie z tworzywa sztucznego z ko\u0142nierzami, co umo\u017cliwia \u0142atwy monta\u017c w drewnie bez dodatkowych akcesori\u00f3w.<\/p>\n<p>Zestaw zawiera plastikowy adapter MC 300-S32 z silnym magnesem, co oznacza, \u017ce mo\u017cna go zamontowa\u0107 w stalowych ramach drzwi i okien lub tam, gdzie wymagana jest wi\u0119ksza odleg\u0142o\u015b\u0107 robocza.<\/p>\n<p>Z funkcj\u0105 zatrzasku dla dw\u00f3ch r\u00f3\u017cnych grubo\u015bci materia\u0142u, 1 mm i 1,5 mm. Produkt posiada aprobat\u0119 SBSC zgodnie z MC 340 \/ MK 340.<\/p>\n<\/div>","protected":false},"excerpt":{"rendered":"<p>Produkty z rynku profesjonalnego - Alarmtech - Zawsze niska cena<\/p>","protected":false},"featured_media":145575,"template":"","meta":{"_acf_changed":false},"product_brand":[],"product_cat":[3086],"product_tag":[2465],"class_list":{"0":"post-83996","1":"product","2":"type-product","3":"status-publish","4":"has-post-thumbnail","6":"product_cat-magnetkontakter","7":"product_tag-sbsc-larmklass2","8":"product_shipping_class-postnord-varubrev","9":"pa_brands-alarmtech","10":"tm-no-options","12":"first","13":"instock","14":"sale","15":"featured","16":"taxable","17":"shipping-taxable","18":"purchasable","19":"product-type-simple"},"acf":[],"_links":{"self":[{"href":"https:\/\/secureus.se\/pl\/wp-json\/wp\/v2\/product\/83996","targetHints":{"allow":["GET"]}}],"collection":[{"href":"https:\/\/secureus.se\/pl\/wp-json\/wp\/v2\/product"}],"about":[{"href":"https:\/\/secureus.se\/pl\/wp-json\/wp\/v2\/types\/product"}],"wp:featuredmedia":[{"embeddable":true,"href":"https:\/\/secureus.se\/pl\/wp-json\/wp\/v2\/media\/145575"}],"wp:attachment":[{"href":"https:\/\/secureus.se\/pl\/wp-json\/wp\/v2\/media?parent=83996"}],"wp:term":[{"taxonomy":"product_brand","embeddable":true,"href":"https:\/\/secureus.se\/pl\/wp-json\/wp\/v2\/product_brand?post=83996"},{"taxonomy":"product_cat","embeddable":true,"href":"https:\/\/secureus.se\/pl\/wp-json\/wp\/v2\/product_cat?post=83996"},{"taxonomy":"product_tag","embeddable":true,"href":"https:\/\/secureus.se\/pl\/wp-json\/wp\/v2\/product_tag?post=83996"}],"curies":[{"name":"wp","href":"https:\/\/api.w.org\/{rel}","templated":true}]}}