{"id":83997,"date":"2022-03-10T15:47:00","date_gmt":"2022-03-10T14:47:00","guid":{"rendered":"https:\/\/secureus.se\/produkt\/optex-ir-detektor-cdx-nam-24x2-meter-antimask-sbsc-klass-3\/"},"modified":"2025-12-31T19:48:08","modified_gmt":"2025-12-31T18:48:08","slug":"optex-ir-detektor-cdx-nam-24x2-meter-antimask-sbsc-klass-3","status":"publish","type":"product","link":"https:\/\/secureus.se\/pl\/optex-ir-detektor-cdx-nam-24x2-meter-antimask-sbsc-klass-3\/","title":{"rendered":"Optex CDX-NAM 24\u00d72 Meter Antimask Wersja Pro"},"content":{"rendered":"<h1><strong>Optex CDX-NAM<\/strong> to wysokowydajny detektor podczerwieni z funkcj\u0105 antymaskingu, przeznaczony do u\u017cytku wewn\u0119trznego w wymagaj\u0105cych \u015brodowiskach bezpiecze\u0144stwa.<\/h1>\n<p>Dzi\u0119ki w\u0105skiemu obszarowi detekcji 24\u00d72 metr\u00f3w i zaawansowanej technologii AIR, detektor ten oferuje najwy\u017csz\u0105 precyzj\u0119 i bezpiecze\u0144stwo.<\/p>\n<p>Jest idealny zar\u00f3wno do zastosowa\u0144 komercyjnych, jak i przemys\u0142owych.<\/p>\n<h4>Funkcje i zalety<\/h4>\n<ul>\n<li><strong>Obszar monitoringu o wymiarach 24\u00d72 m<\/strong>: Idealny do w\u0105skich korytarzy i specjalnych przestrzeni, gdzie wymagane jest ukierunkowane monitorowanie.<\/li>\n<li><strong>Technologia antymaskingu<\/strong>: Technologia maskowania aktywnej podczerwieni (AIR), kt\u00f3ra wykrywa pr\u00f3by zablokowania czujnika nawet w trudnych warunkach \u015brodowiskowych.<\/li>\n<li><strong>Cyfrowa logika czterostrefowa<\/strong>: Inteligentna analiza umo\u017cliwiaj\u0105ca rozr\u00f3\u017cnienie ludzi od ma\u0142ych zwierz\u0105t, ograniczaj\u0105ca liczb\u0119 fa\u0142szywych alarm\u00f3w.<\/li>\n<li><strong>Platforma CORE<\/strong>: Nowo opracowany procesor cyfrowy poprawiaj\u0105cy precyzj\u0119 wykrywania.<\/li>\n<li><strong>Ochrona przed zak\u0142\u00f3ceniami<\/strong>: Zaawansowana ochrona przed zak\u0142\u00f3ceniami RFI i \u015bwiat\u0142em widzialnym, zapewniaj\u0105ca niezawodn\u0105 prac\u0119 w r\u00f3\u017cnych \u015brodowiskach.<\/li>\n<li><strong>Elastyczna instalacja<\/strong>: Konfigurowalna wysoko\u015b\u0107 monta\u017cu 1,8\u20132,4 m, z wymiennymi modu\u0142ami u\u0142atwiaj\u0105cymi integracj\u0119 z r\u00f3\u017cnymi systemami bezpiecze\u0144stwa.<\/li>\n<li><strong>Wysoka niezawodno\u015b\u0107<\/strong>: Opracowany tak, aby dzia\u0142a\u0142 stabilnie w ekstremalnych temperaturach i wysokiej wilgotno\u015bci.<\/li>\n<\/ul>\n<h4>Obszary zastosowa\u0144<\/h4>\n<p><strong>Optex CDX-NAM<\/strong> zosta\u0142 zaprojektowany, aby zapewni\u0107 najwy\u017cszy poziom bezpiecze\u0144stwa w r\u00f3\u017cnych \u015brodowiskach:<\/p>\n<ul>\n<li><strong>Nieruchomo\u015bci komercyjne<\/strong>: Chro\u0144 w\u0105skie korytarze i wej\u015bcia w biurach, sklepach i hotelach.<\/li>\n<li><strong>Zastosowania przemys\u0142owe<\/strong>: Stosowany w magazynach i innych obiektach, gdzie wymagane jest ukierunkowane monitorowanie.<\/li>\n<li><strong>Obiekty o wysokim poziomie bezpiecze\u0144stwa<\/strong>: Certyfikat dla klasy alarmowej 3 sprawia, \u017ce nadaje si\u0119 do \u015brodowisk o wysokich wymaganiach bezpiecze\u0144stwa.<\/li>\n<\/ul>\n<h4>Specyfikacja techniczna<\/h4>\n<ul>\n<li><strong>Typ detektora<\/strong>: Pasywna podczerwie\u0144 (PIR)<\/li>\n<li><strong>Orzecznictwo<\/strong>: Klasa alarmowa SBSC 3<\/li>\n<li><strong>Obszar nadzoru<\/strong>: 24\u00d72 m<\/li>\n<li><strong>Wysoko\u015b\u0107 monta\u017cu<\/strong>: 1,8\u20132,4 m<\/li>\n<li><strong>Zasilanie<\/strong>: 9,5\u201318 V pr\u0105du sta\u0142ego<\/li>\n<li><strong>Zu\u017cycie energii<\/strong>: Maks. 20 mA<\/li>\n<li><strong>Zakres temperatur<\/strong>: -10\u00b0C do +50\u00b0C<\/li>\n<li><strong>Wymiary<\/strong>: 140 x 70 x 52,3 mm (wys. x szer. x g\u0142.)<\/li>\n<li><strong>Waga<\/strong>: 180 gr<\/li>\n<li><strong>Ochrona maskuj\u0105ca<\/strong>: Aktywna technologia podczerwieni<\/li>\n<li><strong>Ochrona przed zak\u0142\u00f3ceniami<\/strong>: Odporny na RFI i \u015bwiat\u0142o widzialne<\/li>\n<\/ul>\n<h4>Zalety CDX-NAM<\/h4>\n<ul>\n<li><strong>Technologia wysokiego bezpiecze\u0144stwa<\/strong>: Nadaje si\u0119 do \u015brodowisk o surowych wymaganiach bezpiecze\u0144stwa dzi\u0119ki funkcji antymaskingu.<\/li>\n<li><strong>Niezawodne dzia\u0142anie<\/strong>: Solidna konstrukcja i zaawansowana technologia zapewniaj\u0105 d\u0142ugotrwa\u0142e i niezawodne u\u017cytkowanie.<\/li>\n<li><strong>\u0141atwe dostosowywanie<\/strong>: Elastyczna instalacja z kompatybilno\u015bci\u0105 z r\u00f3\u017cnymi wysoko\u015bciami monta\u017cu i systemami bezpiecze\u0144stwa.<\/li>\n<\/ul>\n<h4>\u0141atwa instalacja i konserwacja<\/h4>\n<p>CDX-NAM zosta\u0142 zaprojektowany z my\u015bl\u0105 o \u0142atwo\u015bci u\u017cytkowania. Oferuje przestronne prowadzenie kabli u\u0142atwiaj\u0105ce instalacj\u0119 i mo\u017cliwo\u015b\u0107 zmiany modu\u0142u g\u0142\u00f3wnego w celu dostosowania do r\u00f3\u017cnych wymaga\u0144 bezpiecze\u0144stwa.<\/p>\n<p>Ponadto urz\u0105dzenie EOL typu Plug-in umo\u017cliwia szybkie pod\u0142\u0105czenie do r\u00f3\u017cnych system\u00f3w bezpiecze\u0144stwa.<\/p>","protected":false},"excerpt":{"rendered":"<p>Detektor podczerwieni Optex CDX-NAM do zastosowa\u0144 wewn\u0119trznych, o zasi\u0119gu 24\u00d72 m, z funkcj\u0105 antymaskingu i certyfikatem SBSC (klasa alarmowa 3).<\/p>\n<p>Bezpieczny i niezawodny.<\/p>","protected":false},"featured_media":145156,"template":"","meta":{"_acf_changed":false},"product_brand":[],"product_cat":[1325],"product_tag":[2145,3067,2418,2466],"class_list":{"0":"post-83997","1":"product","2":"type-product","3":"status-publish","4":"has-post-thumbnail","6":"product_cat-larmgivare-skalskydd","7":"product_tag-rorelsedetektor-ir-detektorer","8":"product_tag-optex-cdx-outlet","9":"product_tag-rel-larmgivare","10":"product_tag-sbsc-larmklass3","11":"product_shipping_class-postnord-varubrev","12":"pa_brands-optex","13":"tm-no-options","15":"first","16":"instock","17":"sale","18":"featured","19":"taxable","20":"shipping-taxable","21":"purchasable","22":"product-type-simple"},"acf":[],"_links":{"self":[{"href":"https:\/\/secureus.se\/pl\/wp-json\/wp\/v2\/product\/83997","targetHints":{"allow":["GET"]}}],"collection":[{"href":"https:\/\/secureus.se\/pl\/wp-json\/wp\/v2\/product"}],"about":[{"href":"https:\/\/secureus.se\/pl\/wp-json\/wp\/v2\/types\/product"}],"wp:featuredmedia":[{"embeddable":true,"href":"https:\/\/secureus.se\/pl\/wp-json\/wp\/v2\/media\/145156"}],"wp:attachment":[{"href":"https:\/\/secureus.se\/pl\/wp-json\/wp\/v2\/media?parent=83997"}],"wp:term":[{"taxonomy":"product_brand","embeddable":true,"href":"https:\/\/secureus.se\/pl\/wp-json\/wp\/v2\/product_brand?post=83997"},{"taxonomy":"product_cat","embeddable":true,"href":"https:\/\/secureus.se\/pl\/wp-json\/wp\/v2\/product_cat?post=83997"},{"taxonomy":"product_tag","embeddable":true,"href":"https:\/\/secureus.se\/pl\/wp-json\/wp\/v2\/product_tag?post=83997"}],"curies":[{"name":"wp","href":"https:\/\/api.w.org\/{rel}","templated":true}]}}