{"id":84578,"date":"2022-11-18T12:56:51","date_gmt":"2022-11-18T11:56:51","guid":{"rendered":"https:\/\/secureus.se\/produkt\/rfid-tag-pvc-kombi-em4200-mifare1k\/"},"modified":"2026-04-02T15:46:18","modified_gmt":"2026-04-02T13:46:18","slug":"rfid-tag-pvc-kombi-em4200-mifare1k","status":"publish","type":"product","link":"https:\/\/secureus.se\/pl\/rfid-tag-pvc-kombi-em4200-mifare1k\/","title":{"rendered":"Tag RFID PVC Combi EM4200\/Mifare1k"},"content":{"rendered":"<p><strong>Tag projektu - Stw\u00f3rz sw\u00f3j niepowtarzalny styl<\/strong><\/p>\n<p>Odkryj nasz najcie\u0144szy znacznik RFID, Design Tag, kt\u00f3ry ma zaledwie 1,5 mm grubo\u015bci. Wykonany jest z materia\u0142u PVC o wysokim po\u0142ysku, kt\u00f3ry zapewnia niezwykle stylowe wyko\u0144czenie i elegancki akcent Twoim aplikacjom.<\/p>\n<p><strong>Utw\u00f3rz sw\u00f3j osobisty profil<\/strong><\/p>\n<p>Design Tagg jest idealnym uzupe\u0142nieniem Twojego codziennego \u017cycia, ale daje tak\u017ce mo\u017cliwo\u015bci sprofilowania Twojej firmy. Dodaj sw\u00f3j numer telefonu, has\u0142o lub promuj wydarzenia specjalne, podaj\u0105c daty i godziny otwarcia. Tylko Twoja wyobra\u017ania wyznacza granice tego, jak mo\u017cesz z niego korzysta\u0107.<\/p>\n<p><strong>Wysokiej jako\u015bci produkcja w stylu kart bankowych:<\/strong><\/p>\n<p>Produkujemy przywieszk\u0119 projektow\u0105 przy u\u017cyciu tej samej technologii, kt\u00f3ra jest u\u017cywana w przypadku kart bankowych i kredytowych. Oznacza to, \u017ce jest wykonany z materia\u0142u PVC i mo\u017cna na nim wydrukowa\u0107 dowolny wybrany wz\u00f3r. Nast\u0119pnie na wydruk nak\u0142adana jest ochronna warstwa tworzywa sztucznego, kt\u00f3ra zapewnia jego jako\u015b\u0107 i funkcjonalno\u015b\u0107.<\/p>\n<p><strong>Czas produkcji: Oko\u0142o 3 tygodni: <\/strong><\/p>\n<p>Nale\u017cy pami\u0119ta\u0107, \u017ce ze wzgl\u0119du na unikalny proces produkcyjny ka\u017cdego klienta, nasz znacznik RFID \u201ePVC \/ Design\u201d nie mo\u017ce zosta\u0107 szybko wys\u0142any. Chcemy zaoferowa\u0107 mo\u017cliwie najlepszy produkt, dlatego wyprodukowanie niestandardowej przywieszki zajmuje oko\u0142o 3 tygodni.<\/p>\n<p><strong>W cenie: Personalizacja i grawer<\/strong><\/p>\n<p>Decyduj\u0105c si\u0119 na Design Tagg, mo\u017cesz liczy\u0107 na pe\u0142ne dostosowanie do swoich potrzeb. Wy\u015blij nam swoje zdj\u0119cie, logo lub tekst, a my stworzymy cyfrow\u0105 pr\u00f3bk\u0119 do Twojej akceptacji. Wygrawerujemy r\u00f3wnie\u017c Twoje numery systemowe system\u00f3w dost\u0119pu, alarm\u00f3w lub numery seryjne ca\u0142kowicie wed\u0142ug Twojego \u017cyczenia - wszystko jest wliczone w cen\u0119.<\/p>\n<p><strong>Wysokiej jako\u015bci oryginalny chip zapewniaj\u0105cy niezawodno\u015b\u0107 i bezpiecze\u0144stwo<\/strong><\/p>\n<p>Aby zapewni\u0107 niezawodno\u015b\u0107 i bezpiecze\u0144stwo, nasz znacznik RFID \u201eDesign \/ PVC\u201d wyposa\u017cony jest w najwy\u017cszej jako\u015bci oryginalny chip. Wybieramy tylko oryginalne \u017cetony uznanych producent\u00f3w, aby spe\u0142nia\u0107 najwy\u017csze standardy. Dzi\u0119ki naszym znacznikom RFID mo\u017cesz mie\u0107 pewno\u015b\u0107, \u017ce otrzymujesz produkt charakteryzuj\u0105cy si\u0119 niezawodno\u015bci\u0105 i wydajno\u015bci\u0105. Zawsze staramy si\u0119 oferowa\u0107 najlepsz\u0105 technologi\u0119 i kompatybilno\u015b\u0107, aby mie\u0107 pewno\u015b\u0107, \u017ce nasze znaczniki RFID dzia\u0142aj\u0105 bezpiecznie i spe\u0142niaj\u0105 Twoje potrzeby w d\u0142u\u017cszej perspektywie.<\/p>","protected":false},"excerpt":{"rendered":"<p>Je\u015bli kupisz wi\u0119cej ni\u017c 500 tag\u00f3w, mo\u017cesz nada\u0107 temu tagowi sw\u00f3j w\u0142asny, niepowtarzalny projekt<\/p>","protected":false},"featured_media":141857,"template":"","meta":{"_acf_changed":false},"product_brand":[],"product_cat":[4786,1324,4534],"product_tag":[2642,2958],"class_list":{"0":"post-84578","1":"product","2":"type-product","3":"status-publish","4":"has-post-thumbnail","6":"product_cat-mifare1kem4200-tagg","7":"product_cat-outlet","8":"product_cat-pvc","9":"product_tag-500-moq-design-pvc","10":"product_tag-stonehouse-produkt","11":"product_shipping_class-postnord-varubrev","12":"pa_brands-stonehouse-security","13":"pa_chip-teknik-kombi-em4200mifare1k","14":"pa_farg-svart","15":"tm-no-options","17":"first","18":"instock","19":"sale","20":"featured","21":"taxable","22":"shipping-taxable","23":"purchasable","24":"product-type-simple"},"acf":[],"_links":{"self":[{"href":"https:\/\/secureus.se\/pl\/wp-json\/wp\/v2\/product\/84578","targetHints":{"allow":["GET"]}}],"collection":[{"href":"https:\/\/secureus.se\/pl\/wp-json\/wp\/v2\/product"}],"about":[{"href":"https:\/\/secureus.se\/pl\/wp-json\/wp\/v2\/types\/product"}],"wp:featuredmedia":[{"embeddable":true,"href":"https:\/\/secureus.se\/pl\/wp-json\/wp\/v2\/media\/141857"}],"wp:attachment":[{"href":"https:\/\/secureus.se\/pl\/wp-json\/wp\/v2\/media?parent=84578"}],"wp:term":[{"taxonomy":"product_brand","embeddable":true,"href":"https:\/\/secureus.se\/pl\/wp-json\/wp\/v2\/product_brand?post=84578"},{"taxonomy":"product_cat","embeddable":true,"href":"https:\/\/secureus.se\/pl\/wp-json\/wp\/v2\/product_cat?post=84578"},{"taxonomy":"product_tag","embeddable":true,"href":"https:\/\/secureus.se\/pl\/wp-json\/wp\/v2\/product_tag?post=84578"}],"curies":[{"name":"wp","href":"https:\/\/api.w.org\/{rel}","templated":true}]}}