{"id":84717,"date":"2023-10-17T14:18:37","date_gmt":"2023-10-17T12:18:37","guid":{"rendered":"https:\/\/secureus.se\/produkt\/stromstallare-trapp\/"},"modified":"2026-04-07T12:54:06","modified_gmt":"2026-04-07T10:54:06","slug":"stromstallare-trapp","status":"publish","type":"product","link":"https:\/\/secureus.se\/pl\/stromstallare-trapp\/","title":{"rendered":"Prze\u0142\u0105cz klatk\u0119 schodow\u0105"},"content":{"rendered":"<p>Prze\u0142\u0105cznik stopniowy Exxact z kwadratowym klawiszem, szybkoz\u0142\u0105czem, do monta\u017cu w obudowie IP20 w puszce aparaturowej c\/c 60mm.<\/p>\n<p>Do monta\u017cu powierzchniowego u\u017cywana jest puszka 21mm.<\/p>\n<p>Prze\u0142\u0105cznik nie posiada zacisk\u00f3w neutralnych.<\/p>\n<p>Forma dostawy: opakowanie zbiorcze po 50 szt.<\/p>\n<p>Bia\u0142y<\/p>","protected":false},"excerpt":{"rendered":"<p>Prze\u0142\u0105cznik stopniowy Exxact z kwadratowym klawiszem, szybkoz\u0142\u0105czem, do monta\u017cu w obudowie IP20 w puszce aparaturowej c\/c 60mm. Do monta\u017cu powierzchniowego u\u017cywana jest puszka 21mm. Prze\u0142\u0105cznik nie posiada zacisk\u00f3w neutralnych. Forma dostawy: opakowanie zbiorcze po 50 szt.<\/p>","protected":false},"featured_media":139313,"template":"","meta":{"_acf_changed":false},"product_brand":[],"product_cat":[4826],"product_tag":[3129],"class_list":{"0":"post-84717","1":"product","2":"type-product","3":"status-publish","4":"has-post-thumbnail","6":"product_cat-exxact","7":"product_tag-stromstallare-utan-logo","8":"product_shipping_class-postnord-varubrev","9":"pa_brands-schneider-electric","10":"tm-no-options","12":"first","13":"instock","14":"sale","15":"featured","16":"taxable","17":"shipping-taxable","18":"purchasable","19":"product-type-simple"},"acf":[],"_links":{"self":[{"href":"https:\/\/secureus.se\/pl\/wp-json\/wp\/v2\/product\/84717","targetHints":{"allow":["GET"]}}],"collection":[{"href":"https:\/\/secureus.se\/pl\/wp-json\/wp\/v2\/product"}],"about":[{"href":"https:\/\/secureus.se\/pl\/wp-json\/wp\/v2\/types\/product"}],"wp:featuredmedia":[{"embeddable":true,"href":"https:\/\/secureus.se\/pl\/wp-json\/wp\/v2\/media\/139313"}],"wp:attachment":[{"href":"https:\/\/secureus.se\/pl\/wp-json\/wp\/v2\/media?parent=84717"}],"wp:term":[{"taxonomy":"product_brand","embeddable":true,"href":"https:\/\/secureus.se\/pl\/wp-json\/wp\/v2\/product_brand?post=84717"},{"taxonomy":"product_cat","embeddable":true,"href":"https:\/\/secureus.se\/pl\/wp-json\/wp\/v2\/product_cat?post=84717"},{"taxonomy":"product_tag","embeddable":true,"href":"https:\/\/secureus.se\/pl\/wp-json\/wp\/v2\/product_tag?post=84717"}],"curies":[{"name":"wp","href":"https:\/\/api.w.org\/{rel}","templated":true}]}}