{"id":84844,"date":"2023-10-23T14:30:19","date_gmt":"2023-10-23T12:30:19","guid":{"rendered":"https:\/\/secureus.se\/produkt\/armbagsbrytare-jck205-plast\/"},"modified":"2026-04-07T12:55:49","modified_gmt":"2026-04-07T10:55:49","slug":"armbagskontakt-jck205-plast","status":"publish","type":"product","link":"https:\/\/secureus.se\/pl\/armbagskontakt-jck205-plast\/","title":{"rendered":"Z\u0142\u0105cze \u0142okciowe \u2013 tworzywo ABS \u2013 JCK205"},"content":{"rendered":"<h1 class=\"product_title entry-title elementor-heading-title elementor-size-default\">Z\u0142\u0105cze \u0142okciowe \u2013 tworzywo ABS \u2013 JCK205<\/h1>\n<p>Solidny model z tworzywa ABS z wypuk\u0142\u0105 p\u0142ytk\u0105 dociskow\u0105 i wyczuwalnymi rowkami w standardzie.<\/p>\n<p>Dzi\u0119ki rowkom osoby niedowidz\u0105ce \u0142atwiej znajd\u0105 miejsce, w kt\u00f3rym nale\u017cy nacisn\u0105\u0107, aby uruchomi\u0107 prze\u0142\u0105cznik \u0142okciowy.<\/p>\n<p>Model ten ma aluminiow\u0105 pokryw\u0119 i ciemnoszare dno.<\/p>\n<p>JCK205 jest dostarczany z 1 mikroprze\u0142\u0105cznikiem o stopniu ochrony IP67, ale mo\u017cna go zam\u00f3wi\u0107 z wi\u0119ksz\u0105 liczb\u0105 element\u00f3w.<\/p>\n<section>\n<h3>Specyfikacja techniczna<\/h3>\n<ul>\n<li>Wyprodukowano w Szwecji.<\/li>\n<li>Materia\u0142: tworzywo ABS nadaj\u0105ce si\u0119 do recyklingu.<\/li>\n<li>Wymiary d\u0142.\/szer.\/wys.: 250x95x25 mm.<\/li>\n<li>Mikroprze\u0142\u0105cznik: Standardowy 1 szt. NIE IP67. Mo\u017cna zam\u00f3wi\u0107 z 2, a tak\u017ce z NO\/NC.<\/li>\n<\/ul>\n<\/section>","protected":false},"excerpt":{"rendered":"<p>\u0141\u0105cznik \u0142okciowy z tworzywa sztucznego z wypuk\u0142\u0105 p\u0142ytk\u0105 dociskow\u0105 i wyczuwalnymi rowkami.<\/p>\n<p>P\u0142yta drukarska w kolorze aluminiowym i ciemnoszara rama.<\/p>","protected":false},"featured_media":139952,"template":"","meta":{"_acf_changed":false},"product_brand":[],"product_cat":[4705,1422],"product_tag":[2989],"class_list":{"0":"post-84844","1":"product","2":"type-product","3":"status-publish","4":"has-post-thumbnail","6":"product_cat-abs-plast","7":"product_cat-armbagskontakter-dorrautomatik","8":"product_tag-egen-logo-ej-taggar-kort","9":"product_shipping_class-postnord-varubrev","10":"pa_brands-jc-kontakter","11":"tm-has-options","13":"first","14":"instock","15":"sale","16":"featured","17":"taxable","18":"shipping-taxable","19":"purchasable","20":"product-type-simple"},"acf":[],"_links":{"self":[{"href":"https:\/\/secureus.se\/pl\/wp-json\/wp\/v2\/product\/84844","targetHints":{"allow":["GET"]}}],"collection":[{"href":"https:\/\/secureus.se\/pl\/wp-json\/wp\/v2\/product"}],"about":[{"href":"https:\/\/secureus.se\/pl\/wp-json\/wp\/v2\/types\/product"}],"wp:featuredmedia":[{"embeddable":true,"href":"https:\/\/secureus.se\/pl\/wp-json\/wp\/v2\/media\/139952"}],"wp:attachment":[{"href":"https:\/\/secureus.se\/pl\/wp-json\/wp\/v2\/media?parent=84844"}],"wp:term":[{"taxonomy":"product_brand","embeddable":true,"href":"https:\/\/secureus.se\/pl\/wp-json\/wp\/v2\/product_brand?post=84844"},{"taxonomy":"product_cat","embeddable":true,"href":"https:\/\/secureus.se\/pl\/wp-json\/wp\/v2\/product_cat?post=84844"},{"taxonomy":"product_tag","embeddable":true,"href":"https:\/\/secureus.se\/pl\/wp-json\/wp\/v2\/product_tag?post=84844"}],"curies":[{"name":"wp","href":"https:\/\/api.w.org\/{rel}","templated":true}]}}