{"id":84853,"date":"2023-03-28T12:52:39","date_gmt":"2023-03-28T10:52:39","guid":{"rendered":"https:\/\/secureus.se\/produkt\/pir-detector-flx-a-am\/"},"modified":"2026-04-01T13:22:54","modified_gmt":"2026-04-01T11:22:54","slug":"optex-flx-a-am-pir-detector","status":"publish","type":"product","link":"https:\/\/secureus.se\/pl\/optex-flx-a-am-pir-detector\/","title":{"rendered":"Optex FLX-A-AM Antimask 15 metr\u00f3w 85 stopni"},"content":{"rendered":"<h1>Optex FLX-A-AM to zaawansowana czujka ruchu zaprojektowana w celu zapewnienia niezawodnego bezpiecze\u0144stwa i wysokiej dok\u0142adno\u015bci wykrywania w \u015brodowiskach komercyjnych i publicznych.<\/h1>\n<p>Ta czujka PIR posiada certyfikat SBSC zgodnie z LK 3, dzi\u0119ki czemu idealnie nadaje si\u0119 do stosowania tam, gdzie wymagane s\u0105 wysokie standardy bezpiecze\u0144stwa. Dzi\u0119ki unikalnej konstrukcji i zaawansowanej technologii FLX-A-AM mo\u017ce skutecznie wykrywa\u0107 ruch zar\u00f3wno w szerokich, jak i w\u0105skich obszarach, zapewniaj\u0105c elastyczno\u015b\u0107 instalacji.<\/p>\n<h3>Elastyczne wykrywanie z regulowanym zakresem<\/h3>\n<p>FLX-A-AM posiada odwracaln\u0105 soczewk\u0119, kt\u00f3ra umo\u017cliwia dostosowanie obszaru detekcji w zale\u017cno\u015bci od \u015brodowiska. Domy\u015blny tryb to 15 x 15 metr\u00f3w dla wykrywania szerokiej wi\u0105zki, co idealnie nadaje si\u0119 do pokrycia du\u017cych otwartych obszar\u00f3w.<\/p>\n<p>W przypadku w\u0119\u017cszych i d\u0142u\u017cszych obszar\u00f3w, takich jak korytarze lub przej\u015bcia, soczewk\u0119 mo\u017cna odwr\u00f3ci\u0107, aby zapewni\u0107 obszar detekcji z d\u0142ug\u0105 wi\u0105zk\u0105 o wymiarach 24 x 2 metry. To sprawia, \u017ce FLX-A-AM jest wszechstronnym wyborem zar\u00f3wno dla budynk\u00f3w mieszkalnych, jak i wi\u0119kszych obiekt\u00f3w komercyjnych.<\/p>\n<h3>Odporno\u015b\u0107 na zwierz\u0119ta<\/h3>\n<p>Jedn\u0105 z najbardziej godnych uwagi cech FLX-A-AM jest odporno\u015b\u0107 na mniejsze zwierz\u0119ta. Dzi\u0119ki temu czujk\u0119 mo\u017cna stosowa\u0107 w domach, w kt\u00f3rych przebywaj\u0105 zwierz\u0119ta, bez obawy o fa\u0142szywe alarmy.<\/p>\n<p>Dzi\u0119ki zaawansowanej technologii i inteligentnemu przetwarzaniu sygna\u0142u FLX-A-AM potrafi skutecznie odr\u00f3\u017cni\u0107 ludzi od ma\u0142ych zwierz\u0105t, zapewniaj\u0105c niezawodn\u0105 ochron\u0119 nie zak\u0142\u00f3caj\u0105c codziennego \u017cycia.<\/p>\n<h3>Ochrona przed maskowaniem i ochrona przed zak\u0142\u00f3ceniami<\/h3>\n<p>FLX-A-AM posiada skuteczn\u0105 ochron\u0119 maskuj\u0105c\u0105, co oznacza, \u017ce jest zabezpieczona przed pr\u00f3bami zas\u0142oni\u0119cia lub ukrycia strefy dozorowej.<\/p>\n<p>Dzi\u0119ki temu jest to bezpieczny wyb\u00f3r do obiekt\u00f3w publicznych lub innych obszar\u00f3w, w kt\u00f3rych wa\u017cne jest zapobieganie manipulacji.<\/p>\n<p>Jest tak\u017ce chroniony przed zak\u0142\u00f3ceniami zewn\u0119trznymi dzi\u0119ki analizie wielowymiarowej (SMDA) i dwuprzewodowemu ekranowaniu, dzi\u0119ki czemu detektor mo\u017ce w dalszym ci\u0105gu zapewnia\u0107 niezawodn\u0105 detekcj\u0119 nawet w trudnych warunkach.<\/p>\n<h3>\u0141atwa instalacja i u\u017cytkowanie<\/h3>\n<p>FLX-A-AM zaprojektowano z my\u015bl\u0105 o \u0142atwej instalacji i pod\u0142\u0105czeniu. Listwy zaciskowe mo\u017cna \u0142atwo wyj\u0105\u0107 z czujki, dzi\u0119ki czemu pod\u0142\u0105czenie kabla jest szybsze i \u0142atwiejsze.<\/p>\n<p>Urz\u0105dzenie mo\u017cna zamontowa\u0107 na wysoko\u015bci od 2 do 3 metr\u00f3w, dzi\u0119ki czemu nadaje si\u0119 zar\u00f3wno do monta\u017cu na \u015bcianie, jak i na suficie. Nowoczesna konstrukcja wykonana z tworzywa akrylonitrylowego zapewnia trwa\u0142\u0105 konstrukcj\u0119, kt\u00f3ra jest odporna na dzia\u0142anie promieni UV i zachowuje sw\u00f3j bia\u0142y kolor nawet przy d\u0142ugotrwa\u0142ym u\u017cytkowaniu.<\/p>\n<h3>Wysoka jako\u015b\u0107 i niezawodno\u015b\u0107<\/h3>\n<p>Optex jest znany ze swoich produkt\u00f3w wysokiej jako\u015bci, a FLX-A-AM nie jest wyj\u0105tkiem. Dzi\u0119ki doskona\u0142ym funkcjom, takim jak regulowana detekcja, odporno\u015b\u0107 na zwierz\u0119ta, antymasking i przeciwdzia\u0142anie zak\u0142\u00f3ceniom, czujka ta zapewnia wysoki poziom bezpiecze\u0144stwa w szerokim zakresie \u015brodowisk.<\/p>\n<p>Jego d\u0142ugoterminowa niezawodno\u015b\u0107 i zaawansowane funkcje technologiczne sprawiaj\u0105, \u017ce jest to doskona\u0142y wyb\u00f3r dla os\u00f3b poszukuj\u0105cych profesjonalnego i niezawodnego rozwi\u0105zania bezpiecze\u0144stwa.<\/p>\n<p><strong>Dane techniczne:<\/strong><\/p>\n<ul>\n<li><strong>Zakres wykrywania:<\/strong> 15 x 15 m (szeroka belka) lub 24 x 2 m (d\u0142uga belka)<\/li>\n<li><strong>Odporno\u015b\u0107 na zwierz\u0119ta:<\/strong> Tak, dla ma\u0142ych zwierz\u0105t<\/li>\n<li><strong>Ochrona maskuj\u0105ca:<\/strong> Tak<\/li>\n<li><strong>Wysoko\u015b\u0107 monta\u017cu:<\/strong> 2\u20133 metry<\/li>\n<li><strong>Zasilanie:<\/strong> 12 V pr\u0105du sta\u0142ego<\/li>\n<li><strong>Zakres temperatur:<\/strong> -10\u00b0C do +40\u00b0C<\/li>\n<li><strong>Ochrona przed zak\u0142\u00f3ceniami:<\/strong> Tak, z SMDA i dwuprzewodowym ekranowaniem<\/li>\n<li><strong>Mierzy\u0107:<\/strong> 92 x 63 x 46 mm<\/li>\n<li><strong>Waga:<\/strong> 110 gr<\/li>\n<\/ul>\n<p><strong>Co zawiera pakiet:<\/strong><\/p>\n<ul>\n<li>Czujka PIR FLX-A-AM<\/li>\n<li>Instrukcja instalacji<\/li>\n<\/ul>","protected":false},"excerpt":{"rendered":"<p>Czujka PIR Optex FLX-A-AM z certyfikatem SBSC do u\u017cytku wewn\u0119trznego z regulowanym zasi\u0119giem detekcji (wi\u0105zka o szeroko\u015bci 15 m lub wi\u0105zka o d\u0142ugo\u015bci 24 m).<\/p>\n<p>Odporny na mniejsze zwierz\u0119ta i odporny na mask\u0119 do u\u017cytku w przestrzeni publicznej.<\/p>","protected":false},"featured_media":140467,"template":"","meta":{"_acf_changed":false},"product_brand":[],"product_cat":[1325],"product_tag":[2989,2145,2466],"class_list":{"0":"post-84853","1":"product","2":"type-product","3":"status-publish","4":"has-post-thumbnail","6":"product_cat-larmgivare-skalskydd","7":"product_tag-egen-logo-ej-taggar-kort","8":"product_tag-rorelsedetektor-ir-detektorer","9":"product_tag-sbsc-larmklass3","10":"product_shipping_class-postnord-varubrev","11":"pa_brands-optex","12":"tm-no-options","14":"first","15":"instock","16":"featured","17":"taxable","18":"shipping-taxable","19":"purchasable","20":"product-type-simple"},"acf":[],"_links":{"self":[{"href":"https:\/\/secureus.se\/pl\/wp-json\/wp\/v2\/product\/84853","targetHints":{"allow":["GET"]}}],"collection":[{"href":"https:\/\/secureus.se\/pl\/wp-json\/wp\/v2\/product"}],"about":[{"href":"https:\/\/secureus.se\/pl\/wp-json\/wp\/v2\/types\/product"}],"wp:featuredmedia":[{"embeddable":true,"href":"https:\/\/secureus.se\/pl\/wp-json\/wp\/v2\/media\/140467"}],"wp:attachment":[{"href":"https:\/\/secureus.se\/pl\/wp-json\/wp\/v2\/media?parent=84853"}],"wp:term":[{"taxonomy":"product_brand","embeddable":true,"href":"https:\/\/secureus.se\/pl\/wp-json\/wp\/v2\/product_brand?post=84853"},{"taxonomy":"product_cat","embeddable":true,"href":"https:\/\/secureus.se\/pl\/wp-json\/wp\/v2\/product_cat?post=84853"},{"taxonomy":"product_tag","embeddable":true,"href":"https:\/\/secureus.se\/pl\/wp-json\/wp\/v2\/product_tag?post=84853"}],"curies":[{"name":"wp","href":"https:\/\/api.w.org\/{rel}","templated":true}]}}