{"id":84855,"date":"2023-03-27T11:43:39","date_gmt":"2023-03-27T09:43:39","guid":{"rendered":"https:\/\/secureus.se\/produkt\/ir-detektor-blueline12m-isc-bpr2-wp12-pet-djur-pir\/"},"modified":"2026-04-01T13:28:45","modified_gmt":"2026-04-01T11:28:45","slug":"ir-detektor-blueline-isc-bpr2-wp12-12m-husdjursimmunitet-pir-bosch","status":"publish","type":"product","link":"https:\/\/secureus.se\/pl\/ir-detektor-blueline-isc-bpr2-wp12-12m-husdjursimmunitet-pir-bosch\/","title":{"rendered":"Bosch Blueline ISC-BPR2-WP12 \u2013 12M Odporno\u015b\u0107 na zwierz\u0119ta 12 metr\u00f3w 90 stopni ze stref\u0105 czo\u0142gania"},"content":{"rendered":"<h1>Bosch Blueline ISC-BPR2-WP12 \u2013 12M Odporno\u015b\u0107 na zwierz\u0119ta 12 metr\u00f3w 90 stopni ze stref\u0105 czo\u0142gania<\/h1>\n<p data-start=\"361\" data-end=\"1207\">Bosch Blueline ISC-BPR2-WP12 to zaawansowany detektor podczerwieni zaprojektowany tak, aby zapewnia\u0107 wysok\u0105 niezawodno\u015b\u0107 i precyzj\u0119 wykrywania, idealny do stosowania zar\u00f3wno w domach, jak i obiektach komercyjnych.<\/p>\n<p data-start=\"361\" data-end=\"1207\">Dzi\u0119ki obszarowi detekcji 12 x 12 metr\u00f3w i regulowanej odporno\u015bci na zwierz\u0119ta do 20 kg, ten detektor jest idealny do miejsc, w kt\u00f3rych obecne s\u0105 zwierz\u0119ta domowe, eliminuj\u0105c ryzyko fa\u0142szywych alarm\u00f3w.<br data-start=\"753\" data-end=\"756\" \/>Detektor wykorzystuje technologi\u0119 First Step Processing (FSP) umo\u017cliwiaj\u0105c\u0105 szybk\u0105 i dok\u0142adn\u0105 detekcj\u0119, a tak\u017ce dynamiczn\u0105 kompensacj\u0119 temperatury w celu zagwarantowania niezawodno\u015bci przy r\u00f3\u017cnych temperaturach.<br data-start=\"943\" data-end=\"946\" \/>Dzi\u0119ki elastycznej metodzie monta\u017cu, kt\u00f3ra nie wymaga regulacji wysoko\u015bci, oraz dwucz\u0119\u015bciowej, samoblokuj\u0105cej si\u0119 obudowie, ISC-BPR2-WP12 oferuje \u0142atw\u0105 instalacj\u0119 i konserwacj\u0119.<\/p>\n<p data-start=\"361\" data-end=\"1207\">Urz\u0105dzenie posiada certyfikat SBSC dla alarmu klasy 2 i idealnie nadaje si\u0119 zar\u00f3wno do zastosowa\u0144 prywatnych, jak i komercyjnych.<\/p>\n<p data-start=\"1209\" data-end=\"1239\"><strong data-start=\"1209\" data-end=\"1237\">Funkcje i zalety:<\/strong><\/p>\n<ul data-start=\"1240\" data-end=\"1608\">\n<li data-start=\"1240\" data-end=\"1270\">\n<p data-start=\"1242\" data-end=\"1270\">Obszar pokrycia: 12 x 12 m<\/p>\n<\/li>\n<li data-start=\"1271\" data-end=\"1314\">\n<p data-start=\"1273\" data-end=\"1314\">Mo\u017cliwo\u015b\u0107 wyboru odporno\u015bci na zwierz\u0119ta do 20 kg<\/p>\n<\/li>\n<li data-start=\"1315\" data-end=\"1388\">\n<p data-start=\"1317\" data-end=\"1388\">Technologia First Step Processing (FSP) zapewniaj\u0105ca szybkie i dok\u0142adne wykrywanie<\/p>\n<\/li>\n<li data-start=\"1389\" data-end=\"1463\">\n<p data-start=\"1391\" data-end=\"1463\">Dynamiczna kompensacja temperatury zapewniaj\u0105ca niezawodno\u015b\u0107 przy zmiennych temperaturach<\/p>\n<\/li>\n<li data-start=\"1464\" data-end=\"1520\">\n<p data-start=\"1466\" data-end=\"1520\">\u0141atwa i elastyczna instalacja bez konieczno\u015bci regulacji wysoko\u015bci<\/p>\n<\/li>\n<li data-start=\"1521\" data-end=\"1577\">\n<p data-start=\"1523\" data-end=\"1577\">Dwucz\u0119\u015bciowa, samoblokuj\u0105ca si\u0119 obudowa u\u0142atwiaj\u0105ca konserwacj\u0119<\/p>\n<\/li>\n<li data-start=\"1578\" data-end=\"1608\">\n<p data-start=\"1580\" data-end=\"1608\">Alarm certyfikowany przez SBSC klasy 2<\/p>\n<\/li>\n<\/ul>\n<p data-start=\"1610\" data-end=\"1641\"><strong data-start=\"1610\" data-end=\"1639\">Dane techniczne:<\/strong><\/p>\n<ul data-start=\"1642\" data-end=\"1873\">\n<li data-start=\"1642\" data-end=\"1682\">\n<p data-start=\"1644\" data-end=\"1682\">Metoda raportowania: Pasywna podczerwie\u0144<\/p>\n<\/li>\n<li data-start=\"1683\" data-end=\"1710\">\n<p data-start=\"1685\" data-end=\"1710\">Zasi\u0119g wykrywania: 94\u00b0<\/p>\n<\/li>\n<li data-start=\"1711\" data-end=\"1738\">\n<p data-start=\"1713\" data-end=\"1738\">Napi\u0119cie robocze: 9 \u2013 15 V<\/p>\n<\/li>\n<li data-start=\"1739\" data-end=\"1760\">\n<p data-start=\"1741\" data-end=\"1760\">Pr\u0105d roboczy: 10 mA<\/p>\n<\/li>\n<li data-start=\"1761\" data-end=\"1805\">\n<p data-start=\"1763\" data-end=\"1805\">Wymiary: 61 mm (szer.) x 44 mm (g\u0142.) x 105 mm (wys.)<\/p>\n<\/li>\n<li data-start=\"1806\" data-end=\"1841\">\n<p data-start=\"1808\" data-end=\"1841\">Spos\u00f3b monta\u017cu: Monta\u017c na powierzchni<\/p>\n<\/li>\n<li data-start=\"1842\" data-end=\"1873\">\n<p data-start=\"1844\" data-end=\"1873\">Klasa alarmu: Klasa alarmu SBSC 2<\/p>\n<\/li>\n<\/ul>\n<p data-start=\"1875\" data-end=\"1900\"><strong data-start=\"1875\" data-end=\"1898\">Obszary zastosowania:<\/strong><\/p>\n<ul data-start=\"1901\" data-end=\"1990\">\n<li data-start=\"1901\" data-end=\"1943\">\n<p data-start=\"1903\" data-end=\"1943\">Domy, biura i budynki komercyjne<\/p>\n<\/li>\n<li data-start=\"1944\" data-end=\"1990\">\n<p data-start=\"1946\" data-end=\"1990\">\u015arodowiska ze zwierz\u0119tami domowymi, bez ryzyka fa\u0142szywych alarm\u00f3w<\/p>\n<\/li>\n<\/ul>","protected":false},"excerpt":{"rendered":"<p>Detektor podczerwieni o zasi\u0119gu 12 x 12 m i regulowan\u0105 odporno\u015bci\u0105 na zwierz\u0119ta do 20 kg.<\/p>\n<p>Idealne do dom\u00f3w i obiekt\u00f3w komercyjnych, z technologi\u0105 First Step Processing umo\u017cliwiaj\u0105c\u0105 dok\u0142adne wykrywanie.<\/p>","protected":false},"featured_media":141456,"template":"","meta":{"_acf_changed":false},"product_brand":[],"product_cat":[1325],"product_tag":[2145,2418,2465],"class_list":{"0":"post-84855","1":"product","2":"type-product","3":"status-publish","4":"has-post-thumbnail","6":"product_cat-larmgivare-skalskydd","7":"product_tag-rorelsedetektor-ir-detektorer","8":"product_tag-rel-larmgivare","9":"product_tag-sbsc-larmklass2","10":"product_shipping_class-postnord-varubrev","11":"pa_brands-bosch","12":"tm-no-options","14":"first","15":"instock","16":"sale","17":"featured","18":"taxable","19":"shipping-taxable","20":"purchasable","21":"product-type-simple"},"acf":[],"_links":{"self":[{"href":"https:\/\/secureus.se\/pl\/wp-json\/wp\/v2\/product\/84855","targetHints":{"allow":["GET"]}}],"collection":[{"href":"https:\/\/secureus.se\/pl\/wp-json\/wp\/v2\/product"}],"about":[{"href":"https:\/\/secureus.se\/pl\/wp-json\/wp\/v2\/types\/product"}],"wp:featuredmedia":[{"embeddable":true,"href":"https:\/\/secureus.se\/pl\/wp-json\/wp\/v2\/media\/141456"}],"wp:attachment":[{"href":"https:\/\/secureus.se\/pl\/wp-json\/wp\/v2\/media?parent=84855"}],"wp:term":[{"taxonomy":"product_brand","embeddable":true,"href":"https:\/\/secureus.se\/pl\/wp-json\/wp\/v2\/product_brand?post=84855"},{"taxonomy":"product_cat","embeddable":true,"href":"https:\/\/secureus.se\/pl\/wp-json\/wp\/v2\/product_cat?post=84855"},{"taxonomy":"product_tag","embeddable":true,"href":"https:\/\/secureus.se\/pl\/wp-json\/wp\/v2\/product_tag?post=84855"}],"curies":[{"name":"wp","href":"https:\/\/api.w.org\/{rel}","templated":true}]}}