{"id":84858,"date":"2023-02-20T14:25:13","date_gmt":"2023-02-20T13:25:13","guid":{"rendered":"https:\/\/secureus.se\/produkt\/flx-s-dt-flipx-standard-indoor-pir-with-dual-technology\/"},"modified":"2026-03-10T12:32:46","modified_gmt":"2026-03-10T11:32:46","slug":"optex-flx-s-dt-flipx-standard-indoor-pir","status":"publish","type":"product","link":"https:\/\/secureus.se\/pl\/optex-flx-s-dt-flipx-standard-indoor-pir\/","title":{"rendered":"Optex FLX-S-DT FlipX Detektor kombinowany PIR+Mikrofale 15m 85 stopni lub wi\u0105zka o d\u0142ugo\u015bci 24 metr\u00f3w"},"content":{"rendered":"<h1>Optex FLX-S-DT jest cz\u0119\u015bci\u0105 nowej serii FlipX Standard, znanej z innowacyjnych czujnik\u00f3w oferuj\u0105cych po\u0142\u0105czenie technologii PIR (pasywnej podczerwieni) i mikrofalowej.<\/h1>\n<p>Ta podw\u00f3jna technologia poprawia dok\u0142adno\u015b\u0107 i niezawodno\u015b\u0107 wykrywania, dzi\u0119ki czemu idealnie nadaje si\u0119 do stosowania w trudnych warunkach wewn\u0119trznych, gdzie zak\u0142\u00f3cenia i zmiany temperatury mog\u0105 mie\u0107 wp\u0142yw na tradycyjn\u0105 technologi\u0119 PIR.<\/p>\n<p>Detektor wyposa\u017cony jest w obrotow\u0105 soczewk\u0119, kt\u00f3ra zapewnia du\u017c\u0105 elastyczno\u015b\u0107, umo\u017cliwiaj\u0105c dostosowanie obszaru detekcji od szerszego k\u0105ta widzenia wynosz\u0105cego 12 metr\u00f3w i 85 stopni, do w\u0119\u017cszej i bardziej skupionej detekcji do 18 metr\u00f3w.<\/p>\n<p>Ta mo\u017cliwo\u015b\u0107 regulacji pozwala FLX-S-DT zaspokoi\u0107 r\u00f3\u017cne potrzeby instalacyjne, zar\u00f3wno w du\u017cych pomieszczeniach, jak i w\u0105skich korytarzach.<\/p>\n<p>Dzi\u0119ki nowemu elementowi piroelektrycznemu w FLX-S-DT uzyskujesz doskona\u0142\u0105 tolerancj\u0119 na zwierz\u0119ta i lepsz\u0105 skuteczno\u015b\u0107 chwytania ludzi, dzi\u0119ki czemu \u0142atwiej jest ignorowa\u0107 ruchy mniejszych zwierz\u0105t bez uszczerbku dla bezpiecze\u0144stwa.<\/p>\n<p>Dzi\u0119ki temu czujnik jest szczeg\u00f3lnie przydatny w gospodarstwach domowych, w kt\u00f3rych znajduj\u0105 si\u0119 zwierz\u0119ta domowe, gdzie fa\u0142szywe alarmy mog\u0105 stanowi\u0107 problem w przypadku tradycyjnych czujek.<\/p>\n<p>Optex FLX-S-DT zosta\u0142 r\u00f3wnie\u017c zaprojektowany z zaawansowan\u0105 funkcj\u0105 przeciwzak\u0142\u00f3ceniow\u0105 i ulepszonym wska\u017anikiem LED, kt\u00f3ry u\u0142atwia u\u017cytkownikowi sprawdzenie stanu urz\u0105dzenia nawet z du\u017cej odleg\u0142o\u015bci.<\/p>\n<p>Wykorzystuje tak\u017ce opatentowany algorytm SMDA, kt\u00f3ry pomaga czujnikowi zrozumie\u0107 i przeanalizowa\u0107 zmiany otoczenia oraz skutecznie eliminowa\u0107 przyczyny fa\u0142szywych alarm\u00f3w, takie jak odbicia \u015bwiat\u0142a czy cienie.<\/p>\n<p>Instalacja FLX-S-DT jest prosta i szybka, a czujk\u0119 mo\u017cna zamontowa\u0107 na \u015bcianie lub suficie w zale\u017cno\u015bci od potrzeb.<\/p>\n<p>Dzi\u0119ki solidnej konstrukcji i mo\u017cliwo\u015bci dostosowania detekcji do r\u00f3\u017cnych \u015brodowisk i specyficznych potrzeb u\u017cytkownika, ten czujnik PIR jest idealny zar\u00f3wno do dom\u00f3w prywatnych, jak i ma\u0142ych obiekt\u00f3w komercyjnych.<\/p>\n<p>Ma r\u00f3wnie\u017c d\u0142ug\u0105 \u017cywotno\u015b\u0107 i mo\u017cna go instalowa\u0107 na wysoko\u015bci od 2 do 3 metr\u00f3w, co czyni go elastycznym rozwi\u0105zaniem spe\u0142niaj\u0105cym r\u00f3\u017cnorodne potrzeby w zakresie bezpiecze\u0144stwa.<\/p>\n<p><strong>Dane techniczne:<\/strong><\/p>\n<ul>\n<li><strong>Technologia wykrywania:<\/strong> Detekcja PIR i mikrofalowa (Dual-Tech)<\/li>\n<li><strong>Zakres wykrywania:<\/strong> Do 12 metr\u00f3w szeroko\u015bci i 18 metr\u00f3w szeroko\u015bci<\/li>\n<li><strong>Obrotowy obiektyw:<\/strong> Tak, do regulacji zasi\u0119gu detekcji<\/li>\n<li><strong>Tolerancja dla zwierz\u0105t:<\/strong> Tak, z ulepszonym elementem piroelektrycznym<\/li>\n<li><strong>Wysoko\u015b\u0107 monta\u017cu:<\/strong> 2\u20133 metry<\/li>\n<li><strong>Cechy:<\/strong> Algorytm SMDA minimalizuj\u0105cy fa\u0142szywe alarmy, system przeciwzak\u0142\u00f3ceniowy, wska\u017anik stanu LED<\/li>\n<li><strong>Zasilanie:<\/strong> 12 V pr\u0105du sta\u0142ego<\/li>\n<li><strong>Zakres temperatur:<\/strong> -20\u00b0C do +50\u00b0C<\/li>\n<\/ul>","protected":false},"excerpt":{"rendered":"<p>Optex FLX-S-DT to zaawansowana czujka PIR wykorzystuj\u0105ca dualne technologie (PIR + detekcja mikrofalowa) do zastosowa\u0144 wewn\u0119trznych.<\/p>\n<p>Wyposa\u017cona w obrotow\u0105 soczewk\u0119, kt\u00f3ra umo\u017cliwia \u0142atw\u0105 regulacj\u0119 obszaru detekcji, czujka jest idealnym wyborem zar\u00f3wno do instalacji domowych, jak i ma\u0142ych obiekt\u00f3w komercyjnych.<\/p>","protected":false},"featured_media":138481,"template":"","meta":{"_acf_changed":false},"product_brand":[],"product_cat":[1325],"product_tag":[2989,2145,2465],"class_list":{"0":"post-84858","1":"product","2":"type-product","3":"status-publish","4":"has-post-thumbnail","6":"product_cat-larmgivare-skalskydd","7":"product_tag-egen-logo-ej-taggar-kort","8":"product_tag-rorelsedetektor-ir-detektorer","9":"product_tag-sbsc-larmklass2","10":"product_shipping_class-postnord-varubrev","11":"pa_brands-optex","12":"tm-no-options","14":"first","15":"instock","16":"featured","17":"taxable","18":"shipping-taxable","19":"purchasable","20":"product-type-simple"},"acf":[],"_links":{"self":[{"href":"https:\/\/secureus.se\/pl\/wp-json\/wp\/v2\/product\/84858","targetHints":{"allow":["GET"]}}],"collection":[{"href":"https:\/\/secureus.se\/pl\/wp-json\/wp\/v2\/product"}],"about":[{"href":"https:\/\/secureus.se\/pl\/wp-json\/wp\/v2\/types\/product"}],"wp:featuredmedia":[{"embeddable":true,"href":"https:\/\/secureus.se\/pl\/wp-json\/wp\/v2\/media\/138481"}],"wp:attachment":[{"href":"https:\/\/secureus.se\/pl\/wp-json\/wp\/v2\/media?parent=84858"}],"wp:term":[{"taxonomy":"product_brand","embeddable":true,"href":"https:\/\/secureus.se\/pl\/wp-json\/wp\/v2\/product_brand?post=84858"},{"taxonomy":"product_cat","embeddable":true,"href":"https:\/\/secureus.se\/pl\/wp-json\/wp\/v2\/product_cat?post=84858"},{"taxonomy":"product_tag","embeddable":true,"href":"https:\/\/secureus.se\/pl\/wp-json\/wp\/v2\/product_tag?post=84858"}],"curies":[{"name":"wp","href":"https:\/\/api.w.org\/{rel}","templated":true}]}}