{"id":84860,"date":"2023-01-04T17:29:24","date_gmt":"2023-01-04T16:29:24","guid":{"rendered":"https:\/\/secureus.se\/produkt\/optex-pir-mw-cdx-dam-kombi-15x15-meter-antimask-sbsc-klass-3\/"},"modified":"2026-04-01T13:25:55","modified_gmt":"2026-04-01T11:25:55","slug":"optex-cdx-dam-pir-mikrovagsdetektor","status":"publish","type":"product","link":"https:\/\/secureus.se\/pl\/optex-cdx-dam-pir-mikrovagsdetektor\/","title":{"rendered":"Optex CDX-DAM-X5 PIR\/Mikrofalowy detektor 15 metr\u00f3w Antymasking"},"content":{"rendered":"<h1>Czujka PIR\/mikrofalowa Optex CDX-DAM to najwy\u017cszej klasy rozwi\u0105zanie zabezpieczaj\u0105ce przeznaczone do zastosowa\u0144, w kt\u00f3rych istotna jest wysoka niezawodno\u015b\u0107.<\/h1>\n<p>\u0141\u0105czy technologi\u0119 pasywnej podczerwieni (PIR) i mikrofal, aby zapewni\u0107 dok\u0142adne i szybkie wykrywanie ruchu.<\/p>\n<p>Jedn\u0105 z najbardziej wyr\u00f3\u017cniaj\u0105cych si\u0119 funkcji jest aktywny antymasking IR, kt\u00f3ry chroni czujk\u0119 przed pr\u00f3bami maskowania lub manipulowania sygna\u0142ami, co czyni j\u0105 idealnym wyborem dla obiekt\u00f3w o wysokim poziomie bezpiecze\u0144stwa.<\/p>\n<p>Dzi\u0119ki obszarowi detekcji do 15 x 15 metr\u00f3w dla szerokiej wi\u0105zki i 24 x 2 metry dla d\u0142ugiej wi\u0105zki pokrywa du\u017cy obszar.<\/p>\n<p>Dzi\u0119ki obrotowej soczewce obszar detekcji mo\u017cna dostosowa\u0107 do r\u00f3\u017cnych potrzeb instalacyjnych. Podczas korzystania z funkcji d\u0142ugiej wi\u0105zki element mikrofalowy jest od\u0142\u0105czany, aby zmaksymalizowa\u0107 dok\u0142adno\u015b\u0107.<\/p>\n<p>CDX-DAM jest r\u00f3wnie\u017c wyposa\u017cony w ekran podw\u00f3jnie przewodz\u0105cy, kt\u00f3ry chroni przed zak\u0142\u00f3ceniami powodowanymi przez silne \u015bwiat\u0142o lub zak\u0142\u00f3cenia RF, zapewniaj\u0105c stabiln\u0105 i niezawodn\u0105 detekcj\u0119 w ca\u0142ym obszarze monitoringu.<\/p>\n<p>Jest tak\u017ce wyposa\u017cony w nowo opracowany cyfrowy procesor sygna\u0142owy, dzi\u0119ki kt\u00f3remu wykrywanie i analiza s\u0105 dok\u0142adniejsze.<\/p>\n<p>Do instalacji mo\u017cna zastosowa\u0107 rezystory EOL (ang. End of Line), umo\u017cliwiaj\u0105ce \u0142atwe pod\u0142\u0105czenie czujki do r\u00f3\u017cnych system\u00f3w alarmowych.<\/p>\n<p>Czujka jest r\u00f3wnie\u017c wyposa\u017cona w wyj\u015bcie sabota\u017cowe i mo\u017ce szybko zidentyfikowa\u0107, czy kto\u015b pr\u00f3buje manipulowa\u0107 przy urz\u0105dzeniu.<\/p>\n<p>Wykonanie z tworzywa akrylonitrylowego sprawia, \u017ce jest ono odporne na promieniowanie UV, dzi\u0119ki czemu detektor pozostaje bia\u0142y i dobrze wygl\u0105da przez d\u0142ugi czas.<\/p>\n<p><strong>Dane techniczne:<\/strong><\/p>\n<ul>\n<li><strong>Zakres wykrywania:<\/strong> Belka szeroka 15 x 15 m, belka d\u0142uga 24 x 2 m<\/li>\n<li><strong>Technologia wykrywania:<\/strong> PIR i kuchenka mikrofalowa<\/li>\n<li><strong>Zakres temperatur:<\/strong> -10\u00b0C do +50\u00b0C<\/li>\n<li><strong>Zasilanie:<\/strong> 9\u201318 V pr\u0105du sta\u0142ego<\/li>\n<li><strong>Pob\u00f3r mocy:<\/strong> 19-26mA<\/li>\n<li><strong>Wyj\u015bcie alarmowe:<\/strong> NC 28 V DC 0,2 A maks<\/li>\n<li><strong>Wyj\u015bcie sabota\u017cu:<\/strong> NC 28 V DC 0,1 A maks<\/li>\n<li><strong>Klasa ochrony:<\/strong> IP30<\/li>\n<li><strong>Mierzy\u0107:<\/strong> 140 x 70 x 52,3 mm<\/li>\n<li><strong>Waga:<\/strong> 180 gr<\/li>\n<li><strong>Montowanie:<\/strong> Monta\u017c na \u015bcianie lub suficie, wysoko\u015b\u0107 2-3 m<\/li>\n<\/ul>","protected":false},"excerpt":{"rendered":"<p>Optex CDX-DAM to zaawansowana czujka PIR\/mikrofalowa z aktywnym antymaskingiem IR, zaprojektowana do \u015brodowisk o wysokim poziomie bezpiecze\u0144stwa i zatwierdzona zgodnie z klas\u0105 alarmow\u0105 SBSC 3.<\/p>\n<p>Oferuje elastyczn\u0105 detekcj\u0119 z regulowanym zasi\u0119giem i \u0142\u0105czy technologi\u0119 PIR i mikrofalow\u0105, aby zminimalizowa\u0107 fa\u0142szywe alarmy.<\/p>","protected":false},"featured_media":141281,"template":"","meta":{"_acf_changed":false},"product_brand":[],"product_cat":[1325],"product_tag":[2146,3067],"class_list":{"0":"post-84860","1":"product","2":"type-product","3":"status-publish","4":"has-post-thumbnail","6":"product_cat-larmgivare-skalskydd","7":"product_tag-rorelsedetektor-kombidetektorer","8":"product_tag-optex-cdx-outlet","9":"product_shipping_class-postnord-varubrev","10":"pa_brands-optex","11":"tm-no-options","13":"first","14":"instock","15":"sale","16":"featured","17":"taxable","18":"shipping-taxable","19":"purchasable","20":"product-type-simple"},"acf":[],"_links":{"self":[{"href":"https:\/\/secureus.se\/pl\/wp-json\/wp\/v2\/product\/84860","targetHints":{"allow":["GET"]}}],"collection":[{"href":"https:\/\/secureus.se\/pl\/wp-json\/wp\/v2\/product"}],"about":[{"href":"https:\/\/secureus.se\/pl\/wp-json\/wp\/v2\/types\/product"}],"wp:featuredmedia":[{"embeddable":true,"href":"https:\/\/secureus.se\/pl\/wp-json\/wp\/v2\/media\/141281"}],"wp:attachment":[{"href":"https:\/\/secureus.se\/pl\/wp-json\/wp\/v2\/media?parent=84860"}],"wp:term":[{"taxonomy":"product_brand","embeddable":true,"href":"https:\/\/secureus.se\/pl\/wp-json\/wp\/v2\/product_brand?post=84860"},{"taxonomy":"product_cat","embeddable":true,"href":"https:\/\/secureus.se\/pl\/wp-json\/wp\/v2\/product_cat?post=84860"},{"taxonomy":"product_tag","embeddable":true,"href":"https:\/\/secureus.se\/pl\/wp-json\/wp\/v2\/product_tag?post=84860"}],"curies":[{"name":"wp","href":"https:\/\/api.w.org\/{rel}","templated":true}]}}