{"id":85031,"date":"2022-06-28T13:05:08","date_gmt":"2022-06-28T11:05:08","guid":{"rendered":"https:\/\/secureus.se\/produkt\/glaskrossdetektor-gd-330-6\/"},"modified":"2026-04-23T11:18:43","modified_gmt":"2026-04-23T09:18:43","slug":"glaskrossdetektor-gd-330-6","status":"publish","type":"product","link":"https:\/\/secureus.se\/pl\/glaskrossdetektor-gd-330-6\/","title":{"rendered":"Detektor st\u0142uczenia szk\u0142a Gd 330-6"},"content":{"rendered":"<p>Detektor zbicia szyby z wyj\u015bciem przeka\u017anikowym. Okr\u0105g\u0142y, dlatego nigdy nie mo\u017ce le\u017ce\u0107 krzywo. Detektor jest przyklejony do szklanej cz\u0119\u015bci. Aby zapewni\u0107 szybk\u0105 i \u0142atw\u0105 instalacj\u0119, w zestawie znajduje si\u0119 szablon, \u0142opatka i odci\u0105\u017cenie kabla. Bia\u0142y. Nie nadaje si\u0119 do szk\u0142a laminowanego. Kabel o d\u0142ugo\u015bci 6 m.<\/p>","protected":false},"excerpt":{"rendered":"<p>Detektor zbicia szyby z wyj\u015bciem przeka\u017anikowym. Okr\u0105g\u0142y, dlatego nigdy nie mo\u017ce le\u017ce\u0107 krzywo. Detektor jest przyklejony do szklanej cz\u0119\u015bci. Aby zapewni\u0107 szybk\u0105 i \u0142atw\u0105 instalacj\u0119, w zestawie znajduje si\u0119 szablon, \u0142opatka i odci\u0105\u017cenie kabla. Bia\u0142y. Nie nadaje si\u0119 do laminowania<\/p>","protected":false},"featured_media":143207,"template":"","meta":{"_acf_changed":false},"product_brand":[],"product_cat":[3085],"product_tag":[2283,2418],"class_list":{"0":"post-85031","1":"product","2":"type-product","3":"status-publish","4":"has-post-thumbnail","6":"product_cat-vibationsdetektorer-glaskrossdetektorer","7":"product_tag-glaskross-limmad-4-trad","8":"product_tag-rel-larmgivare","9":"product_shipping_class-postnord-varubrev","10":"pa_brands-alarmtech","11":"pa_farg-vit","12":"tm-no-options","14":"first","15":"instock","16":"sale","17":"featured","18":"taxable","19":"shipping-taxable","20":"purchasable","21":"product-type-simple"},"acf":[],"_links":{"self":[{"href":"https:\/\/secureus.se\/pl\/wp-json\/wp\/v2\/product\/85031","targetHints":{"allow":["GET"]}}],"collection":[{"href":"https:\/\/secureus.se\/pl\/wp-json\/wp\/v2\/product"}],"about":[{"href":"https:\/\/secureus.se\/pl\/wp-json\/wp\/v2\/types\/product"}],"wp:featuredmedia":[{"embeddable":true,"href":"https:\/\/secureus.se\/pl\/wp-json\/wp\/v2\/media\/143207"}],"wp:attachment":[{"href":"https:\/\/secureus.se\/pl\/wp-json\/wp\/v2\/media?parent=85031"}],"wp:term":[{"taxonomy":"product_brand","embeddable":true,"href":"https:\/\/secureus.se\/pl\/wp-json\/wp\/v2\/product_brand?post=85031"},{"taxonomy":"product_cat","embeddable":true,"href":"https:\/\/secureus.se\/pl\/wp-json\/wp\/v2\/product_cat?post=85031"},{"taxonomy":"product_tag","embeddable":true,"href":"https:\/\/secureus.se\/pl\/wp-json\/wp\/v2\/product_tag?post=85031"}],"curies":[{"name":"wp","href":"https:\/\/api.w.org\/{rel}","templated":true}]}}