{"id":85059,"date":"2022-06-28T13:04:46","date_gmt":"2022-06-28T11:04:46","guid":{"rendered":"https:\/\/secureus.se\/produkt\/akustisk-glaskrossdet-ad800\/"},"modified":"2026-04-08T16:37:02","modified_gmt":"2026-04-08T14:37:02","slug":"akustisk-glaskrossdet-ad800","status":"publish","type":"product","link":"https:\/\/secureus.se\/pl\/akustisk-glaskrossdet-ad800\/","title":{"rendered":"Akustyczny t\u0142uczek do szk\u0142a. Ad800"},"content":{"rendered":"<p>Akustyczny czujnik st\u0142uczenia szyby przeznaczony do wykrywania pr\u00f3b st\u0142uczenia okna lub jego fragmentu szyby. Czujka posiada cyfrow\u0105 kompensacj\u0119 pomieszczenia (DRC), co oznacza, \u017ce potrafi odr\u00f3\u017cni\u0107 st\u0142uczone szk\u0142o od wi\u0119kszo\u015bci innych zak\u0142\u00f3caj\u0105cych sygna\u0142\u00f3w. Wysoka odporno\u015b\u0107 na nieuzasadnione alarmy. Obszar monitorowania wynosi 165\u00b0, co oznacza, \u017ce jedna czujka mo\u017ce monitorowa\u0107 kilka okien w pomieszczeniu. Testowane dla r\u00f3\u017cnych rodzaj\u00f3w szk\u0142a, w tym szk\u0142a laminowanego. Zach\u0119camy do wykorzystania jednostki testowej ADT700 jako pomocy podczas instalacji i serwisowania czujki.<\/p>","protected":false},"excerpt":{"rendered":"<p>Akustisk glaskrossdetektor f\u00f6r detektering av f\u00f6rs\u00f6k att krossa ett f\u00f6nster eller glasparti. Detektorn har Digital Room Compensation (DRC) vilket medf\u00f6r att den kan urskilja glaskross fr\u00e5n flertalet andra st\u00f6rande signaler.<\/p>","protected":false},"featured_media":142916,"template":"","meta":{"_acf_changed":false},"product_brand":[],"product_cat":[3085],"product_tag":[2279,2418],"class_list":{"0":"post-85059","1":"product","2":"type-product","3":"status-publish","4":"has-post-thumbnail","6":"product_cat-vibationsdetektorer-glaskrossdetektorer","7":"product_tag-glaskross-akustisk","8":"product_tag-rel-larmgivare","9":"product_shipping_class-postnord-varubrev","10":"pa_brands-alarmtech","11":"pa_farg-vit","12":"tm-no-options","14":"first","15":"instock","16":"sale","17":"featured","18":"taxable","19":"shipping-taxable","20":"purchasable","21":"product-type-simple"},"acf":[],"_links":{"self":[{"href":"https:\/\/secureus.se\/pl\/wp-json\/wp\/v2\/product\/85059","targetHints":{"allow":["GET"]}}],"collection":[{"href":"https:\/\/secureus.se\/pl\/wp-json\/wp\/v2\/product"}],"about":[{"href":"https:\/\/secureus.se\/pl\/wp-json\/wp\/v2\/types\/product"}],"wp:featuredmedia":[{"embeddable":true,"href":"https:\/\/secureus.se\/pl\/wp-json\/wp\/v2\/media\/142916"}],"wp:attachment":[{"href":"https:\/\/secureus.se\/pl\/wp-json\/wp\/v2\/media?parent=85059"}],"wp:term":[{"taxonomy":"product_brand","embeddable":true,"href":"https:\/\/secureus.se\/pl\/wp-json\/wp\/v2\/product_brand?post=85059"},{"taxonomy":"product_cat","embeddable":true,"href":"https:\/\/secureus.se\/pl\/wp-json\/wp\/v2\/product_cat?post=85059"},{"taxonomy":"product_tag","embeddable":true,"href":"https:\/\/secureus.se\/pl\/wp-json\/wp\/v2\/product_tag?post=85059"}],"curies":[{"name":"wp","href":"https:\/\/api.w.org\/{rel}","templated":true}]}}