{"id":85062,"date":"2022-06-28T13:04:43","date_gmt":"2022-06-28T11:04:43","guid":{"rendered":"https:\/\/secureus.se\/produkt\/analysator-iu-400\/"},"modified":"2026-02-20T12:09:55","modified_gmt":"2026-02-20T11:09:55","slug":"analysator-iu-400","status":"publish","type":"product","link":"https:\/\/secureus.se\/pl\/analysator-iu-400\/","title":{"rendered":"Analizator IU 400"},"content":{"rendered":"<p>Analizator do czujek zbicia szk\u0142a GD 475, kt\u00f3re \u0142\u0105cznie s\u0105 dopuszczone zgodnie z klas\u0105 EN\/klas\u0105 3. W analizatorze znajduj\u0105 si\u0119 3 przeka\u017aniki; zabezpieczenie\/przerwanie w przypadku alarmu, uszkodzenia i otwarcia. Do jednostki IU 400 mo\u017cna pod\u0142\u0105czy\u0107 maksymalnie 20 detektor\u00f3w, zaleca si\u0119 10 detektor\u00f3w. IU 400 monitoruje napi\u0119cie w p\u0119tli i sygnalizuje b\u0142\u0105d w przypadku zmiany napi\u0119cia w p\u0119tli. Napi\u0119cie p\u0119tli jest \u201eprogramowane\u201d (okre\u015blane) w momencie uruchomienia instalacji.<\/p>","protected":false},"excerpt":{"rendered":"<p>Analysatorenhet till GD 475 glaskrossdetektorer som tillsammans \u00e4r godk\u00e4nda enl EN klass\/grade 3. I analysatorn finns 3 rel\u00e4er; larm, fel och \u00f6ppningsskydd\/bortbrytning. Max 20 detektorer kan anslutas till en IU<\/p>","protected":false},"featured_media":143294,"template":"","meta":{"_acf_changed":false},"product_brand":[],"product_cat":[3085],"product_tag":[2278],"class_list":{"0":"post-85062","1":"product","2":"type-product","3":"status-publish","4":"has-post-thumbnail","6":"product_cat-vibationsdetektorer-glaskrossdetektorer","7":"product_tag-glaskross-aterstallningsenheter-analysator","8":"product_shipping_class-postnord-varubrev","9":"pa_brands-alarmtech","10":"pa_farg-vit","11":"tm-no-options","13":"first","14":"instock","15":"sale","16":"featured","17":"taxable","18":"shipping-taxable","19":"purchasable","20":"product-type-simple"},"acf":[],"_links":{"self":[{"href":"https:\/\/secureus.se\/pl\/wp-json\/wp\/v2\/product\/85062","targetHints":{"allow":["GET"]}}],"collection":[{"href":"https:\/\/secureus.se\/pl\/wp-json\/wp\/v2\/product"}],"about":[{"href":"https:\/\/secureus.se\/pl\/wp-json\/wp\/v2\/types\/product"}],"wp:featuredmedia":[{"embeddable":true,"href":"https:\/\/secureus.se\/pl\/wp-json\/wp\/v2\/media\/143294"}],"wp:attachment":[{"href":"https:\/\/secureus.se\/pl\/wp-json\/wp\/v2\/media?parent=85062"}],"wp:term":[{"taxonomy":"product_brand","embeddable":true,"href":"https:\/\/secureus.se\/pl\/wp-json\/wp\/v2\/product_brand?post=85062"},{"taxonomy":"product_cat","embeddable":true,"href":"https:\/\/secureus.se\/pl\/wp-json\/wp\/v2\/product_cat?post=85062"},{"taxonomy":"product_tag","embeddable":true,"href":"https:\/\/secureus.se\/pl\/wp-json\/wp\/v2\/product_tag?post=85062"}],"curies":[{"name":"wp","href":"https:\/\/api.w.org\/{rel}","templated":true}]}}