{"id":85232,"date":"2022-03-10T15:48:00","date_gmt":"2022-03-10T14:48:00","guid":{"rendered":"https:\/\/secureus.se\/produkt\/takfaste-ca-2c-multivinkel-alla-optex-utom-rx40\/"},"modified":"2025-12-31T19:49:12","modified_gmt":"2025-12-31T18:49:12","slug":"optex-ca-2c-takfaste-multivinkel","status":"publish","type":"product","link":"https:\/\/secureus.se\/pl\/optex-ca-2c-takfaste-multivinkel\/","title":{"rendered":"Wielok\u0105tny uchwyt sufitowy Optex CA-2C (wszystkie modele Optex z wyj\u0105tkiem RX40)"},"content":{"rendered":"<h3>Wielok\u0105tny uchwyt sufitowy Optex CA-2C to solidne i elastyczne rozwi\u0105zanie zaprojektowane w celu zapewnienia \u0142atwej instalacji i regulacji czujek Optex.<\/h3>\n<p>Uchwyt ten pasuje do wszystkich modeli Optex z wyj\u0105tkiem RX-40 i stanowi wydajne rozwi\u0105zanie do monta\u017cu czujek na dachu w celu uzyskania optymalnego zasi\u0119gu wykrywania.<\/p>\n<p>Regulowana konstrukcja CA-2C umo\u017cliwia szybkie dostosowanie k\u0105ta instalacji w celu zapewnienia najlepszej mo\u017cliwej detekcji.<\/p>\n<p>Ten uchwyt sufitowy to doskona\u0142y wyb\u00f3r zar\u00f3wno do obiekt\u00f3w komercyjnych, jak i mieszkalnych i jest cz\u0119sto stosowany w systemach bezpiecze\u0144stwa, gdzie wa\u017cne jest maksymalizacja zasi\u0119gu i minimalizacja martwych punkt\u00f3w.<\/p>\n<p>Wielk\u0105 zalet\u0105 CA-2C jest jego elastyczno\u015b\u0107. Mo\u017ce by\u0107 stosowany w r\u00f3\u017cnych \u015brodowiskach i zapewnia bezpieczn\u0105 i stabiln\u0105 instalacj\u0119.<\/p>\n<p>Wspornik zaprojektowano tak, aby by\u0142 \u0142atwy w monta\u017cu, co u\u0142atwia instalatorom szybki monta\u017c i regulacj\u0119 systemu bez konieczno\u015bci demonta\u017cu urz\u0105dzenia.<\/p>\n<p>Skraca to czas instalacji i oszcz\u0119dza zar\u00f3wno koszty, jak i robocizn\u0119.<\/p>\n<p>Uchwyt sufitowy CA-2C jest szczeg\u00f3lnie przydatny w instalacjach, w kt\u00f3rych konieczne jest zamontowanie czujek na suficie, aby zapewni\u0107 szerszy k\u0105t widzenia i umo\u017cliwi\u0107 skuteczne monitorowanie wi\u0119kszych obszar\u00f3w.<\/p>\n<p>przyn\u0119ta pasuje do wszystkich detektor\u00f3w Optex innych ni\u017c RX-40 i mo\u017ce by\u0107 u\u017cywana do optymalizacji wykrywania zar\u00f3wno w obiektach prywatnych, jak i komercyjnych.<\/p>\n<p>Uchwyt ten jest nie tylko \u0142atwy w monta\u017cu, ale ma r\u00f3wnie\u017c trwa\u0142\u0105 konstrukcj\u0119 zaprojektowan\u0105 tak, aby przetrwa\u0107 lata, co czyni go d\u0142ugotrwa\u0142ym rozwi\u0105zaniem systemu bezpiecze\u0144stwa.<\/p>\n<p><strong>Dane techniczne:<\/strong><\/p>\n<ul>\n<li><strong>Zgodno\u015b\u0107:<\/strong> Pasuje do wszystkich detektor\u00f3w Optex z wyj\u0105tkiem RX-40.<\/li>\n<li><strong>U\u017cywa\u0107:<\/strong> Zastosowanie w pomieszczeniach zamkni\u0119tych (zalecane).<\/li>\n<li><strong>Instalacja:<\/strong> \u0141atwy w instalacji, regulowany k\u0105t dla optymalnej detekcji.<\/li>\n<li><strong>Tworzywo:<\/strong> Solidna i trwa\u0142a konstrukcja.<\/li>\n<li><strong>Zalety:<\/strong> Elastyczno\u015b\u0107 w zakresie k\u0105t\u00f3w instalacji w celu zapewnienia najlepszego zasi\u0119gu i wykrywania.<\/li>\n<\/ul>","protected":false},"excerpt":{"rendered":"<p>Wielok\u0105tny uchwyt sufitowy Optex CA-2C \u2013 elastyczny uchwyt sufitowy do wszystkich czujek Optex (z wyj\u0105tkiem RX-40).<\/p>\n<p>\u0141atwy w instalacji i regulacji w celu uzyskania optymalnego zasi\u0119gu wykrywania. Idealny do u\u017cytku w pomieszczeniach.<\/p>","protected":false},"featured_media":145066,"template":"","meta":{"_acf_changed":false},"product_brand":[],"product_cat":[1325],"product_tag":[2145],"class_list":{"0":"post-85232","1":"product","2":"type-product","3":"status-publish","4":"has-post-thumbnail","6":"product_cat-larmgivare-skalskydd","7":"product_tag-rorelsedetektor-ir-detektorer","8":"product_shipping_class-tunga-paket","9":"pa_brands-optex","10":"tm-no-options","12":"first","13":"instock","14":"sale","15":"featured","16":"taxable","17":"shipping-taxable","18":"purchasable","19":"product-type-simple"},"acf":[],"_links":{"self":[{"href":"https:\/\/secureus.se\/pl\/wp-json\/wp\/v2\/product\/85232","targetHints":{"allow":["GET"]}}],"collection":[{"href":"https:\/\/secureus.se\/pl\/wp-json\/wp\/v2\/product"}],"about":[{"href":"https:\/\/secureus.se\/pl\/wp-json\/wp\/v2\/types\/product"}],"wp:featuredmedia":[{"embeddable":true,"href":"https:\/\/secureus.se\/pl\/wp-json\/wp\/v2\/media\/145066"}],"wp:attachment":[{"href":"https:\/\/secureus.se\/pl\/wp-json\/wp\/v2\/media?parent=85232"}],"wp:term":[{"taxonomy":"product_brand","embeddable":true,"href":"https:\/\/secureus.se\/pl\/wp-json\/wp\/v2\/product_brand?post=85232"},{"taxonomy":"product_cat","embeddable":true,"href":"https:\/\/secureus.se\/pl\/wp-json\/wp\/v2\/product_cat?post=85232"},{"taxonomy":"product_tag","embeddable":true,"href":"https:\/\/secureus.se\/pl\/wp-json\/wp\/v2\/product_tag?post=85232"}],"curies":[{"name":"wp","href":"https:\/\/api.w.org\/{rel}","templated":true}]}}