{"id":85233,"date":"2022-03-10T15:48:00","date_gmt":"2022-03-10T14:48:00","guid":{"rendered":"https:\/\/secureus.se\/produkt\/vaggfaste-ca-1w-multivinkel-alla-optex-utom-rx40\/"},"modified":"2025-12-31T19:43:10","modified_gmt":"2025-12-31T18:43:10","slug":"optex-ca-1w-vaggfaste-multivinkel","status":"publish","type":"product","link":"https:\/\/secureus.se\/pl\/optex-ca-1w-vaggfaste-multivinkel\/","title":{"rendered":"Wielok\u0105tny uchwyt \u015bcienny Optex CA-1W (wszystkie modele Optex z wyj\u0105tkiem RX40)"},"content":{"rendered":"<div class=\"value\">\n<div class=\"value\">\n<h1>Optex CA-1W Uchwyt \u015bcienny Multi Angle to solidny i wszechstronny uchwyt \u015bcienny zaprojektowany w celu zapewnienia wsparcia i \u0142atwej instalacji r\u00f3\u017cnych czujek Optex i system\u00f3w bezpiecze\u0144stwa.<\/h1>\n<p>Uchwyt jest kompatybilny ze wszystkimi modelami Optex z wyj\u0105tkiem RX-40 i oferuje u\u017cytkownikom mo\u017cliwo\u015b\u0107 optymalizacji wykrywania poprzez prost\u0105 regulacj\u0119 k\u0105ta w celu uzyskania najlepszego pokrycia.<\/p>\n<p>Dzi\u0119ki elastycznej konstrukcji i funkcji wielok\u0105towej wspornik CA-1W zapewnia proste rozwi\u0105zanie umo\u017cliwiaj\u0105ce dostosowanie k\u0105ta monta\u017cu systemu alarmowego.<\/p>\n<p>Pozwala to zmaksymalizowa\u0107 zasi\u0119g i skuteczno\u015b\u0107 detektor\u00f3w. Niezale\u017cnie od tego, czy instalujesz czujki w \u015brodowisku mieszkalnym, biurowym czy przemys\u0142owym, ten uchwyt jest niezawodnym wyborem.<\/p>\n<p>Jedn\u0105 z najwi\u0119kszych zalet tego uchwytu jest jego uniwersalno\u015b\u0107. CA-1W jest szczeg\u00f3lnie zalecany do instalacji wewn\u0119trznych, ale mo\u017ce by\u0107 r\u00f3wnie\u017c u\u017cywany na zewn\u0105trz, co czyni go przydatnym w szerokiej gamie instalacji system\u00f3w bezpiecze\u0144stwa.<\/p>\n<p>Dzi\u0119ki trwa\u0142emu materia\u0142owi i elastycznej konstrukcji wspornik ten idealnie nadaje si\u0119 zar\u00f3wno do obiekt\u00f3w komercyjnych, jak i prywatnych.<\/p>\n<p>Jest r\u00f3wnie\u017c bardzo \u0142atwy w monta\u017cu. Uchwyt jest dostarczany ze wszystkimi niezb\u0119dnymi elementami monta\u017cowymi i mo\u017cna go szybko ustawi\u0107 pod \u017c\u0105danym k\u0105tem w celu uzyskania najlepszej detekcji, oszcz\u0119dzaj\u0105c czas i prac\u0119 podczas instalacji.<\/p>\n<p>Solidna konstrukcja gwarantuje, \u017ce pozostanie stabilna i wydajna przez d\u0142ugi czas.<\/p>\n<p><strong>Dane techniczne:<\/strong><\/p>\n<ul>\n<li><strong>Zgodno\u015b\u0107:<\/strong> Pasuje do wszystkich modeli Optex z wyj\u0105tkiem RX-40, w tym serii CX-702, CX-702 MKII, CX-702RS, LX-402, LX-802N, QXI.<\/li>\n<li><strong>U\u017cywa\u0107:<\/strong> Wewn\u0105trz (zalecane) i na zewn\u0105trz.<\/li>\n<li><strong>Instalacja:<\/strong> Prosty monta\u017c za pomoc\u0105 do\u0142\u0105czonych komponent\u00f3w.<\/li>\n<li><strong>Zalety:<\/strong> Elastyczna regulacja k\u0105ta monta\u017cu w celu optymalizacji wykrywania.<\/li>\n<li><strong>Tworzywo:<\/strong> Trwa\u0142a i solidna konstrukcja<\/li>\n<\/ul>\n<\/div>\n<\/div>","protected":false},"excerpt":{"rendered":"<p>Optex CA-1W Uchwyt \u015bcienny wielok\u0105towy \u2013 Elastyczny uchwyt \u015bcienny do czujek Optex, kompatybilny ze wszystkimi modelami z wyj\u0105tkiem RX-40.<\/p>\n<p>\u0141atwa instalacja i regulacja do u\u017cytku wewn\u0105trz i na zewn\u0105trz.<\/p>","protected":false},"featured_media":145562,"template":"","meta":{"_acf_changed":false},"product_brand":[],"product_cat":[1325],"product_tag":[2145],"class_list":{"0":"post-85233","1":"product","2":"type-product","3":"status-publish","4":"has-post-thumbnail","6":"product_cat-larmgivare-skalskydd","7":"product_tag-rorelsedetektor-ir-detektorer","8":"product_shipping_class-tunga-paket","9":"pa_brands-optex","10":"tm-no-options","12":"first","13":"instock","14":"sale","15":"featured","16":"taxable","17":"shipping-taxable","18":"purchasable","19":"product-type-simple"},"acf":[],"_links":{"self":[{"href":"https:\/\/secureus.se\/pl\/wp-json\/wp\/v2\/product\/85233","targetHints":{"allow":["GET"]}}],"collection":[{"href":"https:\/\/secureus.se\/pl\/wp-json\/wp\/v2\/product"}],"about":[{"href":"https:\/\/secureus.se\/pl\/wp-json\/wp\/v2\/types\/product"}],"wp:featuredmedia":[{"embeddable":true,"href":"https:\/\/secureus.se\/pl\/wp-json\/wp\/v2\/media\/145562"}],"wp:attachment":[{"href":"https:\/\/secureus.se\/pl\/wp-json\/wp\/v2\/media?parent=85233"}],"wp:term":[{"taxonomy":"product_brand","embeddable":true,"href":"https:\/\/secureus.se\/pl\/wp-json\/wp\/v2\/product_brand?post=85233"},{"taxonomy":"product_cat","embeddable":true,"href":"https:\/\/secureus.se\/pl\/wp-json\/wp\/v2\/product_cat?post=85233"},{"taxonomy":"product_tag","embeddable":true,"href":"https:\/\/secureus.se\/pl\/wp-json\/wp\/v2\/product_tag?post=85233"}],"curies":[{"name":"wp","href":"https:\/\/api.w.org\/{rel}","templated":true}]}}