{"id":85235,"date":"2022-03-10T15:47:00","date_gmt":"2022-03-10T14:47:00","guid":{"rendered":"https:\/\/secureus.se\/produkt\/optex-pir-vxi-am-12x12-meter-utomhus-antimask\/"},"modified":"2025-12-31T19:48:35","modified_gmt":"2025-12-31T18:48:35","slug":"optex-pir-vxi-am-12x12-meter-utomhus-antimask","status":"publish","type":"product","link":"https:\/\/secureus.se\/pl\/optex-pir-vxi-am-12x12-meter-utomhus-antimask\/","title":{"rendered":"Optex -PIR VXI-AM 12\u00d712 metr\u00f3w Outdoor + Antymask"},"content":{"rendered":"<h1><strong>VXI-AM<\/strong> japo\u0144skiej firmy Optex to wysokowydajny zewn\u0119trzny czujnik PIR o szeroko\u015bci 12 m i wyposa\u017cony w zaawansowane funkcje, w tym aktywn\u0105 funkcj\u0119 antymaskingu na podczerwie\u0144.<\/h1>\n<p>Dzi\u0119ki solidnej ochronie przed warunkami atmosferycznymi i elastycznej konfiguracji wykrywania, urz\u0105dzenie to idealnie nadaje si\u0119 do poprawy bezpiecze\u0144stwa w \u015brodowiskach zewn\u0119trznych, takich jak rezydencje, nieruchomo\u015bci komercyjne i miejsca publiczne.<\/p>\n<h4>Funkcje i zalety<\/h4>\n<ul>\n<li><strong>Technologia podw\u00f3jnego czujnika PIR<\/strong>: Wi\u0119ksza precyzja dzi\u0119ki szerokiemu k\u0105towi 90\u00b0 i mo\u017cliwo\u015bci obrotu urz\u0105dzenia o 180\u00b0 w celu uzyskania optymalnego pokrycia.<\/li>\n<li><strong>Technika SMDA (Super Wielowymiarowa Analiza).<\/strong>: Zaawansowana analiza ograniczaj\u0105ca liczb\u0119 fa\u0142szywych alarm\u00f3w spowodowanych zmianami pogody lub ro\u015blinno\u015bci\u0105.<\/li>\n<li><strong>Funkcja antymaskingu<\/strong>: Aktywny antymasking podczerwieni zapobiega manipulacji poprzez wykrywanie pr\u00f3b zablokowania soczewki czujnika.<\/li>\n<li><strong>Wykrywanie zwierz\u0105t<\/strong>: Zaprojektowany, aby ignorowa\u0107 ma\u0142e zwierz\u0119ta i ogranicza\u0107 fa\u0142szywe alarmy.<\/li>\n<li><strong>IP55 Ochrona przed warunkami atmosferycznymi<\/strong>: Chroni przed deszczem, kurzem i ekstremalnymi temperaturami (-30\u00b0C do +60\u00b0C).<\/li>\n<li><strong>Regulowane obszary wykrywania<\/strong>: Pi\u0119\u0107 poziom\u00f3w umo\u017cliwiaj\u0105cych regulacj\u0119 zasi\u0119gu od 2,5 m do 12 m.<\/li>\n<li><strong>Wiele wzorc\u00f3w wykrywania<\/strong>: Elastyczne opcje dostosowane do r\u00f3\u017cnych potrzeb instalacyjnych.<\/li>\n<li><strong>Zabezpieczenie przed manipulacj\u0105<\/strong>: Wielowarstwowa ochrona wykrywaj\u0105ca manipulacj\u0119 lub usuni\u0119cie.<\/li>\n<\/ul>\n<h4>Obszary zastosowa\u0144<\/h4>\n<ul>\n<li><strong>System alarmowy i zabezpieczaj\u0105cy<\/strong>: Idealny do wyzwalania system\u00f3w alarmowych i mechanizm\u00f3w ostrzegania przed w\u0142amaniem.<\/li>\n<li><strong>Integracja telewizji przemys\u0142owej<\/strong>: Mo\u017cna pod\u0142\u0105czy\u0107 do kamer monitoruj\u0105cych, aby automatycznie aktywowa\u0107 nagrywanie w przypadku ruchu.<\/li>\n<li><strong>Nieruchomo\u015bci prywatne i komercyjne<\/strong>: Nadaje si\u0119 zar\u00f3wno do willi, jak i obszar\u00f3w przemys\u0142owych, gdzie wymagany jest wysoki poziom bezpiecze\u0144stwa.<\/li>\n<\/ul>\n<h4>Specyfikacja techniczna<\/h4>\n<ul>\n<li><strong>Metoda wykrywania<\/strong>: Pasywna podczerwie\u0144 (PIR)<\/li>\n<li><strong>Obszar pokrycia<\/strong>: 12 mx 90\u00b0 z 16 strefami<\/li>\n<li><strong>Zasilanie<\/strong>: 9,5\u201318 V pr\u0105du sta\u0142ego<\/li>\n<li><strong>Zu\u017cycie energii<\/strong>: Maks. 24 mA przy 12 V DC<\/li>\n<li><strong>Zakres temperatur<\/strong>: -30\u00b0C do +60\u00b0C<\/li>\n<li><strong>Montowanie<\/strong>: Monta\u017c na \u015bcianie lub na s\u0142upie, wysoko\u015b\u0107 0,8\u20131,2 m<\/li>\n<li><strong>Ochrona przed warunkami atmosferycznymi<\/strong>: Certyfikat IP55<\/li>\n<li><strong>Waga<\/strong>: 500 gr<\/li>\n<\/ul>\n<h4>Zalety VXI-AM<\/h4>\n<p>Dzi\u0119ki po\u0142\u0105czeniu zaawansowanej technologii i solidnej konstrukcji jest <strong>VXI-AM<\/strong> niezawodne rozwi\u0105zanie do wykrywania ruchu w \u015brodowisku zewn\u0119trznym.<\/p>\n<p>Funkcja antymaskingu w po\u0142\u0105czeniu z regulowanymi obszarami detekcji sprawia, \u017ce jest to elastyczny wyb\u00f3r dla r\u00f3\u017cnych potrzeb bezpiecze\u0144stwa. Ponadto jest \u0142atwy w instalacji i kompatybilny z r\u00f3\u017cnymi systemami bezpiecze\u0144stwa.<\/p>\n<h4>Instalacja i akcesoria<\/h4>\n<p>\u0141atwy monta\u017c jest mo\u017cliwy dzi\u0119ki elastycznej p\u0142ycie monta\u017cowej. Do urz\u0105dzenia do\u0142\u0105czone s\u0105 wyci\u0119te naklejki maskuj\u0105ce umo\u017cliwiaj\u0105ce okre\u015blenie obszar\u00f3w wykrywania i dostosowanie zasi\u0119gu w razie potrzeby.<\/p>","protected":false},"excerpt":{"rendered":"<p>Podw\u00f3jny czujnik zewn\u0119trzny PIR o szeroko\u015bci 12 m z zaawansowan\u0105 technologi\u0105 SMDA i aktywn\u0105 funkcj\u0105 antymaskingu na podczerwie\u0144.<\/p>\n<p>Idealny do integracji alarm\u00f3w i CCTV.<\/p>","protected":false},"featured_media":145348,"template":"","meta":{"_acf_changed":false},"product_brand":[],"product_cat":[1325,4756],"product_tag":[2147],"class_list":{"0":"post-85235","1":"product","2":"type-product","3":"status-publish","4":"has-post-thumbnail","6":"product_cat-larmgivare-skalskydd","7":"product_cat-utomhussakerhet-tradade-larmenheter","8":"product_tag-rorelsedetektor-utomhus","9":"product_shipping_class-postnord-varubrev","10":"pa_brands-optex","11":"tm-no-options","13":"first","14":"instock","15":"sale","16":"featured","17":"taxable","18":"shipping-taxable","19":"purchasable","20":"product-type-simple"},"acf":[],"_links":{"self":[{"href":"https:\/\/secureus.se\/pl\/wp-json\/wp\/v2\/product\/85235","targetHints":{"allow":["GET"]}}],"collection":[{"href":"https:\/\/secureus.se\/pl\/wp-json\/wp\/v2\/product"}],"about":[{"href":"https:\/\/secureus.se\/pl\/wp-json\/wp\/v2\/types\/product"}],"wp:featuredmedia":[{"embeddable":true,"href":"https:\/\/secureus.se\/pl\/wp-json\/wp\/v2\/media\/145348"}],"wp:attachment":[{"href":"https:\/\/secureus.se\/pl\/wp-json\/wp\/v2\/media?parent=85235"}],"wp:term":[{"taxonomy":"product_brand","embeddable":true,"href":"https:\/\/secureus.se\/pl\/wp-json\/wp\/v2\/product_brand?post=85235"},{"taxonomy":"product_cat","embeddable":true,"href":"https:\/\/secureus.se\/pl\/wp-json\/wp\/v2\/product_cat?post=85235"},{"taxonomy":"product_tag","embeddable":true,"href":"https:\/\/secureus.se\/pl\/wp-json\/wp\/v2\/product_tag?post=85235"}],"curies":[{"name":"wp","href":"https:\/\/api.w.org\/{rel}","templated":true}]}}