{"id":85236,"date":"2022-03-10T15:47:00","date_gmt":"2022-03-10T14:47:00","guid":{"rendered":"https:\/\/secureus.se\/produkt\/optex-kombi-vxi-dam-12x12-meter-utomhus-antimask\/"},"modified":"2026-03-19T11:42:11","modified_gmt":"2026-03-19T10:42:11","slug":"optex-kombi-vxi-dam-12x12-meter-utomhus-antimask","status":"publish","type":"product","link":"https:\/\/secureus.se\/pl\/optex-kombi-vxi-dam-12x12-meter-utomhus-antimask\/","title":{"rendered":"Optex \u2013 Combi VXI-DAM-X5 12\u00d712 metr\u00f3w Outdoor + Antymask"},"content":{"rendered":"<h1><strong>Zewn\u0119trzny detektor podczerwieni Optex VXI-DAM 12\u00d712 metr\u00f3w z antymaskiem<\/strong> to wysokiej jako\u015bci czujka zaprojektowana, aby sprosta\u0107 najwi\u0119kszym wyzwaniom zwi\u0105zanym z bezpiecze\u0144stwem w \u015brodowiskach zewn\u0119trznych.<\/h1>\n<p>Ma zasi\u0119g detekcji <strong>12\u00d712 metr\u00f3w<\/strong>, dzi\u0119ki czemu idealnie nadaje si\u0119 do pokrycia du\u017cych obszar\u00f3w, takich jak ogrody, parkingi lub inne obszary zewn\u0119trzne wymagaj\u0105ce monitorowania.<\/p>\n<p>Czujka ta wykorzystuje technologi\u0119 pasywnej podczerwieni (PIR) i posiada: <strong>maskowanie chronionego wzoru<\/strong>co oznacza, \u017ce mo\u017ce uniemo\u017cliwi\u0107 osobom nieupowa\u017cnionym manipulowanie lub zakrywanie urz\u0105dzenia w celu unikni\u0119cia wykrycia.<\/p>\n<p>To sprawia, \u017ce VXI-DAM jest doskona\u0142ym wyborem do instalacji, w kt\u00f3rych bezpiecze\u0144stwo ma ogromne znaczenie, np. na granicach lub wok\u00f3\u0142 wra\u017cliwych budynk\u00f3w.<\/p>\n<p><strong>Funkcja przeciw robakom<\/strong>: Jedn\u0105 z g\u0142\u00f3wnych cech VXI-DAM jest zintegrowana funkcja antymaskingu, co oznacza, \u017ce mo\u017ce wykry\u0107 i ostrzec o pr\u00f3bach zablokowania czujnika.<\/p>\n<p>Jest to szczeg\u00f3lnie wa\u017cne w \u015brodowiskach publicznych lub komercyjnych, gdzie sabota\u017c mo\u017ce stanowi\u0107 powa\u017cne zagro\u017cenie dla bezpiecze\u0144stwa.<\/p>\n<p><strong>Stopie\u0144 ochrony IP55<\/strong>: VXI-DAM ma taki <strong>Stopie\u0144 ochrony IP55<\/strong>co oznacza, \u017ce jest dobrze chroniony zar\u00f3wno przed kurzem, jak i wod\u0105.<\/p>\n<p>Dzi\u0119ki temu szczeg\u00f3lnie nadaje si\u0119 do instalacji na zewn\u0105trz, gdzie mo\u017ce wytrzyma\u0107 warunki atmosferyczne, takie jak deszcz lub kurz, nie trac\u0105c przy tym swojej skuteczno\u015bci.<\/p>\n<p><strong>Regulowana wysoko\u015b\u0107 monta\u017cu<\/strong>: Mo\u017cna go zainstalowa\u0107 pomi\u0119dzy <strong>0,8 i 1,2 metra<\/strong> nad ziemi\u0105, zapewniaj\u0105c elastyczno\u015b\u0107 w umieszczaniu go w optymalnych lokalizacjach, aby zmaksymalizowa\u0107 zasi\u0119g i bezpiecze\u0144stwo.<\/p>\n<p><strong>Zakres temperatur<\/strong>: VXI-DAM dzia\u0142a skutecznie w temperaturach od <strong>-20\u00b0C do +45\u00b0C<\/strong>dzi\u0119ki czemu idealnie nadaje si\u0119 do stosowania zar\u00f3wno w zimnym, jak i ciep\u0142ym klimacie. Oznacza to, \u017ce mo\u017cna go stosowa\u0107 we wszystkich lokalizacjach geograficznych, niezale\u017cnie od warunk\u00f3w klimatycznych.<\/p>\n<p><strong>\u0141atwa instalacja<\/strong>: Instalacja jest \u0142atwa i mo\u017cna j\u0105 przeprowadzi\u0107 na wielu r\u00f3\u017cnych powierzchniach dzi\u0119ki do\u0142\u0105czonemu wspornikowi \u015bciennemu.<\/p>\n<p>Czujk\u0119 mo\u017cna zamontowa\u0107 na \u015bcianie lub s\u0142upie i dostosowa\u0107 do pokrycia okre\u015blonych obszar\u00f3w. Jego <strong>kompaktowa konstrukcja<\/strong> z pomiarami <strong>200 x 90 x 110 mm<\/strong> co u\u0142atwia integracj\u0119 z wi\u0119kszo\u015bci\u0105 system\u00f3w bezpiecze\u0144stwa bez ingerencji.<\/p>\n<p>Detektor ten szczeg\u00f3lnie nadaje si\u0119 do stosowania w wi\u0119kszych zastosowaniach zwi\u0105zanych z bezpiecze\u0144stwem, gdzie wa\u017cna jest szybka i niezawodna detekcja.<\/p>\n<p>Poniewa\u017c jest wyposa\u017cony w <strong>podw\u00f3jne czujniki PIR<\/strong> i zaawansowane <strong>przetwarzanie sygna\u0142u<\/strong> oferuje bardzo dok\u0142adne wykrywanie przy niskim wska\u017aniku fa\u0142szywych alarm\u00f3w.<\/p>\n<p>Gdy kto\u015b przejdzie przez obszar detekcji czujki, wygeneruje ona sygna\u0142 alarmowy do pod\u0142\u0105czonego systemu i tym samym natychmiast przeka\u017ce ostrze\u017cenie.<\/p>\n<h3>Dane techniczne:<\/h3>\n<ul>\n<li><strong>Zakres wykrywania:<\/strong> 12\u00d712 metr\u00f3w<\/li>\n<li><strong>Maskowanie chronione:<\/strong> Tak, zabezpieczenie przed pr\u00f3bami zablokowania lub zas\u0142oni\u0119cia czujnika<\/li>\n<li><strong>Wysoko\u015b\u0107 monta\u017cu:<\/strong> 0,8 \u2013 1,2 metra<\/li>\n<li><strong>Wolta\u017c:<\/strong> 9,5\u201318 V pr\u0105du sta\u0142ego<\/li>\n<li><strong>Pob\u00f3r mocy:<\/strong> 20 mA<\/li>\n<li><strong>Zakres temperatur:<\/strong> -20\u00b0C do +45\u00b0C<\/li>\n<li><strong>Klasa IP:<\/strong> IP55 (wodoodporny i py\u0142oszczelny)<\/li>\n<li><strong>Mierzy\u0107:<\/strong> 200 mm (wysoko\u015b\u0107), 90 mm (szeroko\u015b\u0107), 110 mm (g\u0142\u0119boko\u015b\u0107)<\/li>\n<li><strong>Waga:<\/strong> 180 gr<\/li>\n<li><strong>Za\u0142\u0105cznik:<\/strong> Monta\u017c na \u015bcianie lub na s\u0142upie dla \u0142atwej instalacji<\/li>\n<li><strong>Orzecznictwo:<\/strong> Zatwierdzone przez SBSC do zastosowa\u0144 zwi\u0105zanych z bezpiecze\u0144stwem w klasie alarmowej 3<\/li>\n<\/ul>","protected":false},"excerpt":{"rendered":"<p>Optex VXI-DAM to zaawansowany detektor podczerwieni do u\u017cytku na zewn\u0105trz, oferuj\u0105cy promie\u0144 detekcji 12x12 metr\u00f3w.<\/p>\n<p>Wyposa\u017cony w funkcj\u0119 przeciwmgieln\u0105 i stopie\u0144 ochrony IP55, zapewnia niezawodne dzia\u0142anie w trudnych warunkach pogodowych.<\/p>\n<p>Idealnie nadaje si\u0119 do system\u00f3w bezpiecze\u0144stwa, gdzie istotna jest wysoka niezawodno\u015b\u0107 i ochrona przed sabota\u017cem.<\/p>","protected":false},"featured_media":145179,"template":"","meta":{"_acf_changed":false},"product_brand":[],"product_cat":[1325,4756],"product_tag":[2147],"class_list":{"0":"post-85236","1":"product","2":"type-product","3":"status-publish","4":"has-post-thumbnail","6":"product_cat-larmgivare-skalskydd","7":"product_cat-utomhussakerhet-tradade-larmenheter","8":"product_tag-rorelsedetektor-utomhus","9":"product_shipping_class-postnord-varubrev","10":"pa_brands-optex","11":"tm-no-options","13":"first","14":"onbackorder","15":"sale","16":"featured","17":"taxable","18":"shipping-taxable","19":"purchasable","20":"product-type-simple"},"acf":[],"_links":{"self":[{"href":"https:\/\/secureus.se\/pl\/wp-json\/wp\/v2\/product\/85236","targetHints":{"allow":["GET"]}}],"collection":[{"href":"https:\/\/secureus.se\/pl\/wp-json\/wp\/v2\/product"}],"about":[{"href":"https:\/\/secureus.se\/pl\/wp-json\/wp\/v2\/types\/product"}],"wp:featuredmedia":[{"embeddable":true,"href":"https:\/\/secureus.se\/pl\/wp-json\/wp\/v2\/media\/145179"}],"wp:attachment":[{"href":"https:\/\/secureus.se\/pl\/wp-json\/wp\/v2\/media?parent=85236"}],"wp:term":[{"taxonomy":"product_brand","embeddable":true,"href":"https:\/\/secureus.se\/pl\/wp-json\/wp\/v2\/product_brand?post=85236"},{"taxonomy":"product_cat","embeddable":true,"href":"https:\/\/secureus.se\/pl\/wp-json\/wp\/v2\/product_cat?post=85236"},{"taxonomy":"product_tag","embeddable":true,"href":"https:\/\/secureus.se\/pl\/wp-json\/wp\/v2\/product_tag?post=85236"}],"curies":[{"name":"wp","href":"https:\/\/api.w.org\/{rel}","templated":true}]}}