{"id":85237,"date":"2022-03-10T15:47:00","date_gmt":"2022-03-10T14:47:00","guid":{"rendered":"https:\/\/secureus.se\/produkt\/optex-ir-detektor-vxi-st-12-meter-utomhus\/"},"modified":"2025-12-31T19:48:42","modified_gmt":"2025-12-31T18:48:42","slug":"optex-ir-detektor-vxi-st-12-meter-utomhus","status":"publish","type":"product","link":"https:\/\/secureus.se\/pl\/optex-ir-detektor-vxi-st-12-meter-utomhus\/","title":{"rendered":"Detektor Optex -IR VXI-ST 12 metr\u00f3w na zewn\u0105trz"},"content":{"rendered":"<h1>Optex VXI-ST to wysokiej jako\u015bci i elastyczna czujka PIR przeznaczona do u\u017cytku na zewn\u0105trz, szczeg\u00f3lnie odpowiednia do zastosowa\u0144 CCTV i alarm\u00f3w zewn\u0119trznych.<\/h1>\n<p>Dzi\u0119ki zasi\u0119gowi detekcji do 12 metr\u00f3w i szerokiemu k\u0105towi detekcji 90\u00b0, VXI-ST zapewnia szerokie i niezawodne pokrycie monitorowanego obszaru.<\/p>\n<p>Czujka ta wyposa\u017cona jest w zaawansowan\u0105 technologi\u0119 SMDA (Super Multiwymiar Analysis), kt\u00f3ra pozwala na identyfikacj\u0119 realnych zagro\u017ce\u0144, skutecznie ograniczaj\u0105c jednocze\u015bnie ryzyko fa\u0142szywych alarm\u00f3w spowodowanych zak\u0142\u00f3ceniami \u015brodowiskowymi, takimi jak odbicia \u015bwiat\u0142a czy warunki atmosferyczne.<\/p>\n<p>Unikaln\u0105 cech\u0105 VXI-ST jest regulowana czu\u0142o\u015b\u0107, kt\u00f3ra umo\u017cliwia dostosowanie czujnika do wykrywania ma\u0142ych ruch\u00f3w lub odfiltrowywania nieistotnych ruch\u00f3w.<\/p>\n<p>Dzi\u0119ki pi\u0119ciu r\u00f3\u017cnym obszarom detekcji i opcjom wzorc\u00f3w instalacj\u0119 mo\u017cna zoptymalizowa\u0107 pod k\u0105tem konkretnych potrzeb. VXI-ST posiada r\u00f3wnie\u017c dodatkowe wej\u015bcie do pod\u0142\u0105czenia zewn\u0119trznej fotokom\u00f3rki lub innego urz\u0105dzenia detekcyjnego, co zwi\u0119ksza jego u\u017cyteczno\u015b\u0107 w skomplikowanych \u015brodowiskach instalacyjnych.<\/p>\n<p>Czujka ma stopie\u0144 ochrony IP55 i zosta\u0142a zaprojektowana tak, aby wytrzyma\u0107 trudne warunki pogodowe, kt\u00f3re mog\u0105 wyst\u0105pi\u0107 w instalacjach zewn\u0119trznych, dzi\u0119ki czemu idealnie nadaje si\u0119 zar\u00f3wno do zastosowa\u0144 mieszkaniowych, jak i komercyjnych.<\/p>\n<p>VXI-ST jest r\u00f3wnie\u017c chroniony przed sabota\u017cem i manipulacj\u0105, co zapewnia dodatkowy poziom bezpiecze\u0144stwa. Aby zapewni\u0107 d\u0142ugoterminow\u0105 i stabiln\u0105 prac\u0119, zaleca si\u0119 wysoko\u015b\u0107 monta\u017cu od 0,8 do 1,2 metra.<\/p>\n<p><strong>Dane techniczne<\/strong>:<\/p>\n<ul>\n<li><strong>Metoda wykrywania<\/strong>: PIR<\/li>\n<li><strong>Zasi\u0119g detekcji<\/strong>: 12 metr\u00f3w<\/li>\n<li><strong>K\u0105t detekcji<\/strong>: Szeroki k\u0105t 90\u00b0<\/li>\n<li><strong>Regulacja czu\u0142o\u015bci<\/strong>: Tak<\/li>\n<li><strong>Funkcje<\/strong>: Pi\u0119\u0107 regulowanych obszar\u00f3w detekcji, pi\u0119\u0107 opcji wzor\u00f3w, ochrona przed maskowaniem<\/li>\n<li><strong>Zasilanie<\/strong>: 9,5 \u2013 18 V pr\u0105du sta\u0142ego<\/li>\n<li><strong>Zu\u017cycie energii<\/strong>: 24 mA przy 12 V DC<\/li>\n<li><strong>Zakres temperatur<\/strong>: -20\u00b0C do +60\u00b0C<\/li>\n<li><strong>Klasa ochrony<\/strong>: IP55<\/li>\n<li><strong>Waga<\/strong>: 600 gr<\/li>\n<li><strong>Wysoko\u015b\u0107 monta\u017cu<\/strong>: 0,8 do 1,2 metra<\/li>\n<li><strong>Za\u0142\u0105cznik<\/strong>: \u015aciana lub s\u0142up<\/li>\n<li><strong>Dodatkowe wej\u015bcie na fotokom\u00f3rk\u0119<\/strong>: Tak<\/li>\n<li><strong>Wyj\u015bcie alarmowe<\/strong>: Do wyboru NC lub NO<\/li>\n<\/ul>","protected":false},"excerpt":{"rendered":"<p>Optex VXI-ST to szerokok\u0105tna czujka PIR o zasi\u0119gu 12 metr\u00f3w do u\u017cytku na zewn\u0105trz, idealna do zastosowa\u0144 CCTV i alarm\u00f3w zewn\u0119trznych.<\/p>\n<p>Wyposa\u017cony w zaawansowan\u0105 detekcj\u0119 SMDA i regulowan\u0105 czu\u0142o\u015b\u0107, detektor ten zapewnia wysokie bezpiecze\u0144stwo i wydajno\u015b\u0107.<\/p>","protected":false},"featured_media":145190,"template":"","meta":{"_acf_changed":false},"product_brand":[],"product_cat":[1325,4756],"product_tag":[2147],"class_list":{"0":"post-85237","1":"product","2":"type-product","3":"status-publish","4":"has-post-thumbnail","6":"product_cat-larmgivare-skalskydd","7":"product_cat-utomhussakerhet-tradade-larmenheter","8":"product_tag-rorelsedetektor-utomhus","9":"product_shipping_class-postnord-varubrev","10":"pa_brands-optex","11":"tm-no-options","13":"first","14":"instock","15":"sale","16":"featured","17":"taxable","18":"shipping-taxable","19":"purchasable","20":"product-type-simple"},"acf":[],"_links":{"self":[{"href":"https:\/\/secureus.se\/pl\/wp-json\/wp\/v2\/product\/85237","targetHints":{"allow":["GET"]}}],"collection":[{"href":"https:\/\/secureus.se\/pl\/wp-json\/wp\/v2\/product"}],"about":[{"href":"https:\/\/secureus.se\/pl\/wp-json\/wp\/v2\/types\/product"}],"wp:featuredmedia":[{"embeddable":true,"href":"https:\/\/secureus.se\/pl\/wp-json\/wp\/v2\/media\/145190"}],"wp:attachment":[{"href":"https:\/\/secureus.se\/pl\/wp-json\/wp\/v2\/media?parent=85237"}],"wp:term":[{"taxonomy":"product_brand","embeddable":true,"href":"https:\/\/secureus.se\/pl\/wp-json\/wp\/v2\/product_brand?post=85237"},{"taxonomy":"product_cat","embeddable":true,"href":"https:\/\/secureus.se\/pl\/wp-json\/wp\/v2\/product_cat?post=85237"},{"taxonomy":"product_tag","embeddable":true,"href":"https:\/\/secureus.se\/pl\/wp-json\/wp\/v2\/product_tag?post=85237"}],"curies":[{"name":"wp","href":"https:\/\/api.w.org\/{rel}","templated":true}]}}