{"id":85709,"date":"2023-09-14T16:30:27","date_gmt":"2023-09-14T14:30:27","guid":{"rendered":"https:\/\/secureus.se\/produkt\/nodoppnare-typ-fix-285-hogerhangd\/"},"modified":"2025-12-31T20:48:12","modified_gmt":"2025-12-31T19:48:12","slug":"nodoppnare-typ-fix-285-hogerhangd","status":"publish","type":"product","link":"https:\/\/secureus.se\/pl\/nodoppnare-typ-fix-285-hogerhangd\/","title":{"rendered":"Otwieracz awaryjny typu Fix-285 Prawy"},"content":{"rendered":"<p>Otwieracz awaryjny montowany jest na istniej\u0105cym spagnole Fix 285. Uwaga pasuje tylko do Fix 285, nie do Fix 280. Przy zamawianiu nale\u017cy okre\u015bli\u0107 drzwi otwierane na prawo lub lewo.<\/p>\n<p><strong>Pasuje do nast\u0119puj\u0105cych typ\u00f3w zamk\u00f3w:<\/strong><\/p>\n<p>Napraw tylko 285, okre\u015bl drzwi otwierane na prawo.<\/p>","protected":false},"excerpt":{"rendered":"<p>Otwieracz awaryjny montowany jest na istniej\u0105cym spagnole Fix 285. Uwaga pasuje tylko do Fix 285, nie do Fix 280. Przy zamawianiu nale\u017cy okre\u015bli\u0107 drzwi otwierane na prawo lub lewo. Pasuje do nast\u0119puj\u0105cych typ\u00f3w zamk\u00f3w: Tylko<\/p>","protected":false},"featured_media":139808,"template":"","meta":{"_acf_changed":false},"product_brand":[],"product_cat":[1560,4182],"product_tag":[2352],"class_list":{"0":"post-85709","1":"product","2":"type-product","3":"status-publish","4":"has-post-thumbnail","6":"product_cat-branddorrstangning","7":"product_cat-nodoppnare","8":"product_tag-soderhamn","9":"product_shipping_class-tunga-paket","10":"pa_brands-soderhamn-innovation","11":"tm-no-options","13":"first","14":"instock","15":"sale","16":"featured","17":"taxable","18":"shipping-taxable","19":"purchasable","20":"product-type-simple"},"acf":[],"_links":{"self":[{"href":"https:\/\/secureus.se\/pl\/wp-json\/wp\/v2\/product\/85709","targetHints":{"allow":["GET"]}}],"collection":[{"href":"https:\/\/secureus.se\/pl\/wp-json\/wp\/v2\/product"}],"about":[{"href":"https:\/\/secureus.se\/pl\/wp-json\/wp\/v2\/types\/product"}],"wp:featuredmedia":[{"embeddable":true,"href":"https:\/\/secureus.se\/pl\/wp-json\/wp\/v2\/media\/139808"}],"wp:attachment":[{"href":"https:\/\/secureus.se\/pl\/wp-json\/wp\/v2\/media?parent=85709"}],"wp:term":[{"taxonomy":"product_brand","embeddable":true,"href":"https:\/\/secureus.se\/pl\/wp-json\/wp\/v2\/product_brand?post=85709"},{"taxonomy":"product_cat","embeddable":true,"href":"https:\/\/secureus.se\/pl\/wp-json\/wp\/v2\/product_cat?post=85709"},{"taxonomy":"product_tag","embeddable":true,"href":"https:\/\/secureus.se\/pl\/wp-json\/wp\/v2\/product_tag?post=85709"}],"curies":[{"name":"wp","href":"https:\/\/api.w.org\/{rel}","templated":true}]}}