{"id":85711,"date":"2023-09-14T16:19:13","date_gmt":"2023-09-14T14:19:13","guid":{"rendered":"https:\/\/secureus.se\/produkt\/nodoppnare-typ-p-t\/"},"modified":"2025-12-31T20:51:53","modified_gmt":"2025-12-31T19:51:53","slug":"nodoppnare-typ-p-t","status":"publish","type":"product","link":"https:\/\/secureus.se\/pl\/nodoppnare-typ-p-t\/","title":{"rendered":"Otwieracz awaryjny Typ P + T"},"content":{"rendered":"<p><strong>Pasuje do nast\u0119puj\u0105cych typ\u00f3w zamk\u00f3w:<\/strong><\/p>\n<p>Assa 565, 1565.<br \/>\nAssa po\u0142\u0105cz 222.<br \/>\nSafetron 6200 i 6600, przy zam\u00f3wieniu nale\u017cy zaznaczy\u0107, \u017ce dotyczy 6200 lub 6600.<br \/>\nZamek silnikowy Step 550, w zam\u00f3wieniu nale\u017cy poda\u0107, \u017ce jest przeznaczony do tego zamka.<\/p>","protected":false},"excerpt":{"rendered":"<p>Pasuje do zamk\u00f3w typu: Assa 565, 1565, Assa connect 222, Safetron 6200 i 6600, przy zam\u00f3wieniu nale\u017cy poda\u0107 informacj\u0119, \u017ce dotyczy 6200 lub 6600. Blokada silnika Step 550, musi to stwierdza\u0107<\/p>","protected":false},"featured_media":140079,"template":"","meta":{"_acf_changed":false},"product_brand":[],"product_cat":[1560,4182],"product_tag":[2352],"class_list":{"0":"post-85711","1":"product","2":"type-product","3":"status-publish","4":"has-post-thumbnail","6":"product_cat-branddorrstangning","7":"product_cat-nodoppnare","8":"product_tag-soderhamn","9":"product_shipping_class-tunga-paket","10":"pa_brands-soderhamn-innovation","11":"tm-no-options","13":"first","14":"instock","15":"sale","16":"taxable","17":"shipping-taxable","18":"purchasable","19":"product-type-simple"},"acf":[],"_links":{"self":[{"href":"https:\/\/secureus.se\/pl\/wp-json\/wp\/v2\/product\/85711","targetHints":{"allow":["GET"]}}],"collection":[{"href":"https:\/\/secureus.se\/pl\/wp-json\/wp\/v2\/product"}],"about":[{"href":"https:\/\/secureus.se\/pl\/wp-json\/wp\/v2\/types\/product"}],"wp:featuredmedia":[{"embeddable":true,"href":"https:\/\/secureus.se\/pl\/wp-json\/wp\/v2\/media\/140079"}],"wp:attachment":[{"href":"https:\/\/secureus.se\/pl\/wp-json\/wp\/v2\/media?parent=85711"}],"wp:term":[{"taxonomy":"product_brand","embeddable":true,"href":"https:\/\/secureus.se\/pl\/wp-json\/wp\/v2\/product_brand?post=85711"},{"taxonomy":"product_cat","embeddable":true,"href":"https:\/\/secureus.se\/pl\/wp-json\/wp\/v2\/product_cat?post=85711"},{"taxonomy":"product_tag","embeddable":true,"href":"https:\/\/secureus.se\/pl\/wp-json\/wp\/v2\/product_tag?post=85711"}],"curies":[{"name":"wp","href":"https:\/\/api.w.org\/{rel}","templated":true}]}}