{"id":85726,"date":"2023-09-12T12:16:50","date_gmt":"2023-09-12T10:16:50","guid":{"rendered":"https:\/\/secureus.se\/produkt\/electromagnetic-door-suction-acm-md605\/"},"modified":"2026-04-07T12:55:52","modified_gmt":"2026-04-07T10:55:52","slug":"electromagnetic-door-suction-acm-md605","status":"publish","type":"product","link":"https:\/\/secureus.se\/pl\/electromagnetic-door-suction-acm-md605\/","title":{"rendered":"Magnes do mocowania drzwi do monta\u017cu na \u015bcianie \u2013 przycisk zwalniaj\u0105cy wraz z kotw\u0105 \u015bcienn\u0105"},"content":{"rendered":"<p id=\"tw-target-text\" class=\"tw-data-text tw-text-large tw-ta\" dir=\"ltr\" data-placeholder=\"Translation\"><span class=\"Y2IQFc\" lang=\"sv\">Parametry techniczne: <\/span><\/p>\n<p class=\"tw-data-text tw-text-large tw-ta\" dir=\"ltr\" data-placeholder=\"Translation\"><span class=\"Y2IQFc\" lang=\"sv\">Napi\u0119cie wej\u015bciowe: DC12V\/24V (opcjonalnie) <\/span><\/p>\n<p class=\"tw-data-text tw-text-large tw-ta\" dir=\"ltr\" data-placeholder=\"Translation\"><span class=\"Y2IQFc\" lang=\"sv\">Pr\u0105d roboczy: DC12V\/170mA lub DC24V\/85mA <\/span><\/p>\n<p class=\"tw-data-text tw-text-large tw-ta\" dir=\"ltr\" data-placeholder=\"Translation\"><span class=\"Y2IQFc\" lang=\"sv\">Si\u0142a trzymania: 60 kg\u00a0<\/span><\/p>\n<p class=\"tw-data-text tw-text-large tw-ta\" dir=\"ltr\" data-placeholder=\"Translation\"><span class=\"Y2IQFc\" lang=\"sv\">Trakcja w linii prostej Temperatura pracy: 0 ~ 55 \u2103 <\/span><\/p>\n<p class=\"tw-data-text tw-text-large tw-ta\" dir=\"ltr\" data-placeholder=\"Translation\"><span class=\"Y2IQFc\" lang=\"sv\">Wilgotno\u015b\u0107 robocza: 0 ~ 95% <\/span><\/p>\n<p class=\"tw-data-text tw-text-large tw-ta\" dir=\"ltr\" data-placeholder=\"Translation\"><span class=\"Y2IQFc\" lang=\"sv\">Waga: 1 kg Funkcje: <\/span><\/p>\n<p class=\"tw-data-text tw-text-large tw-ta\" dir=\"ltr\" data-placeholder=\"Translation\"><span class=\"Y2IQFc\" lang=\"sv\">Podw\u00f3jne napi\u0119cie: DC12V\/24V (opcjonalnie) <\/span><\/p>\n<p class=\"tw-data-text tw-text-large tw-ta\" dir=\"ltr\" data-placeholder=\"Translation\"><span class=\"Y2IQFc\" lang=\"sv\">Przycisk odblokowania awaryjnego lub przycisk testowy <\/span><\/p>\n<p class=\"tw-data-text tw-text-large tw-ta\" dir=\"ltr\" data-placeholder=\"Translation\"><span class=\"Y2IQFc\" lang=\"sv\">Montowany na \u015bcianie <\/span><\/p>\n<p class=\"tw-data-text tw-text-large tw-ta\" dir=\"ltr\" data-placeholder=\"Translation\"><span class=\"Y2IQFc\" lang=\"sv\">Konstrukcja o niskiej mocy <\/span><\/p>\n<p class=\"tw-data-text tw-text-large tw-ta\" dir=\"ltr\" data-placeholder=\"Translation\"><span class=\"Y2IQFc\" lang=\"sv\">Ustawienia zabezpiecze\u0144 Fail Safe <\/span><\/p>\n<p class=\"tw-data-text tw-text-large tw-ta\" dir=\"ltr\" data-placeholder=\"Translation\"><span class=\"Y2IQFc\" lang=\"sv\">Zr\u00f3wnowa\u017cone dzia\u0142anie<\/span><\/p>\n<p>&nbsp;<\/p>","protected":false},"excerpt":{"rendered":"<p>Magnetyczny uchwyt do drzwi montowany na \u015bcianie, wyposa\u017cony w przycisk zamykania, przeznaczony do zamykania drzwi przeciwpo\u017carowych<\/p>","protected":false},"featured_media":140862,"template":"","meta":{"_acf_changed":false},"product_brand":[],"product_cat":[1560],"product_tag":[2958],"class_list":{"0":"post-85726","1":"product","2":"type-product","3":"status-publish","4":"has-post-thumbnail","6":"product_cat-branddorrstangning","7":"product_tag-stonehouse-produkt","8":"product_shipping_class-tunga-paket","9":"pa_brands-stonehouse-security","10":"tm-no-options","12":"first","13":"outofstock","14":"sale","15":"featured","16":"taxable","17":"shipping-taxable","18":"purchasable","19":"product-type-simple"},"acf":[],"_links":{"self":[{"href":"https:\/\/secureus.se\/pl\/wp-json\/wp\/v2\/product\/85726","targetHints":{"allow":["GET"]}}],"collection":[{"href":"https:\/\/secureus.se\/pl\/wp-json\/wp\/v2\/product"}],"about":[{"href":"https:\/\/secureus.se\/pl\/wp-json\/wp\/v2\/types\/product"}],"wp:featuredmedia":[{"embeddable":true,"href":"https:\/\/secureus.se\/pl\/wp-json\/wp\/v2\/media\/140862"}],"wp:attachment":[{"href":"https:\/\/secureus.se\/pl\/wp-json\/wp\/v2\/media?parent=85726"}],"wp:term":[{"taxonomy":"product_brand","embeddable":true,"href":"https:\/\/secureus.se\/pl\/wp-json\/wp\/v2\/product_brand?post=85726"},{"taxonomy":"product_cat","embeddable":true,"href":"https:\/\/secureus.se\/pl\/wp-json\/wp\/v2\/product_cat?post=85726"},{"taxonomy":"product_tag","embeddable":true,"href":"https:\/\/secureus.se\/pl\/wp-json\/wp\/v2\/product_tag?post=85726"}],"curies":[{"name":"wp","href":"https:\/\/api.w.org\/{rel}","templated":true}]}}