{"id":85734,"date":"2023-09-05T17:13:16","date_gmt":"2023-09-05T15:13:16","guid":{"rendered":"https:\/\/secureus.se\/produkt\/rokdetektor-2351e\/"},"modified":"2026-04-27T14:18:39","modified_gmt":"2026-04-27T12:18:39","slug":"rokdetektor-2351e","status":"publish","type":"product","link":"https:\/\/secureus.se\/pl\/rokdetektor-2351e\/","title":{"rendered":"Czujnik dymu 2351E \u2013 Czujnik systemowy"},"content":{"rendered":"<p>Czujka dymu 2351E nale\u017cy do konwencjonalnych czujek dymu serii 300, kt\u00f3re wykorzystuj\u0105 najnowsz\u0105 technologi\u0119, aby zapewni\u0107 niezawodn\u0105 i skuteczn\u0105 technologi\u0119 ochrony przeciwpo\u017carowej. Dzi\u0119ki zaawansowanym funkcjom, takim jak automatyczna kompensacja dryftu i regulowana czu\u0142o\u015b\u0107, model 2351E zosta\u0142 zaprojektowany tak, aby minimalizowa\u0107 fa\u0142szywe alarmy i wyd\u0142u\u017ca\u0107 okresy mi\u0119dzyobs\u0142ugowe. Ma niski pob\u00f3r mocy i jest kompatybilny z podstawowymi instalacjami serii 100, co u\u0142atwia aktualizacj\u0119 i konserwacj\u0119 w istniej\u0105cych systemach.<\/p>\n<p>Dzi\u0119ki dwustronnej, dwukolorowej diodzie LED pokazuje stan czujki \u2013 zielona dla normalnej pracy i czerwona w przypadku alarmu. Mo\u017cna go u\u017cywa\u0107 z r\u00f3\u017cnymi podstawami, aby zapewni\u0107 elastyczno\u015b\u0107 zastosowa\u0144 i idealnie nadaje si\u0119 do lokalizacji, w kt\u00f3rych bezpiecze\u0144stwo i niezawodno\u015b\u0107 maj\u0105 kluczowe znaczenie.<\/p>\n<p><strong>Cechy:<\/strong><\/p>\n<ul>\n<li>Konstrukcja o niskim profilu<\/li>\n<li>Pob\u00f3r pr\u0105du: 120 \u00b5A (50 mA w przypadku alarmu)<\/li>\n<li>Obszar krycia: 102 x 32,5 mm<\/li>\n<li>Zakres temperatur: -30\u00b0C do +70\u00b0C<\/li>\n<li>Kompatybilny z instalacjami podstawowymi serii 100<\/li>\n<li>Certyfikowany zgodnie z EN54-7<\/li>\n<\/ul>\n<p><strong>Kompatybilne modele podstawowe:<\/strong><\/p>\n<ul>\n<li>Podstawa standardowa B401<\/li>\n<li>Podstawa rezystora B401R<\/li>\n<li>G\u0142\u0119boki bas B401DG<\/li>\n<\/ul>\n<p>Ta czujka dymu nadaje si\u0119 zar\u00f3wno do nowych instalacji, jak i modernizacji istniej\u0105cych system\u00f3w i zosta\u0142a zaprojektowana tak, aby spe\u0142nia\u0107 wymagania SBF110.<\/p>","protected":false},"excerpt":{"rendered":"<p>Czujka dymu 2351E to konwencjonalna optyczna czujka dymu o nowoczesnym wygl\u0105dzie, idealna do instalacji zar\u00f3wno w \u015brodowiskach komercyjnych, jak i przemys\u0142owych. Oferuje wysok\u0105 niezawodno\u015b\u0107 i jest wyposa\u017cony w dwustronne diody LED wyra\u017anie sygnalizuj\u0105ce stan. Spe\u0142nia wymagania SBF110 i posiada certyfikat CPD zgodnie z EN54-7.<\/p>","protected":false},"featured_media":140510,"template":"","meta":{"_acf_changed":false},"product_brand":[],"product_cat":[4754,3373],"product_tag":[2959],"class_list":{"0":"post-85734","1":"product","2":"type-product","3":"status-publish","4":"has-post-thumbnail","6":"product_cat-system-sensor-300-serien","7":"product_cat-rokdetektorer","8":"product_tag-certifierad-en54","9":"product_shipping_class-postnord-varubrev","10":"pa_brands-system-sensor","11":"tm-no-options","13":"first","14":"onbackorder","15":"sale","16":"featured","17":"taxable","18":"shipping-taxable","19":"purchasable","20":"product-type-simple"},"acf":[],"_links":{"self":[{"href":"https:\/\/secureus.se\/pl\/wp-json\/wp\/v2\/product\/85734","targetHints":{"allow":["GET"]}}],"collection":[{"href":"https:\/\/secureus.se\/pl\/wp-json\/wp\/v2\/product"}],"about":[{"href":"https:\/\/secureus.se\/pl\/wp-json\/wp\/v2\/types\/product"}],"wp:featuredmedia":[{"embeddable":true,"href":"https:\/\/secureus.se\/pl\/wp-json\/wp\/v2\/media\/140510"}],"wp:attachment":[{"href":"https:\/\/secureus.se\/pl\/wp-json\/wp\/v2\/media?parent=85734"}],"wp:term":[{"taxonomy":"product_brand","embeddable":true,"href":"https:\/\/secureus.se\/pl\/wp-json\/wp\/v2\/product_brand?post=85734"},{"taxonomy":"product_cat","embeddable":true,"href":"https:\/\/secureus.se\/pl\/wp-json\/wp\/v2\/product_cat?post=85734"},{"taxonomy":"product_tag","embeddable":true,"href":"https:\/\/secureus.se\/pl\/wp-json\/wp\/v2\/product_tag?post=85734"}],"curies":[{"name":"wp","href":"https:\/\/api.w.org\/{rel}","templated":true}]}}