{"id":85740,"date":"2023-09-05T15:56:01","date_gmt":"2023-09-05T13:56:01","guid":{"rendered":"https:\/\/secureus.se\/produkt\/detektorsockel-b401dgr470-2\/"},"modified":"2026-04-01T13:45:34","modified_gmt":"2026-04-01T11:45:34","slug":"detektorsockel-b401dgr470-2","status":"publish","type":"product","link":"https:\/\/secureus.se\/pl\/detektorsockel-b401dgr470-2\/","title":{"rendered":"GNIAZDO CZUJKI B401DGR470"},"content":{"rendered":"<p>Gniazdo czujki wyj\u0105tkowo g\u0142\u0119bokie z wi\u0119ksz\u0105 przestrzeni\u0105 na pod\u0142\u0105czenie przewodu dla czujek z serii System Sensor 300.<\/p>\n<p>Wyj\u015bcie dla sygnalizacji zewn\u0119trznej.<\/p>\n<p>Wbudowana rezystancja 470 om\u00f3w.<\/p>\n<p><span class=\"produkt-egenskap\"><span class=\"label\">Spos\u00f3b monta\u017cu: <\/span><span class=\"value\">Monta\u017c powierzchniowy<\/span><\/span><\/p>\n<p><span class=\"produkt-egenskap\"><span class=\"label\">Farba: <\/span><span class=\"value\">Bia\u0142y<\/span><\/span><\/p>\n<p><span class=\"produkt-egenskap\"><span class=\"label\">Wysoko\u015b\u0107: <\/span><span class=\"value\">19 mm<\/span><\/span><\/p>\n<p><span class=\"produkt-egenskap\"><span class=\"label\">\u015arednica: <\/span><span class=\"value\">102 mm<\/span><\/span><\/p>\n<p>&nbsp;<\/p>","protected":false},"excerpt":{"rendered":"<p>Wyj\u0105tkowo g\u0142\u0119boka podstawa czujki z lepsz\u0105 przestrzeni\u0105 na pod\u0142\u0105czenie okablowania dla czujek System Sensor serii 300. Wyj\u015bcie dla sygnalizacji zewn\u0119trznej. Wbudowana rezystancja 470 om\u00f3w. Spos\u00f3b monta\u017cu: Monta\u017c natynkowy Kolor: Bia\u0142y Wysoko\u015b\u0107: 19 mm<\/p>","protected":false},"featured_media":140538,"template":"","meta":{"_acf_changed":false},"product_brand":[],"product_cat":[4754],"product_tag":[],"class_list":{"0":"post-85740","1":"product","2":"type-product","3":"status-publish","4":"has-post-thumbnail","6":"product_cat-system-sensor-300-serien","7":"product_shipping_class-postnord-varubrev","8":"pa_brands-system-sensor","9":"tm-no-options","11":"first","12":"instock","13":"sale","14":"featured","15":"taxable","16":"shipping-taxable","17":"purchasable","18":"product-type-simple"},"acf":[],"_links":{"self":[{"href":"https:\/\/secureus.se\/pl\/wp-json\/wp\/v2\/product\/85740","targetHints":{"allow":["GET"]}}],"collection":[{"href":"https:\/\/secureus.se\/pl\/wp-json\/wp\/v2\/product"}],"about":[{"href":"https:\/\/secureus.se\/pl\/wp-json\/wp\/v2\/types\/product"}],"wp:featuredmedia":[{"embeddable":true,"href":"https:\/\/secureus.se\/pl\/wp-json\/wp\/v2\/media\/140538"}],"wp:attachment":[{"href":"https:\/\/secureus.se\/pl\/wp-json\/wp\/v2\/media?parent=85740"}],"wp:term":[{"taxonomy":"product_brand","embeddable":true,"href":"https:\/\/secureus.se\/pl\/wp-json\/wp\/v2\/product_brand?post=85740"},{"taxonomy":"product_cat","embeddable":true,"href":"https:\/\/secureus.se\/pl\/wp-json\/wp\/v2\/product_cat?post=85740"},{"taxonomy":"product_tag","embeddable":true,"href":"https:\/\/secureus.se\/pl\/wp-json\/wp\/v2\/product_tag?post=85740"}],"curies":[{"name":"wp","href":"https:\/\/api.w.org\/{rel}","templated":true}]}}