{"id":85900,"date":"2023-02-22T11:42:57","date_gmt":"2023-02-22T10:42:57","guid":{"rendered":"https:\/\/secureus.se\/produkt\/apollo-xp95-optisk-detektor\/"},"modified":"2026-04-22T15:17:13","modified_gmt":"2026-04-22T13:17:13","slug":"apollo-xp95-optisk-detektor","status":"publish","type":"product","link":"https:\/\/secureus.se\/pl\/apollo-xp95-optisk-detektor\/","title":{"rendered":"Detektor dymu Apollo XP95 Optyczny 55000-620APO"},"content":{"rendered":"<h1>Detektor dymu Apollo XP95 Optyczny<\/h1>\n<p>Optyczny czujnik dymu Apollo XP95 wykrywa dym w \u015brodowisku zagro\u017conym wybuchem, wykorzystuj\u0105c metod\u0119 rozproszenia \u015bwiat\u0142a.<\/p>\n<p>Wyposa\u017cono go w wewn\u0119trzn\u0105 pulsuj\u0105c\u0105 diod\u0119 LED na podczerwie\u0144 i fotodiod\u0119 umieszczon\u0105 pod k\u0105tem, kt\u00f3ra wychwytuje rozproszone \u015bwiat\u0142o.<\/p>\n<p>W normalnych warunkach, bez dymu, fotodioda nie otrzymuje \u015bwiat\u0142a z diody LED i wysy\u0142a odpowiedni sygna\u0142 analogowy.<\/p>\n<p>Kiedy dym dostaje si\u0119 do komory detektora, \u015bwiat\u0142o ulega rozproszeniu, a fotodioda to rejestruje, co powoduje wzmocnienie sygna\u0142u i aktywacj\u0119 alarmu.<\/p>\n<p class=\"\" data-start=\"847\" data-end=\"1195\">Detektor ma wyra\u017an\u0105 czerwon\u0105 diod\u0119 LED, kt\u00f3ra zapala si\u0119, gdy czujnik jest w stanie alarmu.<\/p>\n<p class=\"\" data-start=\"847\" data-end=\"1195\">Detektor ten zosta\u0142 zaprojektowany w celu niezawodnego wykrywania po\u017caru w pomieszczeniach o zmiennej temperaturze od -20\u00b0C do +60\u00b0C i jest szczeg\u00f3lnie polecany do stosowania na drogach ewakuacyjnych.<\/p>\n<p class=\"\" data-start=\"847\" data-end=\"1195\">Jest odporny na wiatr i zmiany ci\u015bnienia atmosferycznego, dzi\u0119ki czemu zachowuje stabilno\u015b\u0107 w r\u00f3\u017cnych warunkach.<\/p>\n<p class=\"\" data-start=\"1197\" data-end=\"1372\">Dzi\u0119ki d\u0142ugiej, 10-letniej gwarancji, ten czujnik jest niezawodnym rozwi\u0105zaniem do monitorowania po\u017caru w budynkach takich jak hotele, biura, restauracje i inne \u015brednie i du\u017ce budynki.<\/p>","protected":false},"excerpt":{"rendered":"<p>Optyczny czujnik dymu Apollo XP95 wykorzystuje rozpraszanie \u015bwiat\u0142a z diody LED na podczerwie\u0144, aby szybko i skutecznie wykrywa\u0107 wolno tl\u0105ce si\u0119 i tl\u0105ce si\u0119 po\u017cary.<\/p>\n<p>Posiada diod\u0119 LED, kt\u00f3ra w przypadku alarmu \u015bwieci si\u0119 na czerwono.<\/p>","protected":false},"featured_media":141561,"template":"","meta":{"_acf_changed":false},"product_brand":[],"product_cat":[4751],"product_tag":[2704],"class_list":{"0":"post-85900","1":"product","2":"type-product","3":"status-publish","4":"has-post-thumbnail","6":"product_cat-xp95-serien","7":"product_tag-utvalda-produkter-fran-apollo","8":"product_shipping_class-postnord-varubrev","9":"pa_brands-apollo-fire-detectors","10":"tm-no-options","12":"first","13":"instock","14":"sale","15":"featured","16":"taxable","17":"shipping-taxable","18":"purchasable","19":"product-type-simple"},"acf":[],"_links":{"self":[{"href":"https:\/\/secureus.se\/pl\/wp-json\/wp\/v2\/product\/85900","targetHints":{"allow":["GET"]}}],"collection":[{"href":"https:\/\/secureus.se\/pl\/wp-json\/wp\/v2\/product"}],"about":[{"href":"https:\/\/secureus.se\/pl\/wp-json\/wp\/v2\/types\/product"}],"wp:featuredmedia":[{"embeddable":true,"href":"https:\/\/secureus.se\/pl\/wp-json\/wp\/v2\/media\/141561"}],"wp:attachment":[{"href":"https:\/\/secureus.se\/pl\/wp-json\/wp\/v2\/media?parent=85900"}],"wp:term":[{"taxonomy":"product_brand","embeddable":true,"href":"https:\/\/secureus.se\/pl\/wp-json\/wp\/v2\/product_brand?post=85900"},{"taxonomy":"product_cat","embeddable":true,"href":"https:\/\/secureus.se\/pl\/wp-json\/wp\/v2\/product_cat?post=85900"},{"taxonomy":"product_tag","embeddable":true,"href":"https:\/\/secureus.se\/pl\/wp-json\/wp\/v2\/product_tag?post=85900"}],"curies":[{"name":"wp","href":"https:\/\/api.w.org\/{rel}","templated":true}]}}