{"id":86497,"date":"2023-09-27T18:04:24","date_gmt":"2023-09-27T16:04:24","guid":{"rendered":"https:\/\/secureus.se\/produkt\/motorlas-810s-50-z-sats\/"},"modified":"2025-10-21T11:57:27","modified_gmt":"2025-10-21T09:57:27","slug":"motorlas-810s-50-z-sats","status":"publish","type":"product","link":"https:\/\/secureus.se\/pl\/motorlas-810s-50-z-sats\/","title":{"rendered":"Blokada silnika 810S-50 Z Zestaw"},"content":{"rendered":"<p><b>Opis:<br \/>\n<\/b><br \/>\nASSA ABLOY Evolution 810S-50 to zamek silnikowy przystosowany do drzwi z wn\u0119k\u0105 modu\u0142ow\u0105 firmy Assa. Nadaje si\u0119 jako zamek nocny i zabezpieczaj\u0105cy w drzwiach o wysokich wymaganiach bezpiecze\u0144stwa w handlu, biurach i przemy\u015ble.<\/p>\n<div>\n<p><b>Akcesoria zawarte w pakiecie zestawu:<\/b><\/p>\n<div>Blokada silnika 810S-50, jednostka steruj\u0105ca, p\u0142yta ko\u0144cowa 1487-2, kabel po\u0142\u0105czeniowy (6 m), przepust kablowy EA281.<\/div>\n<p><b>W\u0142a\u015bciwo\u015bci:\u00a0<\/b><\/p>\n<ul>\n<li>Pr\u0119dko\u015b\u0107 otwierania poni\u017cej 1\/3 sekundy.<\/li>\n<li>Spe\u0142nia wymagania odpowiadaj\u0105ce klasie zamka SS 3079 3<\/li>\n<li>Zamek mo\u017cna zawsze obs\u0142ugiwa\u0107 za pomoc\u0105 wk\u0142adki\/ga\u0142ki.<\/li>\n<li>Wbudowany czujnik po\u0142o\u017cenia drzwi (magnes), kt\u00f3ry mo\u017cna uzupe\u0142ni\u0107 lub zast\u0105pi\u0107 magnesem zewn\u0119trznym.<\/li>\n<li>Czas trzymania 4-64 sekundy.<\/li>\n<\/ul>\n<p>&nbsp;<\/p>\n<div><b>\u00a0<\/b><\/div>\n<p>Funkcjonowa\u0107:<\/p>\n<ul>\n<li>Linia hakowa nap\u0119dzana jest przez wbudowany silnik.<\/li>\n<li>810S-50 ze spadkiem ci\u015bnienia posiada homologacj\u0119 typu do monta\u017cu w granicach komory przeciwpo\u017carowej (TG 0456\/01).<\/li>\n<li>Zamek mo\u017ce by\u0107 sterowany przez wi\u0119kszo\u015b\u0107 system\u00f3w sterowania dost\u0119pnych na rynku, takich jak systemy dost\u0119pu, zamki szyfrowe i wy\u0142\u0105czniki czasowe.<\/li>\n<li>Ka\u017cda blokada silnika wymaga jednostki steruj\u0105cej (DAC430), kt\u00f3ra zarz\u0105dza komunikacj\u0105 pomi\u0119dzy blokad\u0105 silnika a \u015bwiatem zewn\u0119trznym. (zawarte w zestawie).<\/li>\n<\/ul>\n<p>&nbsp;<\/p>\n<div><b>\u00a0<\/b><\/div>\n<p>Jednostka steruj\u0105ca DAC430:<\/p>\n<div>\n<ul>\n<li>Komunikuje si\u0119 z blokad\u0105 silnika poprzez szyfrowan\u0105 magistral\u0119 danych.<\/li>\n<li>Do obs\u0142ugi blokady silnika wymagane s\u0105 sygna\u0142y steruj\u0105ce z systemu nadrz\u0119dnego.<\/li>\n<li>Dostarcza sygna\u0142y do nadrz\u0119dnego systemu, informuj\u0105c o stanie zamka i drzwi.<\/li>\n<li>Steruje tak\u017ce dodatkowymi \u015bluzami dziennymi, tworz\u0105c kompletn\u0105 kombinacj\u0119 dzie\u0144\/noc.<\/li>\n<li>Aktywuje wyj\u015bcie alarmowe w przypadku awarii.<\/li>\n<li>Pod\u0142\u0105cza si\u0119 do \u017ar\u00f3d\u0142a napi\u0119cia.<\/li>\n<li>Nale\u017cy zainstalowa\u0107 w pomieszczeniu po chronionej stronie drzwi, w odleg\u0142o\u015bci 50 m od zamka silnikowego.<\/li>\n<\/ul>\n<p><b>Dane techniczne:\u00a0<\/b><\/p>\n<ul>\n<li>24 V +\/- 15% AC\/DC. Alt 12 V DC stabilizowane.<\/li>\n<li>Pob\u00f3r pr\u0105du przy 24 V DC, w spoczynku 150 mA, podczas pracy maks. 700 mA (0,1 S).<\/li>\n<li>Obci\u0105\u017cenie przeka\u017anika maks. 1 A.<\/li>\n<li>Maksymalna odleg\u0142o\u015b\u0107 magnesu obudowy zamka od magnetycznej p\u0142ytki ko\u0144cowej wynosi 6 mm.<\/li>\n<li>Maksymalna odleg\u0142o\u015b\u0107 pomi\u0119dzy skrzynk\u0105 zamkow\u0105 a jednostk\u0105 steruj\u0105c\u0105 wynosi 50 m.<\/li>\n<\/ul>\n<\/div>\n<\/div>","protected":false},"excerpt":{"rendered":"<p>Opis: ASSA ABLOY Evolution 810S-50 to zamek silnikowy przystosowany do drzwi z wn\u0119k\u0105 modu\u0142ow\u0105 firmy Assa. Nadaje si\u0119 jako zamek nocny i zabezpieczaj\u0105cy w drzwiach o wysokich wymaganiach bezpiecze\u0144stwa w handlu, biurach i przemy\u015ble.<\/p>","protected":false},"featured_media":139343,"template":"","meta":{"_acf_changed":false},"product_brand":[],"product_cat":[2874],"product_tag":[4187,4543,4540,4553,4544,4542,4863,4550],"class_list":{"0":"post-86497","1":"product","2":"type-product","3":"status-publish","4":"has-post-thumbnail","6":"product_cat-motorlas","7":"product_tag-dorndjup-50mm","8":"product_tag-komplett-sats-ja","9":"product_tag-krypterad-kommunikation-ja","10":"product_tag-modul","11":"product_tag-nodutrymning-nej","12":"product_tag-panikutrymning-nej","13":"product_tag-pf","14":"product_tag-spanning-ac-dc","15":"product_shipping_class-tunga-paket","16":"pa_brands-abloy","17":"tm-no-options","19":"first","20":"instock","21":"sale","22":"taxable","23":"shipping-taxable","24":"purchasable","25":"product-type-simple"},"acf":[],"_links":{"self":[{"href":"https:\/\/secureus.se\/pl\/wp-json\/wp\/v2\/product\/86497","targetHints":{"allow":["GET"]}}],"collection":[{"href":"https:\/\/secureus.se\/pl\/wp-json\/wp\/v2\/product"}],"about":[{"href":"https:\/\/secureus.se\/pl\/wp-json\/wp\/v2\/types\/product"}],"wp:featuredmedia":[{"embeddable":true,"href":"https:\/\/secureus.se\/pl\/wp-json\/wp\/v2\/media\/139343"}],"wp:attachment":[{"href":"https:\/\/secureus.se\/pl\/wp-json\/wp\/v2\/media?parent=86497"}],"wp:term":[{"taxonomy":"product_brand","embeddable":true,"href":"https:\/\/secureus.se\/pl\/wp-json\/wp\/v2\/product_brand?post=86497"},{"taxonomy":"product_cat","embeddable":true,"href":"https:\/\/secureus.se\/pl\/wp-json\/wp\/v2\/product_cat?post=86497"},{"taxonomy":"product_tag","embeddable":true,"href":"https:\/\/secureus.se\/pl\/wp-json\/wp\/v2\/product_tag?post=86497"}],"curies":[{"name":"wp","href":"https:\/\/api.w.org\/{rel}","templated":true}]}}