{"id":86555,"date":"2023-09-27T18:01:36","date_gmt":"2023-09-27T16:01:36","guid":{"rendered":"https:\/\/secureus.se\/produkt\/motorlashus-841c-35-hi-o\/"},"modified":"2025-10-21T11:58:44","modified_gmt":"2025-10-21T09:58:44","slug":"motorlashus-841c-35-hi-o","status":"publish","type":"product","link":"https:\/\/secureus.se\/pl\/motorlashus-841c-35-hi-o\/","title":{"rendered":"Obudowa zamka silnika 841C-35 Hi-O"},"content":{"rendered":"<p><b>Opis:<br \/>\n<\/b><br \/>\nZamek silnikowy ASSA ABLOY 841C-35 przystosowany jest do drzwi z wn\u0119kami modu\u0142owymi ASSA ABLOY. Doskonale sprawdza si\u0119 jako zamek nocny i zabezpieczaj\u0105cy w drzwiach o wysokich wymaganiach bezpiecze\u0144stwa w handlu, biurach i przemy\u015ble. Drzwi dzienne lub cz\u0119sto ucz\u0119szczane nale\u017cy uzupe\u0142ni\u0107 o zamek dzienny np. by\u0142y. zamek elektryczny lub elektryczna p\u0142yta ko\u0144cowa. Motor Lock 841C to jednostka Hi-O, kt\u00f3r\u0105 mo\u017cna pod\u0142\u0105czy\u0107 do DAC630 lub DAC530. Hi-O oznacza, \u017ce urz\u0105dzenia posiadaj\u0105 wbudowany mikrokomputer i komunikuj\u0105 si\u0119 ze sob\u0105 w celu instalacji typu plug-and-play, synchronizacji pracy drzwi, monitorowania zachowa\u0144 oraz przesy\u0142ania informacji diagnostycznych. Odpowiednie akcesoria do cylindr\u00f3w Akcesoria zabezpieczaj\u0105ce ASSA 4559 SCD Classic, a tak\u017ce w razie potrzeby si\u0142ownik obrotowy ze spr\u0119\u017cyn\u0105.<\/p>\n<div><\/div>\n<div><b>W\u0142a\u015bciwo\u015bci:<\/b><\/div>\n<div>\n<ul>\n<li>G\u0142\u0119boko\u015b\u0107 trzpienia 35 mm.<\/li>\n<li>Certyfikowany zgodnie z SSF3522-1093, klasa 4<\/li>\n<li>Pr\u0119dko\u015b\u0107 otwierania poni\u017cej 1\/3 sekundy.<\/li>\n<li>Zamek mo\u017cna zawsze otworzy\u0107 za pomoc\u0105 klucza\/pokr\u0119t\u0142a.<\/li>\n<li>Wbudowany czujnik po\u0142o\u017cenia drzwi (magnes w p\u0142ycie ko\u0144cowej).<\/li>\n<li>Mo\u017cna \u0142\u0105czy\u0107 z innymi urz\u0105dzeniami Hi-O bez jednostki steruj\u0105cej, np.: by\u0142y. zamek dzienny, automatyka drzwi i czytnik kart<\/li>\n<li>Temperatura blokady silnika \u2013 20\u00b0C \u2013 + 70\u00b0C<\/li>\n<li>Odpowiednia jednostka steruj\u0105ca wytrzymuje temperatur\u0119 +5\u00b0C \u2013 +40\u00b0C, wilgotno\u015b\u0107 wzgl\u0119dn\u0105 20 \u2013 90 %, bez kondensacji<\/li>\n<\/ul>\n<p><b>Dane techniczne:<\/b><\/p>\n<ul>\n<li>Napi\u0119cie robocze: 12-24 VDC statyczne -5%+15%<\/li>\n<li>Pob\u00f3r pr\u0105du: Reszta 50 mA Maks. 445 mA przy 24 VDC<\/li>\n<li>Certyfikowany zgodnie z EN14846<\/li>\n<\/ul>\n<\/div>","protected":false},"excerpt":{"rendered":"<p>Opis: Zamek silnikowy ASSA ABLOY 841C-35 jest przeznaczony do drzwi z modu\u0142owymi wn\u0119kami ASSA ABLOY. Doskonale sprawdza si\u0119 jako zamek nocny i antyw\u0142amaniowy w drzwiach o wysokich wymaganiach bezpiecze\u0144stwa w handlu, biurach i przemy\u015ble.<\/p>","protected":false},"featured_media":139860,"template":"","meta":{"_acf_changed":false},"product_brand":[],"product_cat":[2874],"product_tag":[4110,4547,4540,4541,4542,4863,4554,4550],"class_list":{"0":"post-86555","1":"product","2":"type-product","3":"status-publish","4":"has-post-thumbnail","6":"product_cat-motorlas","7":"product_tag-4110","8":"product_tag-dorndjup-35mm","9":"product_tag-krypterad-kommunikation-ja","10":"product_tag-nodutrymning-ja","11":"product_tag-panikutrymning-nej","12":"product_tag-pf","13":"product_tag-smalprofil","14":"product_tag-spanning-ac-dc","15":"product_shipping_class-tunga-paket","16":"pa_brands-abloy","17":"tm-no-options","19":"first","20":"instock","21":"sale","22":"taxable","23":"shipping-taxable","24":"purchasable","25":"product-type-simple"},"acf":[],"_links":{"self":[{"href":"https:\/\/secureus.se\/pl\/wp-json\/wp\/v2\/product\/86555","targetHints":{"allow":["GET"]}}],"collection":[{"href":"https:\/\/secureus.se\/pl\/wp-json\/wp\/v2\/product"}],"about":[{"href":"https:\/\/secureus.se\/pl\/wp-json\/wp\/v2\/types\/product"}],"wp:featuredmedia":[{"embeddable":true,"href":"https:\/\/secureus.se\/pl\/wp-json\/wp\/v2\/media\/139860"}],"wp:attachment":[{"href":"https:\/\/secureus.se\/pl\/wp-json\/wp\/v2\/media?parent=86555"}],"wp:term":[{"taxonomy":"product_brand","embeddable":true,"href":"https:\/\/secureus.se\/pl\/wp-json\/wp\/v2\/product_brand?post=86555"},{"taxonomy":"product_cat","embeddable":true,"href":"https:\/\/secureus.se\/pl\/wp-json\/wp\/v2\/product_cat?post=86555"},{"taxonomy":"product_tag","embeddable":true,"href":"https:\/\/secureus.se\/pl\/wp-json\/wp\/v2\/product_tag?post=86555"}],"curies":[{"name":"wp","href":"https:\/\/api.w.org\/{rel}","templated":true}]}}