{"id":86563,"date":"2023-09-27T18:01:24","date_gmt":"2023-09-27T16:01:24","guid":{"rendered":"https:\/\/secureus.se\/produkt\/motorlashus-840c-70-hi-o\/"},"modified":"2025-10-21T11:58:54","modified_gmt":"2025-10-21T09:58:54","slug":"motorlashus-840c-70-hi-o","status":"publish","type":"product","link":"https:\/\/secureus.se\/pl\/motorlashus-840c-70-hi-o\/","title":{"rendered":"Obudowa zamka silnika 840C-70 Hi-O"},"content":{"rendered":"<p><b>Opis:<br \/>\n<\/b><br \/>\nZamek silnikowy ASSA ABLOY 840C jest sprawdzony i popularny na rynku. Doskonale sprawdza si\u0119 jako ryglowanie dzienne, nocne i zabezpieczaj\u0105ce w drzwiach o wysokich wymaganiach bezpiecze\u0144stwa w handlu, biurach i przemy\u015ble. Motor Lock 840C to jednostka Hi-O, kt\u00f3r\u0105 mo\u017cna pod\u0142\u0105czy\u0107 do przetwornika DAC630 lub DAC530. Hi-O oznacza, \u017ce urz\u0105dzenia posiadaj\u0105 wbudowany mikrokomputer i komunikuj\u0105 si\u0119 ze sob\u0105 w celu instalacji typu plug-and-play, synchronizacji pracy drzwi, monitorowania zachowa\u0144 oraz przesy\u0142ania informacji diagnostycznych.<\/p>\n<div><\/div>\n<div><b>Cechy:<\/b><\/div>\n<div>\n<ul>\n<li>G\u0142\u0119boko\u015b\u0107 trzpienia 70 mm.<\/li>\n<li>Certyfikowany zgodnie z SSF3522, klasa 4<\/li>\n<li>Pr\u0119dko\u015b\u0107 otwierania poni\u017cej 1\/3 sekundy.<\/li>\n<li>Zamek mo\u017cna zawsze otworzy\u0107 za pomoc\u0105 klucza\/pokr\u0119t\u0142a.<\/li>\n<li>Wbudowany czujnik po\u0142o\u017cenia drzwi (magnes w p\u0142ycie ko\u0144cowej).<\/li>\n<li>Spadek ci\u015bnienia dopuszczony do monta\u017cu w komorze ogniowej, limit E\/EI 120.<\/li>\n<li>Certyfikowany zgodnie z norm\u0105 SS-EN 14846<\/li>\n<li>\u0141atwe prze\u0142\u0105czanie w prawo\/w lewo<\/li>\n<li>Mo\u017cna \u0142\u0105czy\u0107 z innymi urz\u0105dzeniami Hi-O bez jednostki steruj\u0105cej, np.: by\u0142y. zamek dzienny, automatyka drzwi i czytnik kart<\/li>\n<li>Temperatura blokady silnika \u2013 20\u00b0C \u2013 + 70\u00b0C<\/li>\n<li>Odpowiednia jednostka steruj\u0105ca wytrzymuje temperatur\u0119 +5\u00b0C \u2013 +40\u00b0C, wilgotno\u015b\u0107 wzgl\u0119dn\u0105 20 \u2013 90 %, bez kondensacji<\/li>\n<\/ul>\n<p><b>Dane techniczne:<\/b><\/p>\n<ul>\n<li>Napi\u0119cie robocze: 12-24 VDC statyczne -5%+15%<\/li>\n<li>Pob\u00f3r pr\u0105du: Reszta 50 mA Maks. 445 mA przy 24 VDC<\/li>\n<li>Certyfikowany zgodnie z EN14846<\/li>\n<\/ul>\n<\/div>","protected":false},"excerpt":{"rendered":"<p>Opis: Zamek silnikowy ASSA ABLOY 840C jest sprawdzony i popularny na rynku. \u015awietnie nadaje si\u0119 jako zamek dzienny, nocny i zabezpieczaj\u0105cy w drzwiach o wysokich wymaganiach bezpiecze\u0144stwa w obiektach handlowych, biurowych i przemys\u0142owych. Blokada silnika<\/p>","protected":false},"featured_media":140353,"template":"","meta":{"_acf_changed":false},"product_brand":[],"product_cat":[2874],"product_tag":[4110,4549,4540,4544,4542,4863,4550],"class_list":{"0":"post-86563","1":"product","2":"type-product","3":"status-publish","4":"has-post-thumbnail","6":"product_cat-motorlas","7":"product_tag-4110","8":"product_tag-dorndjup-70mm","9":"product_tag-krypterad-kommunikation-ja","10":"product_tag-nodutrymning-nej","11":"product_tag-panikutrymning-nej","12":"product_tag-pf","13":"product_tag-spanning-ac-dc","14":"product_shipping_class-tunga-paket","15":"pa_brands-abloy","16":"tm-no-options","18":"first","19":"onbackorder","20":"sale","21":"taxable","22":"shipping-taxable","23":"purchasable","24":"product-type-simple"},"acf":[],"_links":{"self":[{"href":"https:\/\/secureus.se\/pl\/wp-json\/wp\/v2\/product\/86563","targetHints":{"allow":["GET"]}}],"collection":[{"href":"https:\/\/secureus.se\/pl\/wp-json\/wp\/v2\/product"}],"about":[{"href":"https:\/\/secureus.se\/pl\/wp-json\/wp\/v2\/types\/product"}],"wp:featuredmedia":[{"embeddable":true,"href":"https:\/\/secureus.se\/pl\/wp-json\/wp\/v2\/media\/140353"}],"wp:attachment":[{"href":"https:\/\/secureus.se\/pl\/wp-json\/wp\/v2\/media?parent=86563"}],"wp:term":[{"taxonomy":"product_brand","embeddable":true,"href":"https:\/\/secureus.se\/pl\/wp-json\/wp\/v2\/product_brand?post=86563"},{"taxonomy":"product_cat","embeddable":true,"href":"https:\/\/secureus.se\/pl\/wp-json\/wp\/v2\/product_cat?post=86563"},{"taxonomy":"product_tag","embeddable":true,"href":"https:\/\/secureus.se\/pl\/wp-json\/wp\/v2\/product_tag?post=86563"}],"curies":[{"name":"wp","href":"https:\/\/api.w.org\/{rel}","templated":true}]}}