{"id":86565,"date":"2023-09-27T18:01:20","date_gmt":"2023-09-27T16:01:20","guid":{"rendered":"https:\/\/secureus.se\/produkt\/motorlas-841c-70-hi-o-sats\/"},"modified":"2025-10-21T11:58:56","modified_gmt":"2025-10-21T09:58:56","slug":"motorlas-841c-70-hi-o-sats","status":"publish","type":"product","link":"https:\/\/secureus.se\/pl\/motorlas-841c-70-hi-o-sats\/","title":{"rendered":"Blokada silnika 841C-70 Zestaw Hi-O"},"content":{"rendered":"<p>Zamek silnikowy ASSA ABLOY 841C jest sprawdzony i popularny na rynku. Doskonale sprawdza si\u0119 jako zamek nocny i zabezpieczaj\u0105cy w drzwiach o wysokich wymaganiach bezpiecze\u0144stwa w handlu, biurach i przemy\u015ble. Drzwi dzienne lub cz\u0119sto ucz\u0119szczane nale\u017cy uzupe\u0142ni\u0107 o zamek dzienny np. by\u0142y. zamek elektryczny lub elektryczna p\u0142yta ko\u0144cowa. Model 841C to urz\u0105dzenie Hi-O, kt\u00f3re mo\u017cna pod\u0142\u0105czy\u0107 do przetwornika DAC564 lub DAC630. Hi-O oznacza, \u017ce urz\u0105dzenia posiadaj\u0105 wbudowany mikrokomputer i komunikuj\u0105 si\u0119 ze sob\u0105 w celu instalacji typu plug-and-play, synchronizacji pracy drzwi, monitorowania zachowa\u0144 oraz przesy\u0142ania informacji diagnostycznych.<\/p>\n<p><b>Akcesoria zawarte w pakiecie zestawu:<\/b><\/p>\n<div>Blokada silnika 841C-70, jednostka steruj\u0105ca DAC630 Hi-O, p\u0142ytka przeka\u017anik\u00f3w 400RC64, p\u0142yta ko\u0144cowa 1487-2, kabel po\u0142\u0105czeniowy EA226 (10 m), przepust kablowy EA281.<\/div>\n<div>\n<div><\/div>\n<div>\n<p><b>W\u0142a\u015bciwo\u015bci:\u00a0\u00a0<\/b><\/p>\n<ul>\n<li>G\u0142\u0119boko\u015b\u0107 trzpienia 70 mm.<\/li>\n<li>Pr\u0119dko\u015b\u0107 otwierania poni\u017cej 1\/3 sekundy.<\/li>\n<li>Zamek mo\u017cna zawsze otworzy\u0107 za pomoc\u0105 klucza\/pokr\u0119t\u0142a.<\/li>\n<li>Wbudowany czujnik po\u0142o\u017cenia drzwi (magnes w p\u0142ycie ko\u0144cowej).<\/li>\n<li>Certyfikowany zgodnie z EN 14846<\/li>\n<li>Certyfikowany zgodnie z SSF 3522, klasa 4<\/li>\n<li>Mo\u017cna \u0142\u0105czy\u0107 z innymi urz\u0105dzeniami Hi-O bez jednostki steruj\u0105cej, np.: by\u0142y. zamek dzienny, automatyka drzwi i czytnik kart<\/li>\n<li>Dopuszczenie ogniowe E\/EI 120 (nie jako funkcja ognioodporna)<\/li>\n<li>Temperatura blokady silnika \u2013 20\u00b0C \u2013 + 70\u00b0C<\/li>\n<li>Odpowiednia jednostka steruj\u0105ca wytrzymuje temperatur\u0119 +5\u00b0C \u2013 +40\u00b0C, wilgotno\u015b\u0107 wzgl\u0119dn\u0105 20 \u2013 90 %, bez kondensacji<\/li>\n<li>Z kablem po\u0142\u0105czeniowym EA226 10 metr\u00f3w<\/li>\n<\/ul>\n<p><b>Jednostka steruj\u0105ca DAC630 Hi-O + p\u0142ytka przeka\u017anik\u00f3w 400RC64:<\/b><b>\u00a0<\/b><\/p>\n<ul>\n<li>Pe\u0142ni funkcj\u0119 interfejsu do \u015bwiata zewn\u0119trznego, do powierzchni systemu magistrali Hi-O, np.: systemy dost\u0119pu lub systemy alarmowe<\/li>\n<li>Komunikuje si\u0119 z blokad\u0105 silnika poprzez magistral\u0119 Hi-O<\/li>\n<li>Dostarcza sygna\u0142\u00f3w do systemu nadrz\u0119dnego w celu obs\u0142ugi blokady silnika<\/li>\n<li>Aktywuje wyj\u015bcie alarmowe w przypadku awarii<\/li>\n<li>Pod\u0142\u0105cza si\u0119 do \u017ar\u00f3d\u0142a napi\u0119cia<\/li>\n<li>Umo\u017cliwia uzupe\u0142nienie o zewn\u0119trzny czujnik po\u0142o\u017cenia drzwi (styk magnetyczny)<\/li>\n<li>Steruje tak\u017ce dodatkowymi (innymi ni\u017c Hi-O) \u015bluzami dziennymi, tworz\u0105c kompletn\u0105 kombinacj\u0119 dzie\u0144\/noc<\/li>\n<\/ul>\n<p><b>Dane techniczne:\u00a0<\/b><\/p>\n<ul>\n<li>Napi\u0119cie robocze: 12-24 VDC statyczne -5%+15%<\/li>\n<li>Pob\u00f3r pr\u0105du: Reszta 50 mA Maks. 445 mA przy 24 VDC<\/li>\n<li>Certyfikowany zgodnie z EN14846<\/li>\n<\/ul>\n<\/div>\n<\/div>","protected":false},"excerpt":{"rendered":"<p>Zamek silnikowy ASSA ABLOY 841C jest sprawdzony i popularny na rynku. \u015awietnie nadaje si\u0119 jako zamek nocny i zabezpieczaj\u0105cy do drzwi o wysokich wymaganiach bezpiecze\u0144stwa w obiektach handlowych, biurowych i przemys\u0142owych. Blokada dzienna lub wysoka cz\u0119stotliwo\u015b\u0107<\/p>","protected":false},"featured_media":139362,"template":"","meta":{"_acf_changed":false},"product_brand":[],"product_cat":[2874],"product_tag":[4549,4543,4540,4544,4542,4863,4550],"class_list":{"0":"post-86565","1":"product","2":"type-product","3":"status-publish","4":"has-post-thumbnail","6":"product_cat-motorlas","7":"product_tag-dorndjup-70mm","8":"product_tag-komplett-sats-ja","9":"product_tag-krypterad-kommunikation-ja","10":"product_tag-nodutrymning-nej","11":"product_tag-panikutrymning-nej","12":"product_tag-pf","13":"product_tag-spanning-ac-dc","14":"product_shipping_class-tunga-paket","15":"pa_brands-abloy","16":"tm-no-options","18":"first","19":"onbackorder","20":"sale","21":"taxable","22":"shipping-taxable","23":"purchasable","24":"product-type-simple"},"acf":[],"_links":{"self":[{"href":"https:\/\/secureus.se\/pl\/wp-json\/wp\/v2\/product\/86565","targetHints":{"allow":["GET"]}}],"collection":[{"href":"https:\/\/secureus.se\/pl\/wp-json\/wp\/v2\/product"}],"about":[{"href":"https:\/\/secureus.se\/pl\/wp-json\/wp\/v2\/types\/product"}],"wp:featuredmedia":[{"embeddable":true,"href":"https:\/\/secureus.se\/pl\/wp-json\/wp\/v2\/media\/139362"}],"wp:attachment":[{"href":"https:\/\/secureus.se\/pl\/wp-json\/wp\/v2\/media?parent=86565"}],"wp:term":[{"taxonomy":"product_brand","embeddable":true,"href":"https:\/\/secureus.se\/pl\/wp-json\/wp\/v2\/product_brand?post=86565"},{"taxonomy":"product_cat","embeddable":true,"href":"https:\/\/secureus.se\/pl\/wp-json\/wp\/v2\/product_cat?post=86565"},{"taxonomy":"product_tag","embeddable":true,"href":"https:\/\/secureus.se\/pl\/wp-json\/wp\/v2\/product_tag?post=86565"}],"curies":[{"name":"wp","href":"https:\/\/api.w.org\/{rel}","templated":true}]}}