{"id":86568,"date":"2023-09-11T15:23:35","date_gmt":"2023-09-11T13:23:35","guid":{"rendered":"https:\/\/secureus.se\/produkt\/larmdosa-8-polig-med-skruv-classic\/"},"modified":"2025-12-31T20:47:31","modified_gmt":"2025-12-31T19:47:31","slug":"larmdosa-8-polig-med-skruv-classic","status":"publish","type":"product","link":"https:\/\/secureus.se\/pl\/larmdosa-8-polig-med-skruv-classic\/","title":{"rendered":"Skrzynka alarmowa 8-biegunowa ze \u015brub\u0105 - Classic"},"content":{"rendered":"<p><span class=\"ui-provider ep bqx bqk bqy bqz bra brb brc brd bre brf brg brh bri brj brk brl brm brn bro brp brq brr brs brt bru brv brw brx bry brz bsa bsb bsc bsd\" dir=\"ltr\">Skrzynka alarmowa ze \u015brub\u0105 do alarm\u00f3w - instalacje bezpiecze\u0144stwa i teletechniczne. <\/span><\/p>\n<p><span class=\"ui-provider ep bqx bqk bqy bqz bra brb brc brd bre brf brg brh bri brj brk brl brm brn bro brp brq brr brs brt bru brv brw brx bry brz bsa bsb bsc bsd\" dir=\"ltr\">Je\u015bli chcesz umie\u015bci\u0107 swoje logo i wi\u0119ksze nak\u0142ady, skontaktuj si\u0119 z nami. \u00a0<\/span><\/p>\n<p><span class=\"ui-provider ep bqx bqk bqy bqz bra brb brc brd bre brf brg brh bri brj brk brl brm brn bro brp brq brr brs brt bru brv brw brx bry brz bsa bsb bsc bsd\" dir=\"ltr\">Skrzynka wyposa\u017cona jest w wy\u0142\u0105cznik sabota\u017cowy, kt\u00f3ry uruchamia si\u0119 po otwarciu pokrywy.\u00a0<\/span><\/p>","protected":false},"excerpt":{"rendered":"<p><span class=\"ui-provider ep bqx bqk bqy bqz bra brb brc brd bre brf brg brh bri brj brk brl brm brn bro brp brq brr brs brt bru brv brw brx bry brz bsa bsb bsc bsd\" dir=\"ltr\">Ta skrzynka alarmowa istnieje na rynku od ponad 30 lat i jest r\u00f3wnie popularna w\u015br\u00f3d instalator\u00f3w zabezpiecze\u0144.<\/span><\/p>","protected":false},"featured_media":141004,"template":"","meta":{"_acf_changed":false},"product_brand":[],"product_cat":[1545],"product_tag":[2958],"class_list":{"0":"post-86568","1":"product","2":"type-product","3":"status-publish","4":"has-post-thumbnail","6":"product_cat-kopplingsdosa-larmdosa","7":"product_tag-stonehouse-produkt","8":"product_shipping_class-postnord-varubrev","9":"pa_brands-stonehouse-security","10":"tm-no-options","12":"first","13":"instock","14":"sale","15":"featured","16":"taxable","17":"shipping-taxable","18":"purchasable","19":"product-type-simple"},"acf":[],"_links":{"self":[{"href":"https:\/\/secureus.se\/pl\/wp-json\/wp\/v2\/product\/86568","targetHints":{"allow":["GET"]}}],"collection":[{"href":"https:\/\/secureus.se\/pl\/wp-json\/wp\/v2\/product"}],"about":[{"href":"https:\/\/secureus.se\/pl\/wp-json\/wp\/v2\/types\/product"}],"wp:featuredmedia":[{"embeddable":true,"href":"https:\/\/secureus.se\/pl\/wp-json\/wp\/v2\/media\/141004"}],"wp:attachment":[{"href":"https:\/\/secureus.se\/pl\/wp-json\/wp\/v2\/media?parent=86568"}],"wp:term":[{"taxonomy":"product_brand","embeddable":true,"href":"https:\/\/secureus.se\/pl\/wp-json\/wp\/v2\/product_brand?post=86568"},{"taxonomy":"product_cat","embeddable":true,"href":"https:\/\/secureus.se\/pl\/wp-json\/wp\/v2\/product_cat?post=86568"},{"taxonomy":"product_tag","embeddable":true,"href":"https:\/\/secureus.se\/pl\/wp-json\/wp\/v2\/product_tag?post=86568"}],"curies":[{"name":"wp","href":"https:\/\/api.w.org\/{rel}","templated":true}]}}