{"id":86613,"date":"2023-10-27T10:44:38","date_gmt":"2023-10-27T08:44:38","guid":{"rendered":"https:\/\/secureus.se\/produkt\/fargo-dtc4500e-plastic-card-printer-with-lamination-and-iso-magnetic-encoder-dual-sided\/"},"modified":"2026-03-26T10:14:44","modified_gmt":"2026-03-26T09:14:44","slug":"kortskrivare-fargo-dtc4500e-duplex-3","status":"publish","type":"product","link":"https:\/\/secureus.se\/pl\/kortskrivare-fargo-dtc4500e-duplex-3\/","title":{"rendered":"Drukarka kart Fargo DTC4500e Duplex - z laminowaniem, enkoderem magnetycznym ISO"},"content":{"rendered":"<p><strong>Maksymalna wydajno\u015b\u0107 z Fargo DTC4500e:<\/strong> Dwustronna drukarka do kart identyfikacyjnych Fargo DTC4500e jest przeznaczona dla organizacji, kt\u00f3re potrzebuj\u0105 du\u017cej wydajno\u015bci i elastyczno\u015bci w drukowaniu kart identyfikacyjnych. Dzi\u0119ki solidnemu i niezawodnemu mechanizmowi druku ta drukarka zapewnia szybko\u015b\u0107, moc i wszechstronno\u015b\u0107.<\/p>\n<p><strong>Funkcje i zalety:<\/strong><\/p>\n<ul>\n<li><strong>Wysoka pojemno\u015b\u0107:<\/strong> Wyposa\u017cone w du\u017ce rolki, kt\u00f3re pozwalaj\u0105 na dwa razy wi\u0119ksz\u0105 liczb\u0119 kolorowych kart przed konieczno\u015bci\u0105 wymiany rolki, oszcz\u0119dzaj\u0105c czas i zwi\u0119kszaj\u0105c wydajno\u015b\u0107.<\/li>\n<li><strong>Bezpiecze\u0144stwo:<\/strong> Opatentowane rozwi\u0105zanie bezpiecze\u0144stwa i enkoder magnetyczny ISO umo\u017cliwiaj\u0105 kodowanie kart zawieraj\u0105cych informacje zabezpieczaj\u0105ce.<\/li>\n<li><strong>Elastyczno\u015b\u0107:<\/strong> Modu\u0142owo\u015b\u0107 konstrukcji umo\u017cliwia modernizacj\u0119 w terenie w zakresie technologii laminowania i kodowania kart.<\/li>\n<li><strong>Znajomo\u015bci:<\/strong> \u0141atwo integruje si\u0119 z istniej\u0105c\u0105 infrastruktur\u0105 IT za po\u015brednictwem USB i Ethernet, umo\u017cliwiaj\u0105c scentralizowane lub zdalne wydawanie dowod\u00f3w osobistych.<\/li>\n<\/ul>\n<p><strong>Specyfikacja techniczna:<\/strong><\/p>\n<ul>\n<li><strong>Szybko\u015b\u0107 druku:<\/strong> Do 120 kart na godzin\u0119 (druk kolorowy, dwustronny).<\/li>\n<li><strong>Pojemno\u015b\u0107:<\/strong> Podajnik kart z podw\u00f3jnym wej\u015bciem na 200 kart i wyj\u015bciem do 100 kart.<\/li>\n<li><strong>Typ karty:<\/strong> Format ISO 7810, CR80, rozmiar ID-1, kompatybilny z kartami PVC, PET i PC.<\/li>\n<\/ul>\n<p>Dzi\u0119ki trzyletniej gwarancji i trwa\u0142ej konstrukcji Fargo DTC4500e oferuje niezawodne i d\u0142ugoterminowe rozwi\u0105zanie spe\u0142niaj\u0105ce wszystkie potrzeby w zakresie drukowania kart identyfikacyjnych.<\/p>","protected":false},"excerpt":{"rendered":"<p>Fargo DTC4500e to dwustronna drukarka do kart identyfikacyjnych z USB i Ethernetem, wyposa\u017cona w koder pask\u00f3w magnetycznych ISO i bez zamykanych tac.<\/p>\n<p>Oferuje du\u017c\u0105 obj\u0119to\u015b\u0107 i jako\u015b\u0107 dzi\u0119ki laminacji, zapewniaj\u0105c trwa\u0142e i bezpieczne karty identyfikacyjne.<\/p>\n<p>Dzi\u0119ki imponuj\u0105cej wydajno\u015bci drukowania i trzyletniej gwarancji DTC4500e jest idealnym rozwi\u0105zaniem dla Twoich potrzeb w zakresie dowod\u00f3w osobistych.<\/p>","protected":false},"featured_media":138871,"template":"","meta":{"_acf_changed":false},"product_brand":[],"product_cat":[3206],"product_tag":[2830,3172,3177,4863,3069],"class_list":{"0":"post-86613","1":"product","2":"type-product","3":"status-publish","4":"has-post-thumbnail","6":"product_cat-fargo","7":"product_tag-kortprinter-direct-to-card","8":"product_tag-dubbelsidig-dual-side","9":"product_tag-fargo","10":"product_tag-pf","11":"product_tag-trade-produkt","12":"product_shipping_class-tunga-paket","13":"pa_brands-fargo","14":"pa_fabrikat-kortskrivare-fargo","15":"tm-no-options","17":"first","18":"outofstock","19":"sale","20":"taxable","21":"shipping-taxable","22":"purchasable","23":"product-type-simple"},"acf":[],"_links":{"self":[{"href":"https:\/\/secureus.se\/pl\/wp-json\/wp\/v2\/product\/86613","targetHints":{"allow":["GET"]}}],"collection":[{"href":"https:\/\/secureus.se\/pl\/wp-json\/wp\/v2\/product"}],"about":[{"href":"https:\/\/secureus.se\/pl\/wp-json\/wp\/v2\/types\/product"}],"wp:featuredmedia":[{"embeddable":true,"href":"https:\/\/secureus.se\/pl\/wp-json\/wp\/v2\/media\/138871"}],"wp:attachment":[{"href":"https:\/\/secureus.se\/pl\/wp-json\/wp\/v2\/media?parent=86613"}],"wp:term":[{"taxonomy":"product_brand","embeddable":true,"href":"https:\/\/secureus.se\/pl\/wp-json\/wp\/v2\/product_brand?post=86613"},{"taxonomy":"product_cat","embeddable":true,"href":"https:\/\/secureus.se\/pl\/wp-json\/wp\/v2\/product_cat?post=86613"},{"taxonomy":"product_tag","embeddable":true,"href":"https:\/\/secureus.se\/pl\/wp-json\/wp\/v2\/product_tag?post=86613"}],"curies":[{"name":"wp","href":"https:\/\/api.w.org\/{rel}","templated":true}]}}