{"id":86616,"date":"2026-04-09T15:52:31","date_gmt":"2026-04-09T13:52:31","guid":{"rendered":"https:\/\/secureus.se\/produkt\/evolis-agilia-duplex-retransfer-id-card-printer-dual-sided\/"},"modified":"2026-04-15T11:15:00","modified_gmt":"2026-04-15T09:15:00","slug":"kortskrivare-evolis-agilia-duplex","status":"publish","type":"product","link":"https:\/\/secureus.se\/pl\/kortskrivare-evolis-agilia-duplex\/","title":{"rendered":"Drukarka kart Evolis Agilia Duplex \u2013 wydruki retransferowe w rozdzielczo\u015bci 600 DPI"},"content":{"rendered":"<p><strong>Do\u015bwiadcz perfekcji drukowania dzi\u0119ki Evolis Agilia:<\/strong> Drukarka kart identyfikacyjnych Evolis Agilia Duplex Retransfer to idealne rozwi\u0105zanie dla firm i organizacji, kt\u00f3re wymagaj\u0105 wysokiej rozdzielczo\u015bci i profesjonalnie zaprojektowanych kart identyfikacyjnych.<\/p>\n<p>Dzi\u0119ki imponuj\u0105cej rozdzielczo\u015bci druku 600 DPI, Agilia zapewnia wyj\u0105tkow\u0105 jako\u015b\u0107 obrazu, kt\u00f3ra naprawd\u0119 przyci\u0105ga wzrok.<\/p>\n<p>Niezale\u017cnie od tego, czy potrzebujesz dowod\u00f3w osobistych dla pracownik\u00f3w, cz\u0142onkostwa czy wniosk\u00f3w zwi\u0105zanych z bezpiecze\u0144stwem, ta drukarka oferuje wyj\u0105tkow\u0105 wydajno\u015b\u0107 i niezawodno\u015b\u0107.<\/p>\n<p><strong>Funkcje i zalety:<\/strong><\/p>\n<ul>\n<li><strong>Op\u0142acalne:<\/strong> Dzi\u0119ki najni\u017cszemu kosztowi wydruku w swojej klasie, Agilia oszcz\u0119dza czas i pieni\u0105dze, co czyni j\u0105 najbardziej op\u0142acalnym wyborem na rynku.<\/li>\n<li><strong>Wszechstronna obs\u0142uga kart:<\/strong> Drukarka z \u0142atwo\u015bci\u0105 obs\u0142uguje wszystkie rodzaje kartonu (rozmiar CR80), w tym PCV i kompozyty, dzi\u0119ki czemu Twoje karty zawsze wygl\u0105daj\u0105 profesjonalnie.<\/li>\n<li><strong>Drukowanie na ca\u0142ej kraw\u0119dzi:<\/strong> \u017baden szczeg\u00f3\u0142 nie zostanie pomini\u0119ty dzi\u0119ki doskona\u0142ej technologii retransferu, kt\u00f3ra gwarantuje, \u017ce ka\u017cda karta ma doskona\u0142e wyko\u0144czenie bez bia\u0142ych kraw\u0119dzi.<\/li>\n<li><strong>Niestandardowe profilowanie kolor\u00f3w:<\/strong> Dzi\u0119ki zaawansowanym opcjom dostosowywania kolor\u00f3w mo\u017cesz mie\u0107 pewno\u015b\u0107, \u017ce ka\u017cda karta dok\u0142adnie oddaje kolory i szczeg\u00f3\u0142y wa\u017cne dla Twojej marki.<\/li>\n<\/ul>\n<p><strong>Obszary zastosowania:<\/strong> Evolis Agilia idealnie nadaje si\u0119 do r\u00f3\u017cnych zastosowa\u0144, od identyfikator\u00f3w firmowych i kart cz\u0142onkowskich po karty bezpiecze\u0144stwa i legitymacje studenckie.<\/p>\n<p>Dzi\u0119ki du\u017cej pr\u0119dko\u015bci druku do 100 kart na godzin\u0119 (druk w kolorze, dwustronnie) i pojemno\u015bci do 200 kart, drukarka ta idealnie nadaje si\u0119 zar\u00f3wno do ma\u0142ych, jak i du\u017cych nak\u0142ad\u00f3w.<\/p>\n<p><strong>Specyfikacja techniczna:<\/strong><\/p>\n<ul>\n<li><strong>Szybko\u015b\u0107 druku:<\/strong> Do 100 kart na godzin\u0119 (druk kolorowy, dwustronny).<\/li>\n<li><strong>Pojemno\u015b\u0107:<\/strong> Podajnik na 200 kart i wyj\u015bcie na 100 kart.<\/li>\n<li><strong>Opcje bezpiecze\u0144stwa:<\/strong> Wbudowane funkcje, takie jak druk UV i mikrotekst, zwi\u0119kszaj\u0105 bezpiecze\u0144stwo Twoich kart, a Agilia jest r\u00f3wnie\u017c kompatybilna z laminowaniem dla dodatkowej ochrony.<\/li>\n<\/ul>\n<p>Wybierz Evolis Agilia, aby uzyska\u0107 niezawodne, wysokiej jako\u015bci i ekonomiczne rozwi\u0105zanie spe\u0142niaj\u0105ce Twoje potrzeby zwi\u0105zane z dowodem osobistym. Poczuj r\u00f3\u017cnic\u0119 z Evolis i przenie\u015b drukowanie kart na wy\u017cszy poziom!<\/p>","protected":false},"excerpt":{"rendered":"<p>Do\u015bwiadcz \u015bwiatowej klasy drukowania dzi\u0119ki drukarce kart identyfikacyjnych Evolis Agilia Duplex Retransfer.<\/p>\n<p>Dzi\u0119ki rozdzielczo\u015bci 600 DPI mo\u017cesz produkowa\u0107 najwy\u017cszej jako\u015bci karty bez bia\u0142ych obramowa\u0144.<\/p>\n<p>Ta drukarka obs\u0142uguje wszystkie rodzaje kart (rozmiar CR80) i idealnie nadaje si\u0119 do zastosowa\u0144 zwi\u0105zanych z bezpiecze\u0144stwem, co czyni j\u0105 najbardziej op\u0142acalnym wyborem na rynku.<\/p>","protected":false},"featured_media":139878,"template":"","meta":{"_acf_changed":false},"product_brand":[],"product_cat":[3205],"product_tag":[3172,3176,4863,2831,3069],"class_list":{"0":"post-86616","1":"product","2":"type-product","3":"status-publish","4":"has-post-thumbnail","6":"product_cat-evolis","7":"product_tag-dubbelsidig-dual-side","8":"product_tag-evolis","9":"product_tag-pf","10":"product_tag-kortprinter-retransfer","11":"product_tag-trade-produkt","12":"product_shipping_class-tunga-paket","13":"pa_brands-evolis","14":"pa_fabrikat-kortskrivare-evolis","15":"tm-no-options","17":"first","18":"instock","19":"sale","20":"taxable","21":"shipping-taxable","22":"purchasable","23":"product-type-simple"},"acf":[],"_links":{"self":[{"href":"https:\/\/secureus.se\/pl\/wp-json\/wp\/v2\/product\/86616","targetHints":{"allow":["GET"]}}],"collection":[{"href":"https:\/\/secureus.se\/pl\/wp-json\/wp\/v2\/product"}],"about":[{"href":"https:\/\/secureus.se\/pl\/wp-json\/wp\/v2\/types\/product"}],"wp:featuredmedia":[{"embeddable":true,"href":"https:\/\/secureus.se\/pl\/wp-json\/wp\/v2\/media\/139878"}],"wp:attachment":[{"href":"https:\/\/secureus.se\/pl\/wp-json\/wp\/v2\/media?parent=86616"}],"wp:term":[{"taxonomy":"product_brand","embeddable":true,"href":"https:\/\/secureus.se\/pl\/wp-json\/wp\/v2\/product_brand?post=86616"},{"taxonomy":"product_cat","embeddable":true,"href":"https:\/\/secureus.se\/pl\/wp-json\/wp\/v2\/product_cat?post=86616"},{"taxonomy":"product_tag","embeddable":true,"href":"https:\/\/secureus.se\/pl\/wp-json\/wp\/v2\/product_tag?post=86616"}],"curies":[{"name":"wp","href":"https:\/\/api.w.org\/{rel}","templated":true}]}}