{"id":86997,"date":"2023-11-03T12:00:39","date_gmt":"2023-11-03T11:00:39","guid":{"rendered":"https:\/\/secureus.se\/?post_type=product&#038;p=86997"},"modified":"2025-10-16T15:12:48","modified_gmt":"2025-10-16T13:12:48","slug":"salto-pcd04kb-4k-desfire-kort-100-pack","status":"publish","type":"product","link":"https:\/\/secureus.se\/pl\/salto-pcd04kb-4k-desfire-kort-100-pack\/","title":{"rendered":"Karta Salto PCD04KB 4K DESFire - Bezpieczny RFID"},"content":{"rendered":"<h1>Karta Salto PCD04KB 4K DESFire - Bezpieczny RFID<\/h1>\n<p>Karta Salto PCD04KB 4K DESFire oferuje bezpieczne i niezawodne rozwi\u0105zanie do bezdotykowego zarz\u0105dzania to\u017csamo\u015bci\u0105 i kontroli dost\u0119pu. Dzi\u0119ki pojemno\u015bci pami\u0119ci 4 KB i wysokiemu bezpiecze\u0144stwu karty te zosta\u0142y zaprojektowane tak, aby spe\u0142nia\u0107 potrzeby nowoczesnych system\u00f3w bezpiecze\u0144stwa.<\/p>\n<p>Karty s\u0105 kompatybilne z czytnikami Mifare i pracuj\u0105 w cz\u0119stotliwo\u015bci 13,56 MHz, co umo\u017cliwia szybki i wydajny transfer danych. Ustandaryzowany rozmiar CR80 (86 mm x 54 mm) sprawia, \u017ce karty nadaj\u0105 si\u0119 do r\u00f3\u017cnych zastosowa\u0144, w tym kontroli dost\u0119pu, weryfikacji to\u017csamo\u015bci i innych rozwi\u0105za\u0144 RFID.<\/p>\n<p>Ka\u017cde opakowanie zawiera 100 kart, co czyni je ekonomicznym rozwi\u0105zaniem zar\u00f3wno dla ma\u0142ych, jak i du\u017cych firm, kt\u00f3re chc\u0105 zapewni\u0107 bezpiecze\u0144stwo i wydajno\u015b\u0107.<\/p>\n<p><strong>Funkcje i zalety<\/strong>:<\/p>\n<ul>\n<li>Pojemno\u015b\u0107 pami\u0119ci 4K bajt\u00f3w zapewniaj\u0105ca wysokie bezpiecze\u0144stwo<\/li>\n<li>Kompatybilny z czytnikami Mifare (tylko do odczytu)<\/li>\n<li>Dzia\u0142a z cz\u0119stotliwo\u015bci\u0105 13,56 MHz, zapewniaj\u0105c szybk\u0105 komunikacj\u0119<\/li>\n<li>Standardowy rozmiar CR80 dla \u0142atwo\u015bci u\u017cytkowania<\/li>\n<\/ul>\n<p><strong>Specyfikacja techniczna<\/strong>:<\/p>\n<ul>\n<li><strong>Pojemno\u015b\u0107 pami\u0119ci<\/strong>: 4 KB<\/li>\n<li><strong>Cz\u0119stotliwo\u015b\u0107<\/strong>: 13,56 MHz<\/li>\n<li><strong>Rozmiar<\/strong>: CR80 (86mm x 54mm)<\/li>\n<li><strong>Waga (opakowanie)<\/strong>: 0,50 kg<\/li>\n<\/ul>","protected":false},"excerpt":{"rendered":"<p>Ten produkt posiada certyfikowany chip firmy NXP\u00ae, kt\u00f3ra jest globaln\u0105 firm\u0105 technologiczn\u0105 z siedzib\u0105 w Holandii. NXP\u00ae specjalizuje si\u0119 w RFID i NFC i oferuje szerok\u0105 gam\u0119 produkt\u00f3w z zakresu bezpiecze\u0144stwa, \u0142\u0105czno\u015bci i rozwi\u0105za\u0144 wbudowanych.<\/p>\n<p>Salto PCD04KB to karta 4K DESFire o pojemno\u015bci 4 Kbajt\u00f3w, co gwarantuje wysokie bezpiecze\u0144stwo.<\/p>\n<p>Karty te s\u0105 kompatybilne z systemem kart Mifare i pracuj\u0105 w cz\u0119stotliwo\u015bci 13,56 MHz.<\/p>\n<p>Sprzedawane w opakowaniach po 100 sztuk.<\/p>","protected":false},"featured_media":138765,"template":"","meta":{"_acf_changed":false},"product_brand":[],"product_cat":[1711,4231],"product_tag":[4538,4146,3077,2151,3084,3069],"class_list":{"0":"post-86997","1":"product","2":"type-product","3":"status-publish","4":"has-post-thumbnail","6":"product_cat-rfid-kort","7":"product_cat-rfid-kort-salto","8":"product_tag-100-pack-lopnummer-rfid-kort","9":"product_tag-nxp","10":"product_tag-rfid-desfire","11":"product_tag-rfid-salto","12":"product_tag-trade-rfid-kort","13":"product_tag-trade-produkt","14":"product_shipping_class-postnord-varubrev","15":"pa_brands-salto","16":"pa_plastkort-teknik-salto","17":"tm-no-options","19":"first","20":"outofstock","21":"sale","22":"taxable","23":"shipping-taxable","24":"purchasable","25":"product-type-simple"},"acf":[],"_links":{"self":[{"href":"https:\/\/secureus.se\/pl\/wp-json\/wp\/v2\/product\/86997","targetHints":{"allow":["GET"]}}],"collection":[{"href":"https:\/\/secureus.se\/pl\/wp-json\/wp\/v2\/product"}],"about":[{"href":"https:\/\/secureus.se\/pl\/wp-json\/wp\/v2\/types\/product"}],"wp:featuredmedia":[{"embeddable":true,"href":"https:\/\/secureus.se\/pl\/wp-json\/wp\/v2\/media\/138765"}],"wp:attachment":[{"href":"https:\/\/secureus.se\/pl\/wp-json\/wp\/v2\/media?parent=86997"}],"wp:term":[{"taxonomy":"product_brand","embeddable":true,"href":"https:\/\/secureus.se\/pl\/wp-json\/wp\/v2\/product_brand?post=86997"},{"taxonomy":"product_cat","embeddable":true,"href":"https:\/\/secureus.se\/pl\/wp-json\/wp\/v2\/product_cat?post=86997"},{"taxonomy":"product_tag","embeddable":true,"href":"https:\/\/secureus.se\/pl\/wp-json\/wp\/v2\/product_tag?post=86997"}],"curies":[{"name":"wp","href":"https:\/\/api.w.org\/{rel}","templated":true}]}}