{"id":87001,"date":"2023-11-03T12:00:41","date_gmt":"2023-11-03T11:00:41","guid":{"rendered":"https:\/\/secureus.se\/?post_type=product&#038;p=87001"},"modified":"2026-02-25T15:58:00","modified_gmt":"2026-02-25T14:58:00","slug":"mifare-desfire-4k-nxp-ev3-kort-100-pack","status":"publish","type":"product","link":"https:\/\/secureus.se\/pl\/mifare-desfire-4k-nxp-ev3-kort-100-pack\/","title":{"rendered":"Karta Mifare DESFire 4K NXP EV3 - Bezdotykowa RFID (opakowanie 100 sztuk)"},"content":{"rendered":"<h1>Karta Mifare DESFire 4K NXP EV3 - Bezdotykowy RFID<\/h1>\n<p>Karty Mifare DESFire 4K NXP EV3 oferuj\u0105 bezpieczne i wydajne rozwi\u0105zanie do bezdotykowego przechowywania i przesy\u0142ania danych. Wyposa\u017cone w oryginalny chip NXP i pojemno\u015b\u0107 pami\u0119ci 4 KB, karty te doskonale nadaj\u0105 si\u0119 do r\u00f3\u017cnych zastosowa\u0144, takich jak zarz\u0105dzanie to\u017csamo\u015bci\u0105, kontrola dost\u0119pu i mikrop\u0142atno\u015bci.<\/p>\n<p>Karty maj\u0105 standardowy rozmiar CR80 (86 mm x 54 mm), dzi\u0119ki czemu s\u0105 \u0142atwe w u\u017cyciu i integracji z istniej\u0105cymi systemami. Pracuj\u0105 na cz\u0119stotliwo\u015bci 13,56 MHz, co gwarantuje szybk\u0105 i bezpieczn\u0105 komunikacj\u0119. Niezale\u017cnie od tego, czy zarz\u0105dzasz aktywami w budynku, czy dokonujesz p\u0142atno\u015bci, karty Mifare DESFire 4K oferuj\u0105 niezawodne i elastyczne rozwi\u0105zanie.<\/p>\n<p>Ka\u017cde opakowanie zawiera 100 kart, co czyni je op\u0142acaln\u0105 opcj\u0105 zar\u00f3wno dla ma\u0142ych, jak i du\u017cych firm, kt\u00f3re potrzebuj\u0105 wysokiego bezpiecze\u0144stwa i \u0142atwo\u015bci obs\u0142ugi w swoich systemach.<\/p>\n<p><strong>Funkcje i zalety<\/strong>:<\/p>\n<ul>\n<li>Karty zbli\u017ceniowe z oryginalnym chipem NXP<\/li>\n<li>Pojemno\u015b\u0107 pami\u0119ci 4 KB do obszernego przechowywania<\/li>\n<li>Standardowy rozmiar CR80 dla \u0142atwo\u015bci u\u017cytkowania<\/li>\n<li>Dzia\u0142a z cz\u0119stotliwo\u015bci\u0105 13,56 MHz, zapewniaj\u0105c szybk\u0105 komunikacj\u0119<\/li>\n<li>Idealny do identyfikacji, kontroli dost\u0119pu i mikrop\u0142atno\u015bci<\/li>\n<\/ul>\n<p><strong>Specyfikacja techniczna<\/strong>:<\/p>\n<ul>\n<li><strong>Pojemno\u015b\u0107 pami\u0119ci<\/strong>: 4 KB<\/li>\n<li><strong>Cz\u0119stotliwo\u015b\u0107<\/strong>: 13,56 MHz<\/li>\n<li><strong>Rozmiar<\/strong>: Standardowy CR80 (86 mm x 54 mm)<\/li>\n<li><strong>Waga (opakowanie)<\/strong>: 0,59 kg<\/li>\n<\/ul>","protected":false},"excerpt":{"rendered":"<p>Ten produkt posiada certyfikowany chip firmy NXP\u00ae, kt\u00f3ra jest globaln\u0105 firm\u0105 technologiczn\u0105 z siedzib\u0105 w Holandii. NXP\u00ae specjalizuje si\u0119 w RFID i NFC i oferuje szerok\u0105 gam\u0119 produkt\u00f3w z zakresu bezpiecze\u0144stwa, \u0142\u0105czno\u015bci i rozwi\u0105za\u0144 wbudowanych.<\/p>\n<p>Karty Mifare DESFire 4K NXP EV3 to bezdotykowe karty RFID z oryginalnym chipem NXP i pojemno\u015bci\u0105 pami\u0119ci 4 KB.<\/p>\n<p>Karty te dzia\u0142aj\u0105 z cz\u0119stotliwo\u015bci\u0105 13,56 MHz i idealnie nadaj\u0105 si\u0119 do wielu zastosowa\u0144, w tym do zarz\u0105dzania to\u017csamo\u015bci\u0105, kontroli dost\u0119pu i mikrop\u0142atno\u015bci.<\/p>\n<p>Sprzedawane w opakowaniach po 100 sztuk.<\/p>","protected":false},"featured_media":148203,"template":"","meta":{"_acf_changed":false},"product_brand":[],"product_cat":[4233,1711],"product_tag":[4538,3143,4146,3077,3084,3069],"class_list":{"0":"post-87001","1":"product","2":"type-product","3":"status-publish","4":"has-post-thumbnail","6":"product_cat-rfid-kort-desfire","7":"product_cat-rfid-kort","8":"product_tag-100-pack-lopnummer-rfid-kort","9":"product_tag-desfire-ev3-4k","10":"product_tag-nxp","11":"product_tag-rfid-desfire","12":"product_tag-trade-rfid-kort","13":"product_tag-trade-produkt","14":"product_shipping_class-postnord-varubrev","15":"pa_plastkort-teknik-desfire","16":"tm-has-options","18":"first","19":"instock","20":"taxable","21":"shipping-taxable","22":"purchasable","23":"product-type-simple"},"acf":[],"_links":{"self":[{"href":"https:\/\/secureus.se\/pl\/wp-json\/wp\/v2\/product\/87001","targetHints":{"allow":["GET"]}}],"collection":[{"href":"https:\/\/secureus.se\/pl\/wp-json\/wp\/v2\/product"}],"about":[{"href":"https:\/\/secureus.se\/pl\/wp-json\/wp\/v2\/types\/product"}],"wp:featuredmedia":[{"embeddable":true,"href":"https:\/\/secureus.se\/pl\/wp-json\/wp\/v2\/media\/148203"}],"wp:attachment":[{"href":"https:\/\/secureus.se\/pl\/wp-json\/wp\/v2\/media?parent=87001"}],"wp:term":[{"taxonomy":"product_brand","embeddable":true,"href":"https:\/\/secureus.se\/pl\/wp-json\/wp\/v2\/product_brand?post=87001"},{"taxonomy":"product_cat","embeddable":true,"href":"https:\/\/secureus.se\/pl\/wp-json\/wp\/v2\/product_cat?post=87001"},{"taxonomy":"product_tag","embeddable":true,"href":"https:\/\/secureus.se\/pl\/wp-json\/wp\/v2\/product_tag?post=87001"}],"curies":[{"name":"wp","href":"https:\/\/api.w.org\/{rel}","templated":true}]}}