{"id":87007,"date":"2023-11-03T12:00:45","date_gmt":"2023-11-03T11:00:45","guid":{"rendered":"https:\/\/secureus.se\/?post_type=product&#038;p=87007"},"modified":"2026-03-26T10:13:58","modified_gmt":"2026-03-26T09:13:58","slug":"mifare-desfire-4k-nxp-ev1-kort-100-pack","status":"publish","type":"product","link":"https:\/\/secureus.se\/pl\/mifare-desfire-4k-nxp-ev1-kort-100-pack\/","title":{"rendered":"Karta Mifare DESFire 4K NXP EV1 (100 sztuk) - Bezstykowa"},"content":{"rendered":"<h1>Karta Mifare DESFire 4K NXP EV1 - bezstykowa<\/h1>\n<p>Karty Mifare DESFire 4K NXP EV1 to zaawansowane karty zbli\u017ceniowe, kt\u00f3re zapewniaj\u0105 bezpieczne i wydajne przechowywanie danych. Dzi\u0119ki pojemno\u015bci 4 kilobajt\u00f3w i oryginalnemu chipowi NXP dzia\u0142aj\u0105cemu z cz\u0119stotliwo\u015bci\u0105 13,56 MHz, karty te idealnie nadaj\u0105 si\u0119 do r\u00f3\u017cnych zastosowa\u0144, w tym do zarz\u0105dzania to\u017csamo\u015bci\u0105, kontroli dost\u0119pu i mikrop\u0142atno\u015bci.<\/p>\n<p>P\u0142yty te s\u0105 zaprojektowane w standardowym rozmiarze CR80 (86 mm x 54 mm) i mo\u017cna je \u0142atwo zintegrowa\u0107 z istniej\u0105cymi systemami. Dzi\u0119ki solidnym zabezpieczeniom i niezawodnej wydajno\u015bci karty Mifare DESFire 4K s\u0105 doskona\u0142ym rozwi\u0105zaniem dla organizacji, kt\u00f3re potrzebuj\u0105 bezpiecznego sposobu zarz\u0105dzania dost\u0119pem i p\u0142atno\u015bciami.<\/p>\n<p>Ka\u017cde opakowanie zawiera 100 kart, dzi\u0119ki czemu s\u0105 op\u0142acalne zar\u00f3wno dla ma\u0142ych, jak i du\u017cych firm. Karty Mifare DESFire 4K \u0142\u0105cz\u0105 w sobie \u0142atwo\u015b\u0107 obs\u0142ugi z wysokim bezpiecze\u0144stwem i stanowi\u0105 niezawodne rozwi\u0105zanie dla nowoczesnych zastosowa\u0144 RFID.<\/p>\n<p><strong>Funkcje i zalety<\/strong>:<\/p>\n<ul>\n<li>Karty zbli\u017ceniowe z oryginalnym chipem NXP<\/li>\n<li>Pojemno\u015b\u0107 pami\u0119ci 4 KB dla elastycznego przechowywania<\/li>\n<li>Standardowy rozmiar CR80 dla \u0142atwej integracji<\/li>\n<li>Dzia\u0142a z cz\u0119stotliwo\u015bci\u0105 13,56 MHz, zapewniaj\u0105c szybk\u0105 i bezpieczn\u0105 komunikacj\u0119<\/li>\n<li>Idealny do identyfikacji, kontroli dost\u0119pu i mikrop\u0142atno\u015bci<\/li>\n<\/ul>\n<p><strong>Specyfikacja techniczna<\/strong>:<\/p>\n<ul>\n<li><strong>Pojemno\u015b\u0107 pami\u0119ci<\/strong>: 4 KB<\/li>\n<li><strong>Cz\u0119stotliwo\u015b\u0107<\/strong>: 13,56 MHz<\/li>\n<li><strong>Rozmiar<\/strong>: Standardowy CR80 (86 mm x 54 mm)<\/li>\n<li><strong>Waga (opakowanie)<\/strong>: 0,59 kg<\/li>\n<\/ul>","protected":false},"excerpt":{"rendered":"<p>Ten produkt posiada certyfikowany chip firmy NXP\u00ae, kt\u00f3ra jest globaln\u0105 firm\u0105 technologiczn\u0105 z siedzib\u0105 w Holandii. NXP\u00ae specjalizuje si\u0119 w RFID i NFC i oferuje szerok\u0105 gam\u0119 produkt\u00f3w z zakresu bezpiecze\u0144stwa, \u0142\u0105czno\u015bci i rozwi\u0105za\u0144 wbudowanych.<\/p>\n<p>Karty Mifare DESFire 4K NXP EV1 to karty bezstykowe z oryginalnym chipem NXP i pojemno\u015bci\u0105 pami\u0119ci 4 KB.<\/p>\n<p>Karty te pracuj\u0105 z cz\u0119stotliwo\u015bci\u0105 13,56 MHz i idealnie nadaj\u0105 si\u0119 do r\u00f3\u017cnych zastosowa\u0144, takich jak to\u017csamo\u015b\u0107, kontrola dost\u0119pu i mikrop\u0142atno\u015bci. Sprzedawane w opakowaniach po 100 szt.<\/p>","protected":false},"featured_media":139819,"template":"","meta":{"_acf_changed":false},"product_brand":[],"product_cat":[4233,1711],"product_tag":[4538,4146,3077,3084,3069],"class_list":{"0":"post-87007","1":"product","2":"type-product","3":"status-publish","4":"has-post-thumbnail","6":"product_cat-rfid-kort-desfire","7":"product_cat-rfid-kort","8":"product_tag-100-pack-lopnummer-rfid-kort","9":"product_tag-nxp","10":"product_tag-rfid-desfire","11":"product_tag-trade-rfid-kort","12":"product_tag-trade-produkt","13":"product_shipping_class-postnord-varubrev","14":"pa_plastkort-teknik-desfire","15":"tm-has-options","17":"first","18":"outofstock","19":"sale","20":"taxable","21":"shipping-taxable","22":"purchasable","23":"product-type-simple"},"acf":[],"_links":{"self":[{"href":"https:\/\/secureus.se\/pl\/wp-json\/wp\/v2\/product\/87007","targetHints":{"allow":["GET"]}}],"collection":[{"href":"https:\/\/secureus.se\/pl\/wp-json\/wp\/v2\/product"}],"about":[{"href":"https:\/\/secureus.se\/pl\/wp-json\/wp\/v2\/types\/product"}],"wp:featuredmedia":[{"embeddable":true,"href":"https:\/\/secureus.se\/pl\/wp-json\/wp\/v2\/media\/139819"}],"wp:attachment":[{"href":"https:\/\/secureus.se\/pl\/wp-json\/wp\/v2\/media?parent=87007"}],"wp:term":[{"taxonomy":"product_brand","embeddable":true,"href":"https:\/\/secureus.se\/pl\/wp-json\/wp\/v2\/product_brand?post=87007"},{"taxonomy":"product_cat","embeddable":true,"href":"https:\/\/secureus.se\/pl\/wp-json\/wp\/v2\/product_cat?post=87007"},{"taxonomy":"product_tag","embeddable":true,"href":"https:\/\/secureus.se\/pl\/wp-json\/wp\/v2\/product_tag?post=87007"}],"curies":[{"name":"wp","href":"https:\/\/api.w.org\/{rel}","templated":true}]}}