{"id":87016,"date":"2023-11-03T12:00:51","date_gmt":"2023-11-03T11:00:51","guid":{"rendered":"https:\/\/secureus.se\/?post_type=product&#038;p=87016"},"modified":"2026-04-08T16:23:42","modified_gmt":"2026-04-08T14:23:42","slug":"legic-1024-prime-mim-kontaktchipkort-100-pack","status":"publish","type":"product","link":"https:\/\/secureus.se\/pl\/legic-1024-prime-mim-kontaktchipkort-100-pack\/","title":{"rendered":"Karta kontaktowa Legic 1024 Prime MIM \u2013 100 szt"},"content":{"rendered":"<h1>Karta kontaktowa Legic 1024 Prime MIM \u2013 100 szt<\/h1>\n<p>Legic 1024 Prime MIM stykowe karty chipowe to zaawansowane karty RFID, kt\u00f3re zapewniaj\u0105 wysokie bezpiecze\u0144stwo i elastyczno\u015b\u0107 w r\u00f3\u017cnych zastosowaniach. Dzi\u0119ki zintegrowanej technologii Legic te karty inteligentne zosta\u0142y zaprojektowane z my\u015bl\u0105 o efektywnym zarz\u0105dzaniu kontrol\u0105 dost\u0119pu, czasem pracy, zarz\u0105dzaniem parkingami i logistyk\u0105.<\/p>\n<p>Karty te maj\u0105 standardowy rozmiar CR80 (86 mm x 54 mm), dzi\u0119ki czemu s\u0105 \u0142atwe w u\u017cyciu i obs\u0142udze. Dzi\u0119ki pami\u0119ci o pojemno\u015bci 1024 bajt\u00f3w mog\u0105 bezpiecznie przechowywa\u0107 niezb\u0119dne informacje i dane. Wysoka cz\u0119stotliwo\u015b\u0107 komunikacyjna 13,56 MHz gwarantuje szybk\u0105 i niezawodn\u0105 transmisj\u0119 danych, dzi\u0119ki czemu nadaj\u0105 si\u0119 zar\u00f3wno do u\u017cytku wewn\u0105trz, jak i na zewn\u0105trz.<\/p>\n<p>Sprzedawane w wygodnych opakowaniach po 100 sztuk, dzi\u0119ki czemu s\u0105 op\u0142acalne dla firm i organizacji, kt\u00f3re potrzebuj\u0105 du\u017cej liczby kart do swoich system\u00f3w bezpiecze\u0144stwa i zarz\u0105dzania.<\/p>\n<p><strong>Funkcje i zalety<\/strong>:<\/p>\n<ul>\n<li>Wbudowana technologia Legic zapewniaj\u0105ca wysokie bezpiecze\u0144stwo<\/li>\n<li>Idealny do kontroli dost\u0119pu oraz zarz\u0105dzania czasem i frekwencj\u0105<\/li>\n<li>Standardowy rozmiar CR80 (86 mm x 54 mm) dla \u0142atwo\u015bci u\u017cytkowania<\/li>\n<li>Pami\u0119\u0107: 1024 bajty do bezpiecznego przechowywania danych<\/li>\n<li>Cz\u0119stotliwo\u015b\u0107: 13,56 MHz dla szybkiej i niezawodnej komunikacji<\/li>\n<li>Sprzedawane w opakowaniach po 100 sztuk ze wzgl\u0119du na efektywno\u015b\u0107 kosztow\u0105<\/li>\n<\/ul>\n<p><strong>Specyfikacja techniczna<\/strong>:<\/p>\n<ul>\n<li><strong>Typ chipa<\/strong>: Legic MIM 1024-ASIC<\/li>\n<li><strong>Pami\u0119\u0107<\/strong>: 1024 bajty<\/li>\n<li><strong>Cz\u0119stotliwo\u015b\u0107<\/strong>: 13,56 MHz<\/li>\n<li><strong>Rozmiar<\/strong>: Standardowy CR80 (86 mm x 54 mm)<\/li>\n<li><strong>Waga (opakowanie)<\/strong>: 0,56 kg<\/li>\n<\/ul>","protected":false},"excerpt":{"rendered":"<p>Kontaktowe karty chipowe Legic 1024 Prime MIM to karty RFID z wbudowan\u0105 technologi\u0105 Legic, idealne do kontroli dost\u0119pu, zarz\u0105dzania czasem pracy, parkowania i logistyki.<\/p>\n<p>Karty te maj\u0105 pojemno\u015b\u0107 pami\u0119ci 1024 bajt\u00f3w i pracuj\u0105 z cz\u0119stotliwo\u015bci\u0105 13,56 MHz.<\/p>\n<p>Sprzedawane w opakowaniach po 100 sztuk.<\/p>","protected":false},"featured_media":138545,"template":"","meta":{"_acf_changed":false},"product_brand":[],"product_cat":[4232,1711],"product_tag":[4538,3077,3084,3069],"class_list":{"0":"post-87016","1":"product","2":"type-product","3":"status-publish","4":"has-post-thumbnail","6":"product_cat-rfid-kort-legic-pac-fm-5542","7":"product_cat-rfid-kort","8":"product_tag-100-pack-lopnummer-rfid-kort","9":"product_tag-rfid-desfire","10":"product_tag-trade-rfid-kort","11":"product_tag-trade-produkt","12":"product_shipping_class-postnord-varubrev","13":"pa_plastkort-teknik-legic","14":"tm-no-options","16":"first","17":"outofstock","18":"sale","19":"taxable","20":"shipping-taxable","21":"purchasable","22":"product-type-simple"},"acf":[],"_links":{"self":[{"href":"https:\/\/secureus.se\/pl\/wp-json\/wp\/v2\/product\/87016","targetHints":{"allow":["GET"]}}],"collection":[{"href":"https:\/\/secureus.se\/pl\/wp-json\/wp\/v2\/product"}],"about":[{"href":"https:\/\/secureus.se\/pl\/wp-json\/wp\/v2\/types\/product"}],"wp:featuredmedia":[{"embeddable":true,"href":"https:\/\/secureus.se\/pl\/wp-json\/wp\/v2\/media\/138545"}],"wp:attachment":[{"href":"https:\/\/secureus.se\/pl\/wp-json\/wp\/v2\/media?parent=87016"}],"wp:term":[{"taxonomy":"product_brand","embeddable":true,"href":"https:\/\/secureus.se\/pl\/wp-json\/wp\/v2\/product_brand?post=87016"},{"taxonomy":"product_cat","embeddable":true,"href":"https:\/\/secureus.se\/pl\/wp-json\/wp\/v2\/product_cat?post=87016"},{"taxonomy":"product_tag","embeddable":true,"href":"https:\/\/secureus.se\/pl\/wp-json\/wp\/v2\/product_tag?post=87016"}],"curies":[{"name":"wp","href":"https:\/\/api.w.org\/{rel}","templated":true}]}}