{"id":87024,"date":"2023-11-03T12:00:56","date_gmt":"2023-11-03T11:00:56","guid":{"rendered":"https:\/\/secureus.se\/?post_type=product&#038;p=87024"},"modified":"2025-08-15T20:31:17","modified_gmt":"2025-08-15T18:31:17","slug":"pac-mifare-kort-med-4-byte-uid-10-pack","status":"publish","type":"product","link":"https:\/\/secureus.se\/pl\/pac-mifare-kort-med-4-byte-uid-10-pack\/","title":{"rendered":"Karta PAC Mifare z 4-bajtowym UID - 10 sztuk"},"content":{"rendered":"<h1>Karta PAC Mifare z 4-bajtowym UID - 10 sztuk<\/h1>\n<p>Karty PAC Mifare to wysokiej jako\u015bci karty bezstykowe z mo\u017cliwo\u015bci\u0105 nadruku, przeznaczone do r\u00f3\u017cnych zastosowa\u0144, w tym do kart identyfikacyjnych i kontroli dost\u0119pu. Dzi\u0119ki 4-bajtowemu identyfikatorowi bez UID karty te stanowi\u0105 elastyczne rozwi\u0105zanie do zastosowa\u0144 niestandardowych i doskonale wsp\u00f3\u0142pracuj\u0105 z wi\u0119kszo\u015bci\u0105 drukarek kart plastikowych.<\/p>\n<p>Karty te pracuj\u0105 z cz\u0119stotliwo\u015bci\u0105 13,56 MHz, co zapewnia szybk\u0105 i niezawodn\u0105 komunikacj\u0119. Dzi\u0119ki zakresowi odczytu do 45 mm idealnie nadaj\u0105 si\u0119 do u\u017cytku wewn\u0105trz i na zewn\u0105trz. Dzi\u0119ki standardowemu rozmiarowi CR80 (86 mm x 54 mm) nadaj\u0105 si\u0119 do \u0142atwego drukowania niestandardowych projekt\u00f3w i logo.<\/p>\n<p>Sprzedawane w opakowaniach po 10 sztuk, dzi\u0119ki czemu s\u0105 op\u0142acalne dla firm, kt\u00f3re potrzebuj\u0105 kart do r\u00f3\u017cnych cel\u00f3w. Karty te stanowi\u0105 tak\u017ce doskona\u0142\u0105 alternatyw\u0119 dla kart PAC 40090, czyni\u0105c je uniwersalnym rozwi\u0105zaniem dla potrzeb bezpiecze\u0144stwa.<\/p>\n<p><strong>Funkcje i zalety<\/strong>:<\/p>\n<ul>\n<li>Drukowalne karty Mifare z 4-bajtowym identyfikatorem bez UID<\/li>\n<li>Dzia\u0142a na cz\u0119stotliwo\u015bci 13,56 MHz, co zapewnia szybk\u0105 komunikacj\u0119<\/li>\n<li>Kompatybilny z wi\u0119kszo\u015bci\u0105 drukarek kart plastikowych<\/li>\n<li>Zasi\u0119g odczytu do 45 mm<\/li>\n<li>Standardowy rozmiar CR80 (86 mm x 54 mm) u\u0142atwiaj\u0105cy drukowanie<\/li>\n<li>Sprzedawane w opakowaniach po 10 sztuk ze wzgl\u0119du na efektywno\u015b\u0107 kosztow\u0105<\/li>\n<\/ul>\n<p><strong>Specyfikacja techniczna<\/strong>:<\/p>\n<ul>\n<li><strong>UID<\/strong>: 4-bajtowy brak UID<\/li>\n<li><strong>Cz\u0119stotliwo\u015b\u0107<\/strong>: 13,56 MHz<\/li>\n<li><strong>Zakres odczytu<\/strong>: Do 45 mm<\/li>\n<li><strong>Rozmiar<\/strong>: Standardowy CR80 (86 mm x 54 mm)<\/li>\n<li><strong>Waga (opakowanie)<\/strong>: 0,06 kg<\/li>\n<\/ul>","protected":false},"excerpt":{"rendered":"<p>Te karty PAC to karty Mifare z mo\u017cliwo\u015bci\u0105 nadruku, bez 4-bajtowego identyfikatora UID i dzia\u0142aj\u0105ce z cz\u0119stotliwo\u015bci\u0105 13,56 MHz.<\/p>\n<p>Karta jest kompatybilna z wi\u0119kszo\u015bci\u0105 drukarek kart plastikowych i oferuje zakres odczytu do 45 mm.<\/p>\n<p>Sprzedawane w opakowaniach po 10 sztuk, stanowi\u0105 doskona\u0142\u0105 alternatyw\u0119 dla kart PAC 40090.<\/p>","protected":false},"featured_media":138728,"template":"","meta":{"_acf_changed":false},"product_brand":[],"product_cat":[4232,1711],"product_tag":[3077,3084,3069],"class_list":{"0":"post-87024","1":"product","2":"type-product","3":"status-publish","4":"has-post-thumbnail","6":"product_cat-rfid-kort-legic-pac-fm-5542","7":"product_cat-rfid-kort","8":"product_tag-rfid-desfire","9":"product_tag-trade-rfid-kort","10":"product_tag-trade-produkt","11":"product_shipping_class-postnord-varubrev","12":"pa_plastkort-teknik-pac","13":"tm-no-options","15":"first","16":"instock","17":"sale","18":"taxable","19":"shipping-taxable","20":"purchasable","21":"product-type-simple"},"acf":[],"_links":{"self":[{"href":"https:\/\/secureus.se\/pl\/wp-json\/wp\/v2\/product\/87024","targetHints":{"allow":["GET"]}}],"collection":[{"href":"https:\/\/secureus.se\/pl\/wp-json\/wp\/v2\/product"}],"about":[{"href":"https:\/\/secureus.se\/pl\/wp-json\/wp\/v2\/types\/product"}],"wp:featuredmedia":[{"embeddable":true,"href":"https:\/\/secureus.se\/pl\/wp-json\/wp\/v2\/media\/138728"}],"wp:attachment":[{"href":"https:\/\/secureus.se\/pl\/wp-json\/wp\/v2\/media?parent=87024"}],"wp:term":[{"taxonomy":"product_brand","embeddable":true,"href":"https:\/\/secureus.se\/pl\/wp-json\/wp\/v2\/product_brand?post=87024"},{"taxonomy":"product_cat","embeddable":true,"href":"https:\/\/secureus.se\/pl\/wp-json\/wp\/v2\/product_cat?post=87024"},{"taxonomy":"product_tag","embeddable":true,"href":"https:\/\/secureus.se\/pl\/wp-json\/wp\/v2\/product_tag?post=87024"}],"curies":[{"name":"wp","href":"https:\/\/api.w.org\/{rel}","templated":true}]}}