{"id":87131,"date":"2023-11-03T12:01:04","date_gmt":"2023-11-03T11:01:04","guid":{"rendered":"https:\/\/secureus.se\/produkt\/salto-pcm01kb50hi-1k-contactless-smartcard-with-hi-co-magnetic-stripe-pack-of-100\/"},"modified":"2026-04-23T12:34:42","modified_gmt":"2026-04-23T10:34:42","slug":"blank-salto-1k-kort-med-hi-co-magnetremsa","status":"publish","type":"product","link":"https:\/\/secureus.se\/pl\/blank-salto-1k-kort-med-hi-co-magnetremsa\/","title":{"rendered":"Pusta karta Salto 1K z paskiem magnetycznym HiCo \u2013 100 sztuk"},"content":{"rendered":"<h1>Pusta karta Salto 1K z paskiem magnetycznym Hi-Co - opakowanie 100 sztuk<\/h1>\n<p>B\u0142yszcz\u0105ce karty zbli\u017ceniowe Salto 1K z paskiem magnetycznym Hi-Co stanowi\u0105 elastyczne i bezpieczne rozwi\u0105zanie dla firm i organizacji korzystaj\u0105cych z systemu oprogramowania serii Salto E9. Te karty RFID posiadaj\u0105 pasek magnetyczny o wysokiej koercji (2750 Oersted), kt\u00f3ry umo\u017cliwia bezpieczne kodowanie danych i efektywne wykorzystanie w r\u00f3\u017cnych zastosowaniach, w tym w dokumentach to\u017csamo\u015bci i kontroli dost\u0119pu.<\/p>\n<p>Standardowy rozmiar kart (CR80) (85,60 x 53,98 mm) umo\u017cliwia personalizacj\u0119, w tym identyfikator\u00f3w ze zdj\u0119ciem i logo. Dzi\u0119ki pojemno\u015bci pami\u0119ci 1 KB i cz\u0119stotliwo\u015bci 13,56 MHz karty te zapewniaj\u0105 szybk\u0105 i niezawodn\u0105 komunikacj\u0119, zapewniaj\u0105c sprawn\u0105 obs\u0142ug\u0119 danych u\u017cytkownika.<\/p>\n<p>Sprzedawane w opakowaniach po 100 sztuk, dzi\u0119ki czemu s\u0105 op\u0142acalne w przypadku wi\u0119kszych organizacji i projekt\u00f3w. Niezale\u017cnie od tego, czy potrzebujesz ich do rozwi\u0105za\u0144 bezpiecze\u0144stwa, czy do sprzeda\u017cy bilet\u00f3w, b\u0142yszcz\u0105ce karty Salto 1K s\u0105 doskona\u0142ym wyborem do r\u00f3\u017cnych zastosowa\u0144.<\/p>\n<p><strong>Funkcje i zalety<\/strong>:<\/p>\n<ul>\n<li>Karty RFID kompatybilne z seri\u0105 Salto E9<\/li>\n<li>Pasek magnetyczny o wysokiej koercji (2750 Oersted) do bezpiecznego kodowania danych<\/li>\n<li>Pojemno\u015b\u0107 pami\u0119ci 1KB<\/li>\n<li>Dzia\u0142a na cz\u0119stotliwo\u015bci 13,56 MHz<\/li>\n<li>Standardowy rozmiar CR80 dla \u0142atwego dopasowania<\/li>\n<li>Sprzedawane w opakowaniach po 100 sztuk, co zapewnia ekonomiczne wykorzystanie<\/li>\n<\/ul>\n<p><strong>Specyfikacja techniczna<\/strong>:<\/p>\n<ul>\n<li><strong>Pojemno\u015b\u0107 pami\u0119ci<\/strong>: 1KB<\/li>\n<li><strong>Cz\u0119stotliwo\u015b\u0107<\/strong>: 13,56 MHz<\/li>\n<li><strong>Pasek magnetyczny<\/strong>: Wysoka koercja (2750 Oersted)<\/li>\n<li><strong>Rozmiar<\/strong>: Standardowy CR80 (85,60 x 53,98 mm)<\/li>\n<li><strong>Waga (opakowanie)<\/strong>: 0,50 kg<\/li>\n<\/ul>","protected":false},"excerpt":{"rendered":"<p>Puste karty zbli\u017ceniowe Salto 1K z paskiem magnetycznym o du\u017cej koercji to karty RFID idealne do system\u00f3w bezpiecze\u0144stwa serii Salto E9.<\/p>\n<p>Karty te s\u0105 wyposa\u017cone w pasek magnetyczny o du\u017cej koercji, zapewniaj\u0105cy bezpieczne kodowanie danych i posiadaj\u0105 pojemno\u015b\u0107 pami\u0119ci 1 KB.<\/p>\n<p>Sprzedawane w opakowaniach po 100 sztuk, co zapewnia ekonomiczne rozwi\u0105zanie.<\/p>","protected":false},"featured_media":139184,"template":"","meta":{"_acf_changed":false},"product_brand":[],"product_cat":[1711,4231],"product_tag":[4538,3077,3084,3069],"class_list":{"0":"post-87131","1":"product","2":"type-product","3":"status-publish","4":"has-post-thumbnail","6":"product_cat-rfid-kort","7":"product_cat-rfid-kort-salto","8":"product_tag-100-pack-lopnummer-rfid-kort","9":"product_tag-rfid-desfire","10":"product_tag-trade-rfid-kort","11":"product_tag-trade-produkt","12":"product_shipping_class-postnord-varubrev","13":"pa_brands-salto","14":"pa_plastkort-teknik-salto","15":"tm-no-options","17":"first","18":"instock","19":"sale","20":"taxable","21":"shipping-taxable","22":"purchasable","23":"product-type-simple"},"acf":[],"_links":{"self":[{"href":"https:\/\/secureus.se\/pl\/wp-json\/wp\/v2\/product\/87131","targetHints":{"allow":["GET"]}}],"collection":[{"href":"https:\/\/secureus.se\/pl\/wp-json\/wp\/v2\/product"}],"about":[{"href":"https:\/\/secureus.se\/pl\/wp-json\/wp\/v2\/types\/product"}],"wp:featuredmedia":[{"embeddable":true,"href":"https:\/\/secureus.se\/pl\/wp-json\/wp\/v2\/media\/139184"}],"wp:attachment":[{"href":"https:\/\/secureus.se\/pl\/wp-json\/wp\/v2\/media?parent=87131"}],"wp:term":[{"taxonomy":"product_brand","embeddable":true,"href":"https:\/\/secureus.se\/pl\/wp-json\/wp\/v2\/product_brand?post=87131"},{"taxonomy":"product_cat","embeddable":true,"href":"https:\/\/secureus.se\/pl\/wp-json\/wp\/v2\/product_cat?post=87131"},{"taxonomy":"product_tag","embeddable":true,"href":"https:\/\/secureus.se\/pl\/wp-json\/wp\/v2\/product_tag?post=87131"}],"curies":[{"name":"wp","href":"https:\/\/api.w.org\/{rel}","templated":true}]}}