{"id":87141,"date":"2023-11-03T12:01:10","date_gmt":"2023-11-03T11:01:10","guid":{"rendered":"https:\/\/secureus.se\/produkt\/mifare-classic-4k-nxp-ev1-cards-with-magnetic-stripe-pack-of-100\/"},"modified":"2026-04-08T16:24:26","modified_gmt":"2026-04-08T14:24:26","slug":"mifare-classic-4k-med-hi-co-magnetremsa-100-pack","status":"publish","type":"product","link":"https:\/\/secureus.se\/pl\/mifare-classic-4k-med-hi-co-magnetremsa-100-pack\/","title":{"rendered":"Mifare Classic 4K z paskiem magnetycznym HiCo \u2013 100 sztuk"},"content":{"rendered":"<h1>Mifare Classic 4K z paskiem magnetycznym Hi-Co - 100 szt<\/h1>\n<p>Karty Mifare Classic 4K NXP EV1 z paskiem magnetycznym Hi-Co to idealne rozwi\u0105zanie dla firm i organizacji, kt\u00f3re potrzebuj\u0105 bezpiecznych i wydajnych rozwi\u0105za\u0144 w zakresie identyfikacji. Karty te wyposa\u017cone s\u0105 w oryginalny inteligentny chip NXP, kt\u00f3ry gwarantuje wysokie bezpiecze\u0144stwo i niezawodno\u015b\u0107 u\u017cytkowania. Karty o pojemno\u015bci pami\u0119ci 4 KB mog\u0105 przechowywa\u0107 wiele informacji, dzi\u0119ki czemu idealnie nadaj\u0105 si\u0119 do r\u00f3\u017cnych zastosowa\u0144 zwi\u0105zanych z to\u017csamo\u015bci\u0105 i kontrol\u0105 dost\u0119pu.<\/p>\n<p>Pasek magnetyczny o wysokiej koercji (2750 Oersted) umo\u017cliwia \u0142atwe kodowanie danych, co umo\u017cliwia wykorzystanie kart w rozwi\u0105zaniach biletowych i innych systemach p\u0142atno\u015bci. Cz\u0119stotliwo\u015b\u0107 karty wynosz\u0105ca 13,56 MHz zapewnia szybk\u0105 i bezpieczn\u0105 komunikacj\u0119, a ka\u017cda karta jest indywidualnie programowana za pomoc\u0105 4-bajtowego numeru NUID, co zwi\u0119ksza bezpiecze\u0144stwo i identyfikowalno\u015b\u0107. Sprzedawane w opakowaniach po 100 sztuk, dzi\u0119ki czemu s\u0105 op\u0142acalne w przypadku wi\u0119kszych instalacji i projekt\u00f3w.<\/p>\n<p><strong>Funkcje i zalety<\/strong>:<\/p>\n<ul>\n<li>Wyposa\u017cony w oryginalny inteligentny chip NXP<\/li>\n<li>Pasek magnetyczny o wysokiej koercji (2750 Oersted)<\/li>\n<li>Pojemno\u015b\u0107 pami\u0119ci 4KB<\/li>\n<li>Dzia\u0142a na cz\u0119stotliwo\u015bci 13,56 MHz<\/li>\n<li>Indywidualnie programowane za pomoc\u0105 4-bajtowych numer\u00f3w NUID<\/li>\n<li>Sprzedawane w opakowaniach po 100 sztuk, co zapewnia ekonomiczne wykorzystanie<\/li>\n<\/ul>\n<p><strong>Specyfikacja techniczna<\/strong>:<\/p>\n<ul>\n<li><strong>Pojemno\u015b\u0107 pami\u0119ci<\/strong>: 4KB<\/li>\n<li><strong>Cz\u0119stotliwo\u015b\u0107<\/strong>: 13,56 MHz<\/li>\n<li><strong>Pasek magnetyczny<\/strong>: Wysoka koercja (2750 Oersted)<\/li>\n<li><strong>Rozmiar<\/strong>: Standardowy CR80<\/li>\n<li><strong>Waga (opakowanie)<\/strong>: 0,59 kg<\/li>\n<\/ul>","protected":false},"excerpt":{"rendered":"<p>Ten produkt posiada certyfikowany chip firmy NXP\u00ae, kt\u00f3ra jest globaln\u0105 firm\u0105 technologiczn\u0105 z siedzib\u0105 w Holandii. NXP\u00ae specjalizuje si\u0119 w RFID i NFC i oferuje szerok\u0105 gam\u0119 produkt\u00f3w z zakresu bezpiecze\u0144stwa, \u0142\u0105czno\u015bci i rozwi\u0105za\u0144 wbudowanych.<\/p>\n<p>Karty Mifare Classic 4K NXP EV1 z paskiem magnetycznym o wysokiej koercji to karty zbli\u017ceniowe wyposa\u017cone w oryginalny inteligentny chip NXP.<\/p>\n<p>Dzi\u0119ki pojemno\u015bci pami\u0119ci 4 KB i paskowi magnetycznemu do kodowania danych karty te stanowi\u0105 niezawodne rozwi\u0105zanie w zakresie kontroli to\u017csamo\u015bci i dost\u0119pu.<\/p>\n<p>Sprzedawane w opakowaniach po 100 sztuk, co zapewnia ekonomiczne wykorzystanie.<\/p>","protected":false},"featured_media":138496,"template":"","meta":{"_acf_changed":false},"product_brand":[],"product_cat":[4234,4226,1711],"product_tag":[4538,4146,3077,3073,3084,3069],"class_list":{"0":"post-87141","1":"product","2":"type-product","3":"status-publish","4":"has-post-thumbnail","6":"product_cat-rfid-kort-magnet","7":"product_cat-rfid-kort-mifare-classic-4k","8":"product_cat-rfid-kort","9":"product_tag-100-pack-lopnummer-rfid-kort","10":"product_tag-nxp","11":"product_tag-rfid-desfire","12":"product_tag-rfid-mifare4k","13":"product_tag-trade-rfid-kort","14":"product_tag-trade-produkt","15":"product_shipping_class-postnord-varubrev","16":"pa_plastkort-teknik-mifare4k","17":"tm-has-options","19":"first","20":"instock","21":"sale","22":"taxable","23":"shipping-taxable","24":"purchasable","25":"product-type-simple"},"acf":[],"_links":{"self":[{"href":"https:\/\/secureus.se\/pl\/wp-json\/wp\/v2\/product\/87141","targetHints":{"allow":["GET"]}}],"collection":[{"href":"https:\/\/secureus.se\/pl\/wp-json\/wp\/v2\/product"}],"about":[{"href":"https:\/\/secureus.se\/pl\/wp-json\/wp\/v2\/types\/product"}],"wp:featuredmedia":[{"embeddable":true,"href":"https:\/\/secureus.se\/pl\/wp-json\/wp\/v2\/media\/138496"}],"wp:attachment":[{"href":"https:\/\/secureus.se\/pl\/wp-json\/wp\/v2\/media?parent=87141"}],"wp:term":[{"taxonomy":"product_brand","embeddable":true,"href":"https:\/\/secureus.se\/pl\/wp-json\/wp\/v2\/product_brand?post=87141"},{"taxonomy":"product_cat","embeddable":true,"href":"https:\/\/secureus.se\/pl\/wp-json\/wp\/v2\/product_cat?post=87141"},{"taxonomy":"product_tag","embeddable":true,"href":"https:\/\/secureus.se\/pl\/wp-json\/wp\/v2\/product_tag?post=87141"}],"curies":[{"name":"wp","href":"https:\/\/api.w.org\/{rel}","templated":true}]}}