{"id":87147,"date":"2023-11-03T12:01:14","date_gmt":"2023-11-03T11:01:14","guid":{"rendered":"https:\/\/secureus.se\/produkt\/salto-4k-blank-contactless-smartcard-pcm04kb-50-pack-of-100\/"},"modified":"2026-04-08T16:23:13","modified_gmt":"2026-04-08T14:23:13","slug":"blank-salto-4k-kort-100-pack","status":"publish","type":"product","link":"https:\/\/secureus.se\/pl\/blank-salto-4k-kort-100-pack\/","title":{"rendered":"Pusta karta Salto 4K \u2014 opakowanie 100 sztuk, 13,56 MHz"},"content":{"rendered":"<h1>Pusta karta Salto 4K \u2014 opakowanie 100 sztuk, 13,56 MHz<\/h1>\n<p>Puste karty zbli\u017ceniowe Salto 4K to wszechstronna opcja dla system\u00f3w bezpiecze\u0144stwa, zaprojektowana specjalnie dla serii Salto E9. Dzi\u0119ki pojemno\u015bci pami\u0119ci 4 KB i standardowemu rozmiarowi karty kredytowej CR80 (85,60 x 53,98 mm) te karty RFID stanowi\u0105 niezawodne rozwi\u0105zanie do weryfikacji to\u017csamo\u015bci i kontroli dost\u0119pu. Cz\u0119stotliwo\u015b\u0107 kart wynosz\u0105ca 13,56 MHz zapewnia szybk\u0105 i bezpieczn\u0105 komunikacj\u0119, a b\u0142yszcz\u0105ca powierzchnia u\u0142atwia personalizacj\u0119 kart z nadrukami do cel\u00f3w identyfikacyjnych lub biletowych. S\u0105 kompatybilne z wirtualn\u0105 sieci\u0105 SALTO (SVN), dzi\u0119ki czemu idealnie nadaj\u0105 si\u0119 do stosowania w \u015brodowiskach biurowych i miejscach publicznych. Sprzedawane w opakowaniach po 100 sztuk, dzi\u0119ki czemu s\u0105 op\u0142acalne w przypadku wi\u0119kszych projekt\u00f3w i instalacji.<\/p>\n<p><strong>Funkcje i zalety<\/strong>:<\/p>\n<ul>\n<li>Karty RFID przystosowane do systemu bezpiecze\u0144stwa Salto E9<\/li>\n<li>B\u0142yszcz\u0105ca powierzchnia do niestandardowego nadruku<\/li>\n<li>Pojemno\u015b\u0107 pami\u0119ci 4KB<\/li>\n<li>Standardowy rozmiar CR80 (85,60 x 53,98 mm)<\/li>\n<li>Dzia\u0142a na cz\u0119stotliwo\u015bci 13,56 MHz<\/li>\n<li>Kompatybilny z sieci\u0105 wirtualn\u0105 SALTO (SVN)<\/li>\n<li>Sprzedawane w opakowaniach po 100 sztuk<\/li>\n<\/ul>\n<p><strong>Specyfikacja techniczna<\/strong>:<\/p>\n<ul>\n<li><strong>Pojemno\u015b\u0107 pami\u0119ci<\/strong>: 4KB<\/li>\n<li><strong>Cz\u0119stotliwo\u015b\u0107<\/strong>: 13,56 MHz<\/li>\n<li><strong>Rozmiar<\/strong>: 85,60 x 53,98 mm (CR80)<\/li>\n<li><strong>Waga (opakowanie)<\/strong>: 0,63 kg<\/li>\n<\/ul>","protected":false},"excerpt":{"rendered":"<p>B\u0142yszcz\u0105ce karty zbli\u017ceniowe Salto 4K to karty RFID doskonale przystosowane do systemu bezpiecze\u0144stwa serii Salto E9.<\/p>\n<p>B\u0142yszcz\u0105ce wyko\u0144czenie sprawia, \u017ce idealnie nadaj\u0105 si\u0119 do personalizacji, w tym do identyfikacji zdj\u0119\u0107, bilet\u00f3w i kontroli dost\u0119pu.<\/p>\n<p>Karty te sprzedawane s\u0105 w opakowaniach po 100 sztuk i maj\u0105 pojemno\u015b\u0107 pami\u0119ci 4 KB.<\/p>","protected":false},"featured_media":139156,"template":"","meta":{"_acf_changed":false},"product_brand":[],"product_cat":[1711,4231],"product_tag":[4538,3077,2151,3084,3069],"class_list":{"0":"post-87147","1":"product","2":"type-product","3":"status-publish","4":"has-post-thumbnail","6":"product_cat-rfid-kort","7":"product_cat-rfid-kort-salto","8":"product_tag-100-pack-lopnummer-rfid-kort","9":"product_tag-rfid-desfire","10":"product_tag-rfid-salto","11":"product_tag-trade-rfid-kort","12":"product_tag-trade-produkt","13":"product_shipping_class-postnord-varubrev","14":"pa_brands-salto","15":"pa_plastkort-teknik-salto","16":"tm-no-options","18":"first","19":"instock","20":"sale","21":"taxable","22":"shipping-taxable","23":"purchasable","24":"product-type-simple"},"acf":[],"_links":{"self":[{"href":"https:\/\/secureus.se\/pl\/wp-json\/wp\/v2\/product\/87147","targetHints":{"allow":["GET"]}}],"collection":[{"href":"https:\/\/secureus.se\/pl\/wp-json\/wp\/v2\/product"}],"about":[{"href":"https:\/\/secureus.se\/pl\/wp-json\/wp\/v2\/types\/product"}],"wp:featuredmedia":[{"embeddable":true,"href":"https:\/\/secureus.se\/pl\/wp-json\/wp\/v2\/media\/139156"}],"wp:attachment":[{"href":"https:\/\/secureus.se\/pl\/wp-json\/wp\/v2\/media?parent=87147"}],"wp:term":[{"taxonomy":"product_brand","embeddable":true,"href":"https:\/\/secureus.se\/pl\/wp-json\/wp\/v2\/product_brand?post=87147"},{"taxonomy":"product_cat","embeddable":true,"href":"https:\/\/secureus.se\/pl\/wp-json\/wp\/v2\/product_cat?post=87147"},{"taxonomy":"product_tag","embeddable":true,"href":"https:\/\/secureus.se\/pl\/wp-json\/wp\/v2\/product_tag?post=87147"}],"curies":[{"name":"wp","href":"https:\/\/api.w.org\/{rel}","templated":true}]}}