{"id":87150,"date":"2023-11-03T12:01:16","date_gmt":"2023-11-03T11:01:16","guid":{"rendered":"https:\/\/secureus.se\/produkt\/mifare-ultralight-nxp-c-cards-pack-of-100\/"},"modified":"2026-04-23T12:33:52","modified_gmt":"2026-04-23T10:33:52","slug":"mifare-ultralight-nxp-c-kort-100-pack","status":"publish","type":"product","link":"https:\/\/secureus.se\/pl\/mifare-ultralight-nxp-c-kort-100-pack\/","title":{"rendered":"Karta Mifare Ultralight NXP C \u2014 100 szt., zabezpieczenia 3DES"},"content":{"rendered":"<h1>Karta Mifare Ultralight NXP C \u2014 100 szt., zabezpieczenia 3DES<\/h1>\n<p>Karta Mifare Ultralight NXP C oferuje niedrogie rozwi\u0105zanie do bezdotykowego uwierzytelniania i dost\u0119pu do danych z wykorzystaniem zabezpiecze\u0144 3DES. Karty te doskonale nadaj\u0105 si\u0119 do r\u00f3\u017cnorodnych zastosowa\u0144, w tym do bilet\u00f3w transportowych i na wydarzenia, program\u00f3w lojalno\u015bciowych i kontroli dost\u0119pu. Dzi\u0119ki pojemno\u015bci pami\u0119ci 1536 bit\u00f3w (192 bajt\u00f3w) i szybko\u015bci komunikacji 106 kbit\/s karty te zapewniaj\u0105 szybki i wydajny transfer danych. B\u0142yszcz\u0105ca bia\u0142a powierzchnia z PVC u\u0142atwia personalizacj\u0119 kart za pomoc\u0105 nadruku lub wzoru, dzi\u0119ki czemu nadaj\u0105 si\u0119 zar\u00f3wno do u\u017cytku biznesowego, jak i na wydarzenia. Sprzedawane w opakowaniach po 100 sztuk, co czyni je op\u0142acaln\u0105 opcj\u0105 w przypadku wi\u0119kszych projekt\u00f3w i instalacji.<\/p>\n<p><strong>Funkcje i zalety<\/strong>:<\/p>\n<ul>\n<li>Ekonomiczne karty zbli\u017ceniowe<\/li>\n<li>Uwierzytelnianie 3DES i dost\u0119p do danych<\/li>\n<li>1536 bit\u00f3w (192 bajt\u00f3w) pami\u0119ci EEPROM<\/li>\n<li>Szybko\u015b\u0107 komunikacji 106 kbit\/s<\/li>\n<li>B\u0142yszcz\u0105ca bia\u0142a powierzchnia PCV do niestandardowego nadruku<\/li>\n<li>Sprzedawane w opakowaniach po 100 sztuk<\/li>\n<\/ul>\n<p><strong>Specyfikacja techniczna<\/strong>:<\/p>\n<ul>\n<li><strong>Pojemno\u015b\u0107 pami\u0119ci<\/strong>: 1536 bit\u00f3w (192 bajty)<\/li>\n<li><strong>Szybko\u015b\u0107 komunikacji<\/strong>: 106 kbit\/s<\/li>\n<li><strong>Waga (opakowanie)<\/strong>: 0,51 kg<\/li>\n<\/ul>","protected":false},"excerpt":{"rendered":"<p>Ten produkt posiada certyfikowany chip firmy NXP\u00ae, kt\u00f3ra jest globaln\u0105 firm\u0105 technologiczn\u0105 z siedzib\u0105 w Holandii. NXP\u00ae specjalizuje si\u0119 w RFID i NFC i oferuje szerok\u0105 gam\u0119 produkt\u00f3w z zakresu bezpiecze\u0144stwa, \u0142\u0105czno\u015bci i rozwi\u0105za\u0144 wbudowanych.<\/p>\n<p>Karty Mifare Ultralight NXP C to ekonomiczne karty zbli\u017ceniowe z uwierzytelnianiem 3DES i dost\u0119pem do danych. Karty te idealnie nadaj\u0105 si\u0119 do bilet\u00f3w transportowych i na imprezy, program\u00f3w lojalno\u015bciowych i kontroli dost\u0119pu. Z 1536 bitami (192 bajtami) pami\u0119ci EEPROM i b\u0142yszcz\u0105c\u0105 bia\u0142\u0105 powierzchni\u0105 PCV do niestandardowego drukowania, s\u0105 sprzedawane w opakowaniach po 100 sztuk.<\/p>","protected":false},"featured_media":139806,"template":"","meta":{"_acf_changed":false},"product_brand":[],"product_cat":[4228,1711],"product_tag":[4538,3077,3079,3084,3069],"class_list":{"0":"post-87150","1":"product","2":"type-product","3":"status-publish","4":"has-post-thumbnail","6":"product_cat-rfid-kort-mifare-ultralight","7":"product_cat-rfid-kort","8":"product_tag-100-pack-lopnummer-rfid-kort","9":"product_tag-rfid-desfire","10":"product_tag-rfid-mifare-ultralight","11":"product_tag-trade-rfid-kort","12":"product_tag-trade-produkt","13":"product_shipping_class-postnord-varubrev","14":"pa_plastkort-teknik-mifare-ultralight","15":"tm-no-options","17":"first","18":"instock","19":"sale","20":"taxable","21":"shipping-taxable","22":"purchasable","23":"product-type-simple"},"acf":[],"_links":{"self":[{"href":"https:\/\/secureus.se\/pl\/wp-json\/wp\/v2\/product\/87150","targetHints":{"allow":["GET"]}}],"collection":[{"href":"https:\/\/secureus.se\/pl\/wp-json\/wp\/v2\/product"}],"about":[{"href":"https:\/\/secureus.se\/pl\/wp-json\/wp\/v2\/types\/product"}],"wp:featuredmedia":[{"embeddable":true,"href":"https:\/\/secureus.se\/pl\/wp-json\/wp\/v2\/media\/139806"}],"wp:attachment":[{"href":"https:\/\/secureus.se\/pl\/wp-json\/wp\/v2\/media?parent=87150"}],"wp:term":[{"taxonomy":"product_brand","embeddable":true,"href":"https:\/\/secureus.se\/pl\/wp-json\/wp\/v2\/product_brand?post=87150"},{"taxonomy":"product_cat","embeddable":true,"href":"https:\/\/secureus.se\/pl\/wp-json\/wp\/v2\/product_cat?post=87150"},{"taxonomy":"product_tag","embeddable":true,"href":"https:\/\/secureus.se\/pl\/wp-json\/wp\/v2\/product_tag?post=87150"}],"curies":[{"name":"wp","href":"https:\/\/api.w.org\/{rel}","templated":true}]}}