{"id":87161,"date":"2023-11-03T12:01:21","date_gmt":"2023-11-03T11:01:21","guid":{"rendered":"https:\/\/secureus.se\/produkt\/mifare-ultralight-nxp-ev1-cards-pack-of-100\/"},"modified":"2025-12-31T20:59:46","modified_gmt":"2025-12-31T19:59:46","slug":"mifare-ultralight-nxp-ev1-cards-pack-of-100","status":"publish","type":"product","link":"https:\/\/secureus.se\/pl\/mifare-ultralight-nxp-ev1-cards-pack-of-100\/","title":{"rendered":"Karta MIFARE Ultralight\u00ae NXP EV1 (100 sztuk w opakowaniu)"},"content":{"rendered":"<p>Karty Mifare Ultralight 1k NXP EV1 to tania i bezproblemowa alternatywa dla bilet\u00f3w papierowych. Te karty zbli\u017ceniowe idealnie nadaj\u0105 si\u0119 do stosowania w transporcie publicznym, na parkingach i w karnetach na wydarzenia.<\/p>\n<ul>\n<li>Sprzedawane w opakowaniach po 100 sztuk<\/li>\n<li>Zawiera oryginalny chip NXP EV1<\/li>\n<li>Zawiera 48 bajt\u00f3w\/384 bity pami\u0119ci<\/li>\n<li>Szybko\u015b\u0107 komunikacji 106 kbit\/s<\/li>\n<li>Pusta bia\u0142a powierzchnia PCV jest idealna do niestandardowego drukowania<\/li>\n<\/ul>\n<p>\n <strong><br \/>\n Waga produktu:<br \/>\n 0,50 kg<br \/>\n <\/strong>\n <\/p>","protected":false},"excerpt":{"rendered":"<p>Ten produkt posiada certyfikowany chip firmy NXP\u00ae, kt\u00f3ra jest globaln\u0105 firm\u0105 technologiczn\u0105 z siedzib\u0105 w Holandii. NXP\u00ae specjalizuje si\u0119 w RFID i NFC i oferuje szerok\u0105 gam\u0119 produkt\u00f3w z zakresu bezpiecze\u0144stwa, \u0142\u0105czno\u015bci i rozwi\u0105za\u0144 wbudowanych<\/p>","protected":false},"featured_media":139792,"template":"","meta":{"_acf_changed":false},"product_brand":[],"product_cat":[4228,1711],"product_tag":[4538,4146,3077,3079,3084,3069],"class_list":{"0":"post-87161","1":"product","2":"type-product","3":"status-publish","4":"has-post-thumbnail","6":"product_cat-rfid-kort-mifare-ultralight","7":"product_cat-rfid-kort","8":"product_tag-100-pack-lopnummer-rfid-kort","9":"product_tag-nxp","10":"product_tag-rfid-desfire","11":"product_tag-rfid-mifare-ultralight","12":"product_tag-trade-rfid-kort","13":"product_tag-trade-produkt","14":"product_shipping_class-postnord-varubrev","15":"pa_plastkort-teknik-mifare-ultralight","16":"tm-no-options","18":"first","19":"instock","20":"sale","21":"taxable","22":"shipping-taxable","23":"purchasable","24":"product-type-simple"},"acf":[],"_links":{"self":[{"href":"https:\/\/secureus.se\/pl\/wp-json\/wp\/v2\/product\/87161","targetHints":{"allow":["GET"]}}],"collection":[{"href":"https:\/\/secureus.se\/pl\/wp-json\/wp\/v2\/product"}],"about":[{"href":"https:\/\/secureus.se\/pl\/wp-json\/wp\/v2\/types\/product"}],"wp:featuredmedia":[{"embeddable":true,"href":"https:\/\/secureus.se\/pl\/wp-json\/wp\/v2\/media\/139792"}],"wp:attachment":[{"href":"https:\/\/secureus.se\/pl\/wp-json\/wp\/v2\/media?parent=87161"}],"wp:term":[{"taxonomy":"product_brand","embeddable":true,"href":"https:\/\/secureus.se\/pl\/wp-json\/wp\/v2\/product_brand?post=87161"},{"taxonomy":"product_cat","embeddable":true,"href":"https:\/\/secureus.se\/pl\/wp-json\/wp\/v2\/product_cat?post=87161"},{"taxonomy":"product_tag","embeddable":true,"href":"https:\/\/secureus.se\/pl\/wp-json\/wp\/v2\/product_tag?post=87161"}],"curies":[{"name":"wp","href":"https:\/\/api.w.org\/{rel}","templated":true}]}}