{"id":87171,"date":"2023-11-03T12:01:24","date_gmt":"2023-11-03T11:01:24","guid":{"rendered":"https:\/\/secureus.se\/produkt\/mifare-classic-4k-nxp-ev1-cards-pack-of-100\/"},"modified":"2026-04-08T16:22:31","modified_gmt":"2026-04-08T14:22:31","slug":"mifare-classic-4k-nxp-ev1-kort-100-pack","status":"publish","type":"product","link":"https:\/\/secureus.se\/pl\/mifare-classic-4k-nxp-ev1-kort-100-pack\/","title":{"rendered":"Karta Mifare Classic 4K NXP EV1 \u2014 100 szt., 13,56 MHz"},"content":{"rendered":"<h1>Karta Mifare Classic 4K NXP EV1 \u2014 100 szt., 13,56 MHz<\/h1>\n<p>Karta Mifare Classic 4K NXP EV1 oferuje wysokie bezpiecze\u0144stwo i wszechstronno\u015b\u0107 dzi\u0119ki oryginalnemu inteligentnemu chipowi NXP, kt\u00f3ry umo\u017cliwia bezpieczny odczyt i zapis. Dzi\u0119ki pojemno\u015bci pami\u0119ci 4 KB te karty zbli\u017ceniowe mog\u0105 by\u0107 wykorzystywane w szerokim zakresie zastosowa\u0144, w tym w kontroli dost\u0119pu, weryfikacji to\u017csamo\u015bci i programach lojalno\u015bciowych. Ka\u017cda karta jest indywidualnie programowana za pomoc\u0105 unikalnego 4-bajtowego numeru NUID, dzi\u0119ki czemu ka\u017cda karta jest niepowtarzalna i \u0142atwa do \u015bledzenia. Karty dzia\u0142aj\u0105 z cz\u0119stotliwo\u015bci\u0105 13,56 MHz i s\u0105 dost\u0119pne w standardowym formacie karty kredytowej CR80 (85,60 x 53,98 mm). Sprzedawane w opakowaniach po 100 sztuk, dzi\u0119ki czemu s\u0105 op\u0142acalne w przypadku wi\u0119kszych projekt\u00f3w.<\/p>\n<p><strong>Funkcje i zalety<\/strong>:<\/p>\n<ul>\n<li>Oryginalny inteligentny chip NXP<\/li>\n<li>Pojemno\u015b\u0107 pami\u0119ci 4KB<\/li>\n<li>Bezpieczna funkcja odczytu\/zapisu<\/li>\n<li>Indywidualnie programowane za pomoc\u0105 4-bajtowych numer\u00f3w NUID<\/li>\n<li>Dzia\u0142a na cz\u0119stotliwo\u015bci 13,56 MHz<\/li>\n<li>Sprzedawane w opakowaniach po 100 sztuk<\/li>\n<li>Standardowy rozmiar karty kredytowej CR80 (85,60 x 53,98 mm)<\/li>\n<\/ul>\n<p><strong>Specyfikacja techniczna<\/strong>:<\/p>\n<ul>\n<li><strong>Pojemno\u015b\u0107 pami\u0119ci<\/strong>: 4KB<\/li>\n<li><strong>Cz\u0119stotliwo\u015b\u0107<\/strong>: 13,56 MHz<\/li>\n<li><strong>Rozmiar<\/strong>: 85,60 x 53,98 mm (CR80)<\/li>\n<li><strong>Waga (opakowanie)<\/strong>: 0,59 kg<\/li>\n<\/ul>","protected":false},"excerpt":{"rendered":"<p>Ten produkt posiada certyfikowany chip firmy NXP\u00ae, kt\u00f3ra jest globaln\u0105 firm\u0105 technologiczn\u0105 z siedzib\u0105 w Holandii. NXP\u00ae specjalizuje si\u0119 w RFID i NFC i oferuje szerok\u0105 gam\u0119 produkt\u00f3w z zakresu bezpiecze\u0144stwa, \u0142\u0105czno\u015bci i rozwi\u0105za\u0144 wbudowanych.<\/p>\n<p>Karty Mifare Classic 4K NXP EV1 to bezstykowe karty inteligentne wyposa\u017cone w oryginalny inteligentny chip NXP. Dzi\u0119ki pojemno\u015bci pami\u0119ci 4 KB i bezpiecznej funkcji odczytu\/zapisu karty te doskonale nadaj\u0105 si\u0119 do r\u00f3\u017cnych zastosowa\u0144. Sprzedawane w opakowaniach po 100 sztuk i maj\u0105 standardowy rozmiar CR80 (85,60 x 53,98 mm).<\/p>","protected":false},"featured_media":139771,"template":"","meta":{"_acf_changed":false},"product_brand":[],"product_cat":[4226,1711],"product_tag":[4538,4146,3077,3073,3084,3069],"class_list":{"0":"post-87171","1":"product","2":"type-product","3":"status-publish","4":"has-post-thumbnail","6":"product_cat-rfid-kort-mifare-classic-4k","7":"product_cat-rfid-kort","8":"product_tag-100-pack-lopnummer-rfid-kort","9":"product_tag-nxp","10":"product_tag-rfid-desfire","11":"product_tag-rfid-mifare4k","12":"product_tag-trade-rfid-kort","13":"product_tag-trade-produkt","14":"product_shipping_class-postnord-varubrev","15":"pa_plastkort-teknik-mifare4k","16":"tm-has-options","18":"first","19":"instock","20":"sale","21":"taxable","22":"shipping-taxable","23":"purchasable","24":"product-type-simple"},"acf":[],"_links":{"self":[{"href":"https:\/\/secureus.se\/pl\/wp-json\/wp\/v2\/product\/87171","targetHints":{"allow":["GET"]}}],"collection":[{"href":"https:\/\/secureus.se\/pl\/wp-json\/wp\/v2\/product"}],"about":[{"href":"https:\/\/secureus.se\/pl\/wp-json\/wp\/v2\/types\/product"}],"wp:featuredmedia":[{"embeddable":true,"href":"https:\/\/secureus.se\/pl\/wp-json\/wp\/v2\/media\/139771"}],"wp:attachment":[{"href":"https:\/\/secureus.se\/pl\/wp-json\/wp\/v2\/media?parent=87171"}],"wp:term":[{"taxonomy":"product_brand","embeddable":true,"href":"https:\/\/secureus.se\/pl\/wp-json\/wp\/v2\/product_brand?post=87171"},{"taxonomy":"product_cat","embeddable":true,"href":"https:\/\/secureus.se\/pl\/wp-json\/wp\/v2\/product_cat?post=87171"},{"taxonomy":"product_tag","embeddable":true,"href":"https:\/\/secureus.se\/pl\/wp-json\/wp\/v2\/product_tag?post=87171"}],"curies":[{"name":"wp","href":"https:\/\/api.w.org\/{rel}","templated":true}]}}