{"id":87199,"date":"2023-11-03T14:56:06","date_gmt":"2023-11-03T13:56:06","guid":{"rendered":"https:\/\/secureus.se\/?post_type=product&#038;p=87199"},"modified":"2026-04-15T14:57:46","modified_gmt":"2026-04-15T12:57:46","slug":"ajax-keypad-touchscreen-manoverpanel-svart-inbyggd-rfid-lasare","status":"publish","type":"product","link":"https:\/\/secureus.se\/pl\/ajax-keypad-touchscreen-manoverpanel-svart-inbyggd-rfid-lasare\/","title":{"rendered":"Ajax KeyPad Touchscreen Panel sterowania czarny - Wbudowany czytnik RFID"},"content":{"rendered":"<h3>Ajax KeyPad TouchScreen Control Panel Black to intuicyjny i wydajny panel sterowania zaprojektowany w celu zapewnienia pe\u0142nej kontroli nad systemem alarmowym Ajax.<\/h3>\n<p>Wyposa\u017cony w 5-calowy ekran dotykowy IPS i wbudowany czytnik RFID, oferuje zar\u00f3wno \u0142atwo\u015b\u0107 obs\u0142ugi, jak i bezpiecze\u0144stwo w kompaktowej obudowie.<\/p>\n<p>Model w czarnym kolorze idealnie pasuje do nowoczesnych dom\u00f3w i firm oraz zapewnia u\u017cytkownikom \u0142atwy w obs\u0142udze interfejs do monitorowania i kontrolowania bezpiecze\u0144stwa.<\/p>\n<p><strong>Zaawansowana technologia zapewniaj\u0105ca \u0142atwy dost\u0119p i bezpiecze\u0144stwo<\/strong><br \/>\nDzi\u0119ki Ajax KeyPad TouchScreen mo\u017cesz w bezpieczny i prosty spos\u00f3b komunikowa\u0107 si\u0119 z systemem alarmowym, dzi\u0119ki obs\u0142udze kilku metod uwierzytelniania: za pomoc\u0105 kodu, kart bezpiecze\u0144stwa RFID lub brelok\u00f3w do kluczy (Pass and Tag) lub smartfona przez Bluetooth Low Energia (BLE).<\/p>\n<p>Wbudowany czytnik RFID jeszcze bardziej u\u0142atwia aktywacj\u0119 i dezaktywacj\u0119 systemu, minimalizuj\u0105c ryzyko nieuprawnionego dost\u0119pu.<\/p>\n<p><strong>Funkcje poprawiaj\u0105ce do\u015bwiadczenie u\u017cytkownika<\/strong><br \/>\n5-calowy ekran o wysokiej rozdzielczo\u015bci i automatycznej regulacji jasno\u015bci u\u0142atwia korzystanie zar\u00f3wno w dzie\u0144, jak i w nocy.<\/p>\n<p>Dzi\u0119ki przyjaznemu interfejsowi mo\u017cna szybko uzyska\u0107 przegl\u0105d stanu systemu, informacji o liniach i uzbrojeniu.<\/p>\n<p>Wszystkie komunikaty o alarmach, usterkach i otwarciu drzwi s\u0105 wyra\u017anie wy\u015bwietlane na ekranie, co u\u0142atwia \u015bledzenie stanu systemu w czasie rzeczywistym.<\/p>\n<p><strong>Bezpieczna i elastyczna komunikacja<\/strong><br \/>\nAjax KeyPad TouchScreen wykorzystuje protoko\u0142y radiowe Jeweler i Wings do niezawodnej komunikacji i ma zasi\u0119g bezprzewodowy do 1700 metr\u00f3w.<\/p>\n<p>Dzi\u0119ki temu instalacja jest \u0142atwa i elastyczna, zapewniaj\u0105c jednocze\u015bnie bezpieczn\u0105 komunikacj\u0119 pomi\u0119dzy panelem a koncentratorem Ajax.<\/p>\n<p>Istnieje tak\u017ce mo\u017cliwo\u015b\u0107 skonfigurowania centrali tak, aby odtwarza\u0142a powiadomienia d\u017awi\u0119kowe o otwarciu drzwi, op\u00f3\u017anieniach oraz uruchomieniu alarmu.<\/p>\n<p><strong>D\u0142uga \u017cywotno\u015b\u0107 baterii i niskie wymagania konserwacyjne<\/strong><br \/>\nDzi\u0119ki fabrycznie zainstalowanym bateriom Ajax KeyPad TouchScreen zapewnia do 1,5 roku pracy bez konieczno\u015bci wymiany.<\/p>\n<p>Gdy poziom baterii jest niski, u\u017cytkownik otrzymuje powiadomienie za po\u015brednictwem aplikacji Ajax, dzi\u0119ki czemu baterie mo\u017cna wymieni\u0107 w odpowiednim czasie, zanim si\u0119 wyczerpi\u0105.<\/p>\n<p><strong>Funkcje bezpiecze\u0144stwa i \u0142atwa instalacja<\/strong><br \/>\nKeyPad TouchScreen jest wyposa\u017cony w przycisk paniki stosowany w sytuacjach awaryjnych oraz alarm sabota\u017cowy, kt\u00f3ry ostrzega w przypadku pr\u00f3by usuni\u0119cia panelu ze \u015bciany.<\/p>\n<p>Panel blokuje si\u0119 po wielokrotnym wpisaniu b\u0142\u0119dnego kodu, aby zapobiec zgadni\u0119ciu kodu, a wszystkie dane s\u0105 szyfrowane w celu ochrony przed nieuprawnionym dost\u0119pem.<\/p>\n<p>Instalacja i parowanie odbywa si\u0119 szybko za pomoc\u0105 kodu QR w aplikacji Ajax, a system mo\u017cna \u0142atwo skonfigurowa\u0107 bez konieczno\u015bci posiadania zaawansowanej wiedzy technicznej.<\/p>\n<p><strong>Dane techniczne<\/strong>:<\/p>\n<ul>\n<li><strong>Ekran<\/strong>: 5-calowy ekran dotykowy IPS o rozdzielczo\u015bci 480 \u00d7 854 pikseli<\/li>\n<li><strong>Po\u0142\u0105czenie<\/strong>: Bezprzewodowy (protoko\u0142y Jeweler i Wings)<\/li>\n<li><strong>\u017bywotno\u015b\u0107 baterii<\/strong>: Do 1,5 roku z fabrycznie zainstalowanymi akumulatorami<\/li>\n<li><strong>Zasi\u0119g bezprzewodowy<\/strong>: Do 1700 metr\u00f3w<\/li>\n<li><strong>Metody komunikacji<\/strong>: Tagi RFID, kod, smartfon za po\u015brednictwem BLE<\/li>\n<li><strong>Funkcje bezpiecze\u0144stwa<\/strong>: Przycisk paniki, alarm sabota\u017cowy, ochrona przed odgadni\u0119ciem kodu<\/li>\n<li><strong>Uwierzytelnianie<\/strong>: Smartfon, karta bezpiecze\u0144stwa i breloczki (przepustka i znacznik), kod<\/li>\n<li><strong>Powiadomienia d\u017awi\u0119kowe<\/strong>: Automatyczny sygna\u0142 d\u017awi\u0119kowy w przypadku alarm\u00f3w, otwarcia drzwi i op\u00f3\u017anie\u0144<\/li>\n<li><strong>Zgodno\u015b\u0107<\/strong>: Hub 2 (2G), Hub 2 (4G), Hub 2 Plus, Hub hybrydowy (2G), Hub hybrydowy (4G), ReX 2<\/li>\n<li><strong>Zakres temperatur<\/strong>: 0\u00b0C do +50\u00b0C<\/li>\n<li><strong>Klasa IP<\/strong>: IP20<\/li>\n<\/ul>\n<p><strong>Pakiet zawiera<\/strong>:<\/p>\n<ul>\n<li>1 x Ajax KeyPad TouchScreen Control Panel czarny<\/li>\n<li>Zestaw monta\u017cowy<\/li>\n<li>Skr\u00f3cona instrukcja obs\u0142ugi<\/li>\n<\/ul>\n<p>Ajax KeyPad TouchScreen to co\u015b wi\u0119cej ni\u017c tylko panel sterowania \u2013 to niezawodne, bezpieczne i przyjazne dla u\u017cytkownika rozwi\u0105zanie do sterowania systemem alarmowym Ajax.<\/p>\n<p>Dzi\u0119ki zaawansowanej technologii, elastycznej instalacji, d\u0142ugiej \u017cywotno\u015bci baterii i bezpiecznej komunikacji jest to idealne urz\u0105dzenie do ochrony Twojego domu lub firmy.<\/p>\n<p><iframe src=\"https:\/\/www.youtube.com\/embed\/VN6aPF8a3Gc\" width=\"600\" height=\"338\" frameborder=\"0\" allowfullscreen=\"allowfullscreen\"><\/iframe><\/p>\n<h3 style=\"text-align: center\"><strong>Smartfon<\/strong><\/h3>\n<p style=\"text-align: center\">KeyPad Touchscreen oferuje r\u00f3\u017cne sposoby identyfikacji u\u017cytkownik\u00f3w, m.in. telefon kom\u00f3rkowy, technologi\u0119 BLE (Bluetooth Low Energy), kt\u00f3ra umo\u017cliwia wykorzystanie smartfon\u00f3w jako zamiennika kart lub brelok\u00f3w. Urz\u0105dzenie obs\u0142uguje smartfony z systemem Android i iOS z BLE 4.2 i nowszym.<\/p>\n<h3 style=\"text-align: center\"><strong>Karta dost\u0119pu i brelok\/breloczek RFID<\/strong><\/h3>\n<p>Opr\u00f3cz telefonu kom\u00f3rkowego i BLE u\u017cytkownicy mog\u0105 r\u00f3wnie\u017c u\u017cywa\u0107 tag\u00f3w i przepustek do sterowania alarmem. Administratorzy maj\u0105 mo\u017cliwo\u015b\u0107 \u0142atwego przypisywania lub usuwania uprawnie\u0144 dla ka\u017cdego pojedynczego przepustki lub tagu.<\/p>\n<h3 style=\"text-align: center\"><strong>Kod<\/strong><\/h3>\n<p style=\"text-align: center\">KeyPad TouchScreen obs\u0142uguje r\u00f3\u017cne typy kod\u00f3w, w tym og\u00f3lny kod klawiatury (jeden na klawiatur\u0119), kod osobisty (indywidualny dla ka\u017cdego u\u017cytkownika) oraz kod tymczasowy dla osoby niezarejestrowanej.<\/p>\n<h3><\/h3>","protected":false},"excerpt":{"rendered":"<p>Ajax KeyPad TouchScreen to zaawansowany panel kontrolny z 5-calowym ekranem dotykowym IPS i wbudowanym czytnikiem RFID, kt\u00f3ry u\u0142atwia sterowanie i monitorowanie Twojego systemu bezpiecze\u0144stwa Ajax.<\/p>\n<p>Zapewnia bezpieczny dost\u0119p za pomoc\u0105 kodu, telefonu kom\u00f3rkowego lub tag\u00f3w i mo\u017cna go skonfigurowa\u0107 tak, aby pasowa\u0142 zar\u00f3wno do domu, jak i firmy.<\/p>","protected":false},"featured_media":164482,"template":"","meta":{"_acf_changed":false},"product_brand":[],"product_cat":[3164,1319],"product_tag":[3127,4863],"class_list":{"0":"post-87199","1":"product","2":"type-product","3":"status-publish","4":"has-post-thumbnail","6":"product_cat-larmstyrning","7":"product_cat-ajax-larm","8":"product_tag-kontrollprodukt","9":"product_tag-pf","10":"product_shipping_class-tunga-paket","11":"pa_brands-ajax-systems","12":"pa_farg-svart","13":"tm-no-options","15":"first","16":"instock","17":"sale","18":"featured","19":"taxable","20":"shipping-taxable","21":"purchasable","22":"product-type-simple"},"acf":[],"_links":{"self":[{"href":"https:\/\/secureus.se\/pl\/wp-json\/wp\/v2\/product\/87199","targetHints":{"allow":["GET"]}}],"collection":[{"href":"https:\/\/secureus.se\/pl\/wp-json\/wp\/v2\/product"}],"about":[{"href":"https:\/\/secureus.se\/pl\/wp-json\/wp\/v2\/types\/product"}],"wp:featuredmedia":[{"embeddable":true,"href":"https:\/\/secureus.se\/pl\/wp-json\/wp\/v2\/media\/164482"}],"wp:attachment":[{"href":"https:\/\/secureus.se\/pl\/wp-json\/wp\/v2\/media?parent=87199"}],"wp:term":[{"taxonomy":"product_brand","embeddable":true,"href":"https:\/\/secureus.se\/pl\/wp-json\/wp\/v2\/product_brand?post=87199"},{"taxonomy":"product_cat","embeddable":true,"href":"https:\/\/secureus.se\/pl\/wp-json\/wp\/v2\/product_cat?post=87199"},{"taxonomy":"product_tag","embeddable":true,"href":"https:\/\/secureus.se\/pl\/wp-json\/wp\/v2\/product_tag?post=87199"}],"curies":[{"name":"wp","href":"https:\/\/api.w.org\/{rel}","templated":true}]}}