{"id":87222,"date":"2022-03-10T15:47:00","date_gmt":"2022-03-10T14:47:00","guid":{"rendered":"https:\/\/secureus.se\/produkt\/optex-pir-cdx-am-15x15-meter-antimask-sbsc-klass-3\/"},"modified":"2026-04-01T13:29:00","modified_gmt":"2026-04-01T11:29:00","slug":"optex-pir-cdx-am-15x15-meter-antimask","status":"publish","type":"product","link":"https:\/\/secureus.se\/pl\/optex-pir-cdx-am-15x15-meter-antimask\/","title":{"rendered":"Optex PIR CDX-AM 15\u00d715 metr\u00f3w Antimask Wersja Pro"},"content":{"rendered":"<h1>Optex PIR CDX-AM to jeden z najbardziej zaawansowanych detektor\u00f3w mikrofalowych PIR na rynku, opracowany specjalnie do stosowania w \u015brodowiskach o wysokim poziomie bezpiecze\u0144stwa, kt\u00f3re wymagaj\u0105 dok\u0142adnego i niezawodnego wykrywania w\u0142ama\u0144.<\/h1>\n<p>Dzi\u0119ki mo\u017cliwo\u015bci wykrywania na obszarze 15\u00d715 metr\u00f3w detektor ten jest doskona\u0142ym wyborem do zastosowa\u0144 komercyjnych i przemys\u0142owych, gdzie bezpiecze\u0144stwo ma priorytet.<\/p>\n<p>Jedn\u0105 z najwa\u017cniejszych cech tej czujki jest funkcja antymaskingu, dzi\u0119ki kt\u00f3rej jest ona odporna na pr\u00f3by maskowania lub manipulacji polem detekcyjnym czujki.<\/p>\n<p>W czujce zastosowano technologi\u0119 antymaskingu aktywnej podczerwieni, kt\u00f3ra umo\u017cliwia wykrywanie blokad lub zak\u0142\u00f3ce\u0144, zwi\u0119kszaj\u0105c bezpiecze\u0144stwo i zmniejszaj\u0105c ryzyko fa\u0142szywych alarm\u00f3w.<\/p>\n<p>Czujka posiada r\u00f3wnie\u017c innowacyjn\u0105 \u201elogik\u0119 czterech stref\u201d, kt\u00f3ra pozwala na jednoczesn\u0105 analiz\u0119 kilku stref detekcji w celu zapewnienia dok\u0142adnej detekcji.<\/p>\n<p>Pozwala to na odr\u00f3\u017cnienie ruchu cz\u0142owieka od ma\u0142ych zwierz\u0105t, czyni\u0105c go odpornym na mniejsze zwierz\u0119ta i zmniejszaj\u0105c ryzyko niepotrzebnych alarm\u00f3w.<\/p>\n<p>Aby zapewni\u0107 optymaln\u0105 wydajno\u015b\u0107 w ka\u017cdych warunkach, CDX-AM jest wyposa\u017cony w dwuprzewodowe ekranowanie, kt\u00f3re chroni przed zak\u0142\u00f3ceniami ze strony jasnego \u015bwiat\u0142a lub fal radiowych, zapewniaj\u0105c sp\u00f3jne i dok\u0142adne wykrywanie.<\/p>\n<p>Charakteryzuje si\u0119 r\u00f3wnie\u017c wysok\u0105 czu\u0142o\u015bci\u0105 i regulowan\u0105 wysoko\u015bci\u0105 monta\u017cu w zakresie od 1,8 do 2,4 metra, co pozwala dostosowa\u0107 si\u0119 do r\u00f3\u017cnych potrzeb i \u015brodowisk w zakresie bezpiecze\u0144stwa.<\/p>\n<p>Do instalacji i u\u017cytkowania CDX-AM mo\u017cna \u0142atwo pod\u0142\u0105czy\u0107 za pomoc\u0105 standardowego zasilacza 9,5\u201318 VDC.<\/p>\n<p>Dzi\u0119ki poborowi pr\u0105du wynosz\u0105cemu zaledwie 20 mA jest to energooszcz\u0119dne rozwi\u0105zanie do d\u0142ugotrwa\u0142ego u\u017cytkowania. Solidna obudowa IP30 sprawia, \u017ce nadaje si\u0119 do instalacji wewn\u0119trznych i chroni przed kurzem i brudem.<\/p>\n<p>Czujka charakteryzuje si\u0119 tak\u017ce prostym i elastycznym procesem instalacji, w kt\u00f3rym u\u017cytkownicy mog\u0105 wybiera\u0107 pomi\u0119dzy szerokimi obszarami detekcji 15x15 metr\u00f3w lub w\u0119\u017cszymi 24x2 metry, w zale\u017cno\u015bci od potrzeb.<\/p>\n<p>Kompaktowe wymiary i niewielka waga sprawiaj\u0105, \u017ce mo\u017cna go \u0142atwo umie\u015bci\u0107 w wybranym miejscu, zachowuj\u0105c jednocze\u015bnie wysoki poziom wykrywalno\u015bci i niezawodno\u015bci.<\/p>\n<p><strong>Dane techniczne<\/strong>:<\/p>\n<ul>\n<li><strong>Obszar detekcji (DxS)<\/strong>: 15\u00d715 metr\u00f3w<\/li>\n<li><strong>Wysoko\u015b\u0107 monta\u017cu<\/strong>: 1,8\u20132,4 metra<\/li>\n<li><strong>Zu\u017cycie energii<\/strong>: 20mA<\/li>\n<li><strong>Wolta\u017c<\/strong>: 9,5\u201318 V pr\u0105du sta\u0142ego<\/li>\n<li><strong>Zakres temperatur<\/strong>: -10\u00b0C do +50\u00b0C<\/li>\n<li><strong>Ochrona maskuj\u0105ca<\/strong>: Tak (aktywny antymasking IR)<\/li>\n<li><strong>Wyj\u015bcie alarmowe<\/strong>: NC 28 V DC 0,2 A maks<\/li>\n<li><strong>Wyj\u015bcie sabota\u017cowe<\/strong>: NC 28 V DC 0,1 A maks<\/li>\n<li><strong>Klasa ochrony<\/strong>: IP30<\/li>\n<li><strong>Mierzy\u0107<\/strong>: 140 x 70 x 52,3 mm<\/li>\n<li><strong>Waga<\/strong>: 180<\/li>\n<\/ul>","protected":false},"excerpt":{"rendered":"<p>Optex PIR CDX-AM to zaawansowany detektor PIR z funkcj\u0105 antymaskingu, zaprojektowany w celu zapewnienia niezawodnego wykrywania.<\/p>\n<p>Oferuje obszar detekcji o wymiarach 15x15 metr\u00f3w, ochron\u0119 maskuj\u0105c\u0105 i wysok\u0105 odporno\u015b\u0107 na fa\u0142szywe alarmy.<\/p>","protected":false},"featured_media":145584,"template":"","meta":{"_acf_changed":false},"product_brand":[],"product_cat":[1325],"product_tag":[2145,3067,2466],"class_list":{"0":"post-87222","1":"product","2":"type-product","3":"status-publish","4":"has-post-thumbnail","6":"product_cat-larmgivare-skalskydd","7":"product_tag-rorelsedetektor-ir-detektorer","8":"product_tag-optex-cdx-outlet","9":"product_tag-sbsc-larmklass3","10":"product_shipping_class-postnord-varubrev","11":"pa_brands-optex","12":"tm-no-options","14":"first","15":"instock","16":"sale","17":"featured","18":"taxable","19":"shipping-taxable","20":"purchasable","21":"product-type-simple"},"acf":[],"_links":{"self":[{"href":"https:\/\/secureus.se\/pl\/wp-json\/wp\/v2\/product\/87222","targetHints":{"allow":["GET"]}}],"collection":[{"href":"https:\/\/secureus.se\/pl\/wp-json\/wp\/v2\/product"}],"about":[{"href":"https:\/\/secureus.se\/pl\/wp-json\/wp\/v2\/types\/product"}],"wp:featuredmedia":[{"embeddable":true,"href":"https:\/\/secureus.se\/pl\/wp-json\/wp\/v2\/media\/145584"}],"wp:attachment":[{"href":"https:\/\/secureus.se\/pl\/wp-json\/wp\/v2\/media?parent=87222"}],"wp:term":[{"taxonomy":"product_brand","embeddable":true,"href":"https:\/\/secureus.se\/pl\/wp-json\/wp\/v2\/product_brand?post=87222"},{"taxonomy":"product_cat","embeddable":true,"href":"https:\/\/secureus.se\/pl\/wp-json\/wp\/v2\/product_cat?post=87222"},{"taxonomy":"product_tag","embeddable":true,"href":"https:\/\/secureus.se\/pl\/wp-json\/wp\/v2\/product_tag?post=87222"}],"curies":[{"name":"wp","href":"https:\/\/api.w.org\/{rel}","templated":true}]}}