{"id":87451,"date":"2023-11-22T17:06:13","date_gmt":"2023-11-22T16:06:13","guid":{"rendered":"https:\/\/secureus.se\/?post_type=product&#038;p=87451"},"modified":"2026-03-31T16:42:18","modified_gmt":"2026-03-31T14:42:18","slug":"tagg-laddbricka-mifare-pro","status":"publish","type":"product","link":"https:\/\/secureus.se\/pl\/tagg-laddbricka-mifare-pro\/","title":{"rendered":"Tag \u0141adowanie Tag Mifare\u00ae \u2013 Pro"},"content":{"rendered":"<h1>Taca do \u0142adowania znacznik\u00f3w RFID Mifare<\/h1>\n<p>Upro\u015b\u0107 \u0142adowanie samochodu elektrycznego i zwi\u0119ksz poziom bezpiecze\u0144stwa dzi\u0119ki naszym znacznikom RFID i przywieszkom do \u0142adowania, dostosowanym do standardu MIFARE i kompatybilnym ze skrzynkami \u0142aduj\u0105cymi wiod\u0105cych marek, takich jak Easee i Zaptec.<\/p>\n<h3><strong>Kluczowe funkcje:<\/strong><\/h3>\n<ol>\n<li><strong>\u0141atwa kontrola dost\u0119pu:<\/strong>\n<ul>\n<li>Skorzystaj z naszego znacznika RFID, aby \u0142atwo zamkn\u0105\u0107 skrzynk\u0119 \u0142aduj\u0105c\u0105 i regulowa\u0107 dost\u0119p u\u017cytkownik\u00f3w. Idealny do ograniczenia u\u017cytkowania w miejscach bez nadzoru, takich jak domki letniskowe.<\/li>\n<\/ul>\n<\/li>\n<li><strong>Bezpiecze\u0144stwo w centrum uwagi:<\/strong>\n<ul>\n<li>Chro\u0144 swoj\u0105 skrzynk\u0119 \u0142aduj\u0105c\u0105 za pomoc\u0105 naszego znacznika RFID w standardzie MIFARE, idealnego dla u\u017cytkownik\u00f3w, dla kt\u00f3rych bezpiecze\u0144stwo jest priorytetem, szczeg\u00f3lnie w miejscach, gdzie skrzynka \u0142aduj\u0105ca jest nara\u017cona przez d\u0142u\u017cszy czas bez nadzoru.<\/li>\n<\/ul>\n<\/li>\n<li><strong>P\u0142ynna instalacja:<\/strong>\n<ul>\n<li>Z \u0142atwo\u015bci\u0105 zintegruj znacznik RFID, post\u0119puj\u0105c zgodnie z jasnymi instrukcjami w aplikacji skrzynki \u0142aduj\u0105cej. \u017badnych skomplikowanych proces\u00f3w, po prostu proste i p\u0142ynne u\u017cycie.<\/li>\n<\/ul>\n<\/li>\n<li><strong>Optymalna wydajno\u015b\u0107 dzi\u0119ki podstawce \u0142aduj\u0105cej:<\/strong>\n<ul>\n<li>Zwi\u0119ksz pr\u0119dko\u015b\u0107 \u0142adowania nawet o 40% dzi\u0119ki naszej wydajnej \u0142adowarce, co skutkuje szybszym i bardziej op\u0142acalnym \u0142adowaniem Twojego samochodu elektrycznego.<\/li>\n<\/ul>\n<\/li>\n<\/ol>\n<h3><strong>Obszary zastosowania:<\/strong><\/h3>\n<ul>\n<li><strong>\u0141adowanie rekreacyjne:<\/strong>\n<ul>\n<li>Idealnie sprawdzi si\u0119 w domkach letniskowych lub miejscach, gdzie skrzynka \u0142aduj\u0105ca mo\u017ce pozosta\u0107 bez nadzoru. Tag RFID daje Ci kontrol\u0119 nad u\u017cytkowaniem \u0142adowarki i zwi\u0119ksza bezpiecze\u0144stwo.<\/li>\n<\/ul>\n<\/li>\n<li><strong>Bezpieczne \u0142adowanie biznesowe:<\/strong>\n<ul>\n<li>Idealny dla firm, kt\u00f3re musz\u0105 mie\u0107 pewno\u015b\u0107, \u017ce tylko autoryzowani u\u017cytkownicy b\u0119d\u0105 mieli dost\u0119p do infrastruktury \u0142adowania.<\/li>\n<\/ul>\n<\/li>\n<\/ul>\n<p>Zoptymalizuj \u0142adowanie samochodu elektrycznego dzi\u0119ki naszym niezawodnym znacznikom RFID i znacznikom \u0142adowania. Z\u0142\u00f3\u017c zam\u00f3wienie ju\u017c dzi\u015b, aby zapewni\u0107 bezpieczniejsze i p\u0142ynniejsze \u0142adowanie dzi\u0119ki Easee!<\/p>\n<h3 class=\"title3_container__95KRM\"><strong>Zaptec<\/strong><\/h3>\n<ol>\n<li>\n<p class=\"editorial-body_container__B1_Rn\">Otw\u00f3rz aplikacj\u0119 Zaptec<\/p>\n<\/li>\n<li>\n<p class=\"editorial-body_container__B1_Rn\">Id\u017a do\u00a0<strong>Moje breloczki<\/strong><\/p>\n<\/li>\n<li>\n<p class=\"editorial-body_container__B1_Rn\">Wybiera\u0107\u00a0<strong>Dodaj nowe<\/strong><\/p>\n<\/li>\n<\/ol>\n<h3 class=\"title3_container__95KRM\"><strong>\u0141atwy<\/strong><\/h3>\n<ol>\n<li>\n<p class=\"editorial-body_container__B1_Rn\">Otw\u00f3rz aplikacj\u0119 Easee<\/p>\n<\/li>\n<li>\n<p class=\"editorial-body_container__B1_Rn\">Otw\u00f3rz menu w lewym g\u00f3rnym rogu<\/p>\n<\/li>\n<li>\n<p class=\"editorial-body_container__B1_Rn\">Wybiera\u0107\u00a0<strong>\u0141atwe klucze<\/strong> i dobrze\u00a0<strong>Doda\u0107<\/strong> z prawego g\u00f3rnego rogu<\/p>\n<\/li>\n<li>\n<p class=\"editorial-body_container__B1_Rn\">Wybierz swoj\u0105 skrzynk\u0119 \u0142aduj\u0105c\u0105<\/p>\n<\/li>\n<li>\n<p class=\"editorial-body_container__B1_Rn\">Przy\u0142\u00f3\u017c identyfikator RFID do oznaczenia na \u0142adowarce lub zeskanuj go telefonem<\/p>\n<\/li>\n<li>\n<p class=\"editorial-body_container__B1_Rn\">Nazwij sw\u00f3j znacznik RFID, np. \u201eTaca \u0142aduj\u0105ca\u201d.<\/p>\n<\/li>\n<\/ol>","protected":false},"excerpt":{"rendered":"<p>Etykieta RFID \/ \u0142adowarka w kolorze czarnym. Etykieta jest zgodna ze standardem MIFARE i wsp\u00f3\u0142pracuje ze wszystkimi \u0142adowarkami obs\u0142uguj\u0105cymi standard MIFARE, w tym Easee i Zaptec. Produkt posiada certyfikowany chip NXP\u00ae.<\/p>\n<p>Je\u015bli chcesz, aby na etykiecie znalaz\u0142 si\u0119 numer, kt\u00f3ry u\u0142atwi dodanie etykiety do Twojej aplikacji, kliknij \u201eDostosuj produkt\u201d i wybierz \u201eChippet UID\u201d. Przed dostaw\u0105 wygrawerujemy unikalny numer klucza znajduj\u0105cy si\u0119 na etykiecie.<\/p>","protected":false},"featured_media":158677,"template":"","meta":{"_acf_changed":false},"product_brand":[],"product_cat":[3091,4815,4784,4814],"product_tag":[3090,4146],"class_list":{"0":"post-87451","1":"product","2":"type-product","3":"status-publish","4":"has-post-thumbnail","6":"product_cat-elbilsladdning","7":"product_cat-easee-taggar","8":"product_cat-mifare1k","9":"product_cat-zaptec-taggar","10":"product_tag-laddbricka","11":"product_tag-nxp","12":"product_shipping_class-postnord-varubrev","13":"pa_brands-stonehouse-security","14":"pa_chip-teknik-mifare1k","15":"tm-has-options","17":"first","18":"instock","19":"taxable","20":"shipping-taxable","21":"purchasable","22":"product-type-simple"},"acf":[],"_links":{"self":[{"href":"https:\/\/secureus.se\/pl\/wp-json\/wp\/v2\/product\/87451","targetHints":{"allow":["GET"]}}],"collection":[{"href":"https:\/\/secureus.se\/pl\/wp-json\/wp\/v2\/product"}],"about":[{"href":"https:\/\/secureus.se\/pl\/wp-json\/wp\/v2\/types\/product"}],"wp:featuredmedia":[{"embeddable":true,"href":"https:\/\/secureus.se\/pl\/wp-json\/wp\/v2\/media\/158677"}],"wp:attachment":[{"href":"https:\/\/secureus.se\/pl\/wp-json\/wp\/v2\/media?parent=87451"}],"wp:term":[{"taxonomy":"product_brand","embeddable":true,"href":"https:\/\/secureus.se\/pl\/wp-json\/wp\/v2\/product_brand?post=87451"},{"taxonomy":"product_cat","embeddable":true,"href":"https:\/\/secureus.se\/pl\/wp-json\/wp\/v2\/product_cat?post=87451"},{"taxonomy":"product_tag","embeddable":true,"href":"https:\/\/secureus.se\/pl\/wp-json\/wp\/v2\/product_tag?post=87451"}],"curies":[{"name":"wp","href":"https:\/\/api.w.org\/{rel}","templated":true}]}}