{"id":87759,"date":"2023-03-28T14:23:51","date_gmt":"2023-03-28T12:23:51","guid":{"rendered":"https:\/\/secureus.se\/produkt\/apollo-pp2526-discovery-brandknapp-inomhusbruk-en-54-11-certifierad-rod\/"},"modified":"2026-04-23T13:30:10","modified_gmt":"2026-04-23T11:30:10","slug":"apollo-pp2526-discovery-brandknapp-inomhusbruk-en-54-11-certifierad-rod","status":"publish","type":"product","link":"https:\/\/secureus.se\/pl\/apollo-pp2526-discovery-brandknapp-inomhusbruk-en-54-11-certifierad-rod\/","title":{"rendered":"Przycisk Apollo PP2526 Discovery Fire, do u\u017cytku wewn\u0119trznego, certyfikat EN 54-11, czerwony"},"content":{"rendered":"<h1>Przycisk Apollo PP2526 Discovery Fire, do u\u017cytku wewn\u0119trznego, certyfikat EN 54-11, czerwony<\/h1>\n<p class=\"\" data-start=\"396\" data-end=\"765\">Inteligentny r\u0119czny przycisk alarmowy Apollo PP2526 Discovery umo\u017cliwia \u0142atw\u0105 aktywacj\u0119 alarmu przeciwpo\u017carowego poprzez naci\u015bni\u0119cie resetowalnego przycisku.<\/p>\n<p class=\"\" data-start=\"396\" data-end=\"765\">Po aktywacji dioda LED \u015bwieci ci\u0105g\u0142ym czerwonym \u015bwiat\u0142em, informuj\u0105c o stanie alarmu, migaj\u0105cym zielonym \u015bwiat\u0142em, informuj\u0105cym o stanie odpytywania, a \u017c\u00f3\u0142tym, gdy wyst\u0105pi usterka.<\/p>\n<p class=\"\" data-start=\"396\" data-end=\"765\">Dzi\u0119ki temu mo\u017cna \u0142atwo monitorowa\u0107 i weryfikowa\u0107 funkcjonalno\u015b\u0107 urz\u0105dzenia.<\/p>\n<p class=\"\" data-start=\"767\" data-end=\"1208\">Ten r\u0119czny ostrzegacz po\u017carowy nadaje si\u0119 do monta\u017cu zar\u00f3wno wn\u0119kowego, jak i natynkowego. Ma klas\u0119 ochrony IP44, co zapewnia ochron\u0119 przed brudem i wilgoci\u0105.<\/p>\n<p class=\"\" data-start=\"767\" data-end=\"1208\">Dzi\u0119ki napi\u0119ciu 17\u201335 V DC i kompatybilno\u015bci z systemami XP95, Discovery i CoreProtocol urz\u0105dzenie to charakteryzuje si\u0119 wysok\u0105 wydajno\u015bci\u0105 i niezawodno\u015bci\u0105.<\/p>\n<p class=\"\" data-start=\"767\" data-end=\"1208\">Produkt jest wyposa\u017cony w z\u0142\u0105cze \u201ePlug and Play\u201d umo\u017cliwiaj\u0105ce szybk\u0105 i \u0142atw\u0105 instalacj\u0119 oraz z\u0142\u0105cze ci\u0105g\u0142e umo\u017cliwiaj\u0105ce przetestowanie kabli przed instalacj\u0105.<\/p>\n<p class=\"\" data-start=\"1210\" data-end=\"1343\">Dzi\u0119ki 10-letniej gwarancji i wytrzyma\u0142ej obudowie z poliw\u0119glanu ten r\u0119czny ostrzegacz po\u017carowy jest trwa\u0142ym i bezpiecznym rozwi\u0105zaniem dla system\u00f3w sygnalizacji po\u017carowej.<\/p>","protected":false},"excerpt":{"rendered":"<p>Inteligentny r\u0119czny przycisk alarmowy Apollo PP2526 Discovery s\u0142u\u017cy do r\u0119cznego uruchomienia alarmu w systemie wykrywania po\u017caru.<\/p>\n<p>Posiada funkcj\u0119 resetowania, widoczn\u0105 diod\u0119 LED o k\u0105cie 170\u00b0 i jest certyfikowany zgodnie z norm\u0105 EN 54-11.<\/p>","protected":false},"featured_media":140460,"template":"","meta":{"_acf_changed":false},"product_brand":[],"product_cat":[4748],"product_tag":[],"class_list":{"0":"post-87759","1":"product","2":"type-product","3":"status-publish","4":"has-post-thumbnail","6":"product_cat-discovery-serien","7":"product_shipping_class-postnord-varubrev","8":"pa_brands-apollo-fire-detectors","9":"tm-no-options","11":"first","12":"instock","13":"sale","14":"featured","15":"taxable","16":"shipping-taxable","17":"purchasable","18":"product-type-simple"},"acf":[],"_links":{"self":[{"href":"https:\/\/secureus.se\/pl\/wp-json\/wp\/v2\/product\/87759","targetHints":{"allow":["GET"]}}],"collection":[{"href":"https:\/\/secureus.se\/pl\/wp-json\/wp\/v2\/product"}],"about":[{"href":"https:\/\/secureus.se\/pl\/wp-json\/wp\/v2\/types\/product"}],"wp:featuredmedia":[{"embeddable":true,"href":"https:\/\/secureus.se\/pl\/wp-json\/wp\/v2\/media\/140460"}],"wp:attachment":[{"href":"https:\/\/secureus.se\/pl\/wp-json\/wp\/v2\/media?parent=87759"}],"wp:term":[{"taxonomy":"product_brand","embeddable":true,"href":"https:\/\/secureus.se\/pl\/wp-json\/wp\/v2\/product_brand?post=87759"},{"taxonomy":"product_cat","embeddable":true,"href":"https:\/\/secureus.se\/pl\/wp-json\/wp\/v2\/product_cat?post=87759"},{"taxonomy":"product_tag","embeddable":true,"href":"https:\/\/secureus.se\/pl\/wp-json\/wp\/v2\/product_tag?post=87759"}],"curies":[{"name":"wp","href":"https:\/\/api.w.org\/{rel}","templated":true}]}}