{"id":87767,"date":"2023-09-14T14:45:32","date_gmt":"2023-09-14T12:45:32","guid":{"rendered":"https:\/\/secureus.se\/produkt\/siren-blixt-multiton-rod-en54-utom-inomhus-2\/"},"modified":"2026-03-12T13:13:03","modified_gmt":"2026-03-12T12:13:03","slug":"siren-blixt-multiton-rod-en54-utom-inomhus-bs-ah03127-s_low","status":"publish","type":"product","link":"https:\/\/secureus.se\/pl\/siren-blixt-multiton-rod-en54-utom-inomhus-bs-ah03127-s_low\/","title":{"rendered":"Syrena\/lampa b\u0142yskowa wielotonowa czerwona EN54, zewn\u0119trzna\/wewn\u0119trzna BS-AH03127-S_LOW"},"content":{"rendered":"<h3 class=\"\" data-start=\"196\" data-end=\"289\"><strong data-start=\"200\" data-end=\"289\">Syrena z lamp\u0105 b\u0142yskow\u0105 \u2013 czerwona (BS-AH03127-S_LOW) \u2013 certyfikowana do u\u017cytku wewn\u0105trz i na zewn\u0105trz pomieszcze\u0144 zgodnie z norm\u0105 EN54<\/strong><\/h3>\n<p class=\"\" data-start=\"291\" data-end=\"589\">Pot\u0119\u017cne po\u0142\u0105czenie alarm\u00f3w d\u017awi\u0119kowych i \u015bwietlnych \u2013 idealne dla obiekt\u00f3w przemys\u0142owych, magazyn\u00f3w, parking\u00f3w i innych miejsc, w kt\u00f3rych wymagane s\u0105 wyra\u017ane ostrze\u017cenia.<br data-start=\"436\" data-end=\"439\" \/>Syrena\/Lampa B\u0142yskowa BS-AH03127-S_LOW to zaawansowana jednostka alarmowa o poziomie ha\u0142asu do 114 dB i silnym sygnalizatorze wizualnym w postaci lampy b\u0142yskowej, certyfikowana zgodnie z norm\u0105 EN54.<\/p>\n<hr class=\"\" data-start=\"591\" data-end=\"594\" \/>\n<h4 class=\"\" data-start=\"596\" data-end=\"616\"><strong data-start=\"601\" data-end=\"616\">W\u0142a\u015bciwo\u015bci:<\/strong><\/h4>\n<ul data-start=\"617\" data-end=\"1222\">\n<li class=\"\" data-start=\"617\" data-end=\"690\">\n<p class=\"\" data-start=\"619\" data-end=\"690\">\ud83d\udd0a <strong data-start=\"622\" data-end=\"656\">Wysoka g\u0142o\u015bno\u015b\u0107 do 114 dB<\/strong> \u2013 mo\u017cna us\u0142ysze\u0107 nawet w ha\u0142a\u015bliwym otoczeniu.<\/p>\n<\/li>\n<li class=\"\" data-start=\"691\" data-end=\"769\">\n<p class=\"\" data-start=\"693\" data-end=\"769\">\ud83d\udca1 <strong data-start=\"696\" data-end=\"737\">Zintegrowana lampa b\u0142yskowa z obiektywem o wysokiej wydajno\u015bci<\/strong> \u2013 dla wyra\u017anego ostrze\u017cenia wizualnego.<\/p>\n<\/li>\n<li class=\"\" data-start=\"770\" data-end=\"856\">\n<p class=\"\" data-start=\"772\" data-end=\"856\">\ud83d\udd27 <strong data-start=\"775\" data-end=\"797\">\u0141atwa instalacja<\/strong> \u2013 podw\u00f3jne zaciski przy\u0142\u0105czeniowe umo\u017cliwiaj\u0105ce \u0142atwe \u0142\u0105czenie szeregowe.<\/p>\n<\/li>\n<li class=\"\" data-start=\"857\" data-end=\"915\">\n<p class=\"\" data-start=\"859\" data-end=\"915\">\ud83c\udf9b\ufe0f <strong data-start=\"863\" data-end=\"880\">Regulacja g\u0142o\u015bno\u015bci<\/strong> \u2013 dostosuj poziom d\u017awi\u0119ku wed\u0142ug potrzeb.<\/p>\n<\/li>\n<li class=\"\" data-start=\"916\" data-end=\"1001\">\n<p class=\"\" data-start=\"918\" data-end=\"1001\">\ud83d\udd04 <strong data-start=\"921\" data-end=\"939\">32 sygna\u0142y d\u017awi\u0119kowe<\/strong> \u2013 \u0142atwy wyb\u00f3r za pomoc\u0105 prze\u0142\u0105cznika DIP w celu dopasowania do r\u00f3\u017cnych scenariuszy.<\/p>\n<\/li>\n<li class=\"\" data-start=\"1002\" data-end=\"1060\">\n<p class=\"\" data-start=\"1004\" data-end=\"1060\">\u26a1 <strong data-start=\"1006\" data-end=\"1030\">Niskie zu\u017cycie energii<\/strong> \u2013 tylko 14,5 mA podczas pracy.<\/p>\n<\/li>\n<li class=\"\" data-start=\"1061\" data-end=\"1132\">\n<p class=\"\" data-start=\"1063\" data-end=\"1132\">\ud83d\udee1\ufe0f <strong data-start=\"1067\" data-end=\"1087\">Klasa ochrony IP44<\/strong> \u2013 sprawdza si\u0119 zar\u00f3wno w warunkach wewn\u0119trznych, jak i zewn\u0119trznych.<\/p>\n<\/li>\n<li class=\"\" data-start=\"1133\" data-end=\"1222\">\n<p class=\"\" data-start=\"1135\" data-end=\"1222\">\u2705 <strong data-start=\"1137\" data-end=\"1157\">Certyfikat EN54<\/strong> \u2013 zatwierdzone zgodnie z europejskimi normami dotycz\u0105cymi sprz\u0119tu alarmowego przeciwpo\u017carowego.<\/p>\n<\/li>\n<\/ul>\n<hr class=\"\" data-start=\"1224\" data-end=\"1227\" \/>\n<h4 class=\"\" data-start=\"1229\" data-end=\"1258\"><strong data-start=\"1234\" data-end=\"1258\">Informacje techniczne:<\/strong><\/h4>\n<div class=\"_tableContainer_16hzy_1\">\n<div class=\"_tableWrapper_16hzy_14 group flex w-fit flex-col-reverse\">\n<table class=\"w-fit min-w-(--thread-content-width)\" data-start=\"1260\" data-end=\"1744\">\n<thead data-start=\"1260\" data-end=\"1285\">\n<tr data-start=\"1260\" data-end=\"1285\">\n<th data-start=\"1260\" data-end=\"1276\" data-col-size=\"sm\">Specyfikacja<\/th>\n<th data-start=\"1276\" data-end=\"1285\" data-col-size=\"sm\">Warto\u015b\u0107<\/th>\n<\/tr>\n<\/thead>\n<tbody data-start=\"1312\" data-end=\"1744\">\n<tr data-start=\"1312\" data-end=\"1345\">\n<td data-start=\"1312\" data-end=\"1325\" data-col-size=\"sm\"><strong data-start=\"1314\" data-end=\"1324\">Model<\/strong><\/td>\n<td data-start=\"1325\" data-end=\"1345\" data-col-size=\"sm\">BS-AH03127-S_LOW<\/td>\n<\/tr>\n<tr data-start=\"1346\" data-end=\"1380\">\n<td data-start=\"1346\" data-end=\"1356\" data-col-size=\"sm\"><strong data-start=\"1348\" data-end=\"1355\">Typ<\/strong><\/td>\n<td data-start=\"1356\" data-end=\"1380\" data-col-size=\"sm\">Syrena po\u017carowa z lamp\u0105 b\u0142yskow\u0105<\/td>\n<\/tr>\n<tr data-start=\"1381\" data-end=\"1406\">\n<td data-start=\"1381\" data-end=\"1396\" data-col-size=\"sm\"><strong data-start=\"1383\" data-end=\"1395\">Wolta\u017c<\/strong><\/td>\n<td data-start=\"1396\" data-end=\"1406\" data-col-size=\"sm\">24V pr\u0105du sta\u0142ego<\/td>\n<\/tr>\n<tr data-start=\"1407\" data-end=\"1449\">\n<td data-start=\"1407\" data-end=\"1438\" data-col-size=\"sm\"><strong data-start=\"1409\" data-end=\"1437\">Pob\u00f3r mocy (alarm)<\/strong><\/td>\n<td data-col-size=\"sm\" data-start=\"1438\" data-end=\"1449\">14,5 mA<\/td>\n<\/tr>\n<tr data-start=\"1450\" data-end=\"1496\">\n<td data-start=\"1450\" data-end=\"1465\" data-col-size=\"sm\"><strong data-start=\"1452\" data-end=\"1464\">Poziom d\u017awi\u0119ku<\/strong><\/td>\n<td data-col-size=\"sm\" data-start=\"1465\" data-end=\"1496\">Do 114 dB w odleg\u0142o\u015bci 1 metra<\/td>\n<\/tr>\n<tr data-start=\"1497\" data-end=\"1529\">\n<td data-start=\"1497\" data-end=\"1515\" data-col-size=\"sm\"><strong data-start=\"1499\" data-end=\"1514\">Sygna\u0142y d\u017awi\u0119kowe<\/strong><\/td>\n<td data-col-size=\"sm\" data-start=\"1515\" data-end=\"1529\">32 do wyboru<\/td>\n<\/tr>\n<tr data-start=\"1530\" data-end=\"1548\">\n<td data-start=\"1530\" data-end=\"1541\" data-col-size=\"sm\"><strong data-start=\"1532\" data-end=\"1540\">Farba<\/strong><\/td>\n<td data-col-size=\"sm\" data-start=\"1541\" data-end=\"1548\">Czerwony<\/td>\n<\/tr>\n<tr data-start=\"1549\" data-end=\"1580\">\n<td data-start=\"1549\" data-end=\"1565\" data-col-size=\"sm\"><strong data-start=\"1551\" data-end=\"1564\">Montowanie<\/strong><\/td>\n<td data-start=\"1565\" data-end=\"1580\" data-col-size=\"sm\">Monta\u017c powierzchniowy<\/td>\n<\/tr>\n<tr data-start=\"1581\" data-end=\"1607\">\n<td data-start=\"1581\" data-end=\"1599\" data-col-size=\"sm\"><strong data-start=\"1583\" data-end=\"1598\">Klasa ochrony<\/strong><\/td>\n<td data-col-size=\"sm\" data-start=\"1599\" data-end=\"1607\">IP44<\/td>\n<\/tr>\n<tr data-start=\"1608\" data-end=\"1651\">\n<td data-start=\"1608\" data-end=\"1631\" data-col-size=\"sm\"><strong data-start=\"1610\" data-end=\"1630\">Wymiary (\u00d8 x wys. x g\u0142.)<\/strong><\/td>\n<td data-col-size=\"sm\" data-start=\"1631\" data-end=\"1651\">Wymiary: 93x110x90mm<\/td>\n<\/tr>\n<tr data-start=\"1652\" data-end=\"1672\">\n<td data-start=\"1652\" data-end=\"1663\" data-col-size=\"sm\"><strong data-start=\"1654\" data-end=\"1662\">Waga<\/strong><\/td>\n<td data-start=\"1663\" data-end=\"1672\" data-col-size=\"sm\">278 gr<\/td>\n<\/tr>\n<tr data-start=\"1673\" data-end=\"1716\">\n<td data-start=\"1673\" data-end=\"1696\" data-col-size=\"sm\"><strong data-start=\"1675\" data-end=\"1695\">Temperatura pracy<\/strong><\/td>\n<td data-col-size=\"sm\" data-start=\"1696\" data-end=\"1716\">-25\u00b0C do +80\u00b0C<\/td>\n<\/tr>\n<tr data-start=\"1717\" data-end=\"1744\">\n<td data-start=\"1717\" data-end=\"1736\" data-col-size=\"sm\"><strong data-start=\"1719\" data-end=\"1735\">Orzecznictwo<\/strong><\/td>\n<td data-col-size=\"sm\" data-start=\"1736\" data-end=\"1744\">EN54<\/td>\n<\/tr>\n<\/tbody>\n<\/table>\n<div class=\"sticky end-(--thread-content-margin) h-0 self-end select-none\">\n<div class=\"absolute end-0 flex items-end\"><\/div>\n<\/div>\n<\/div>\n<\/div>\n<hr class=\"\" data-start=\"1746\" data-end=\"1749\" \/>\n<h4 class=\"\" data-start=\"1751\" data-end=\"1794\"><strong data-start=\"1756\" data-end=\"1794\">Zalecane zastosowanie:<\/strong><\/h4>\n<ul data-start=\"1795\" data-end=\"1976\">\n<li class=\"\" data-start=\"1795\" data-end=\"1837\">\n<p class=\"\" data-start=\"1797\" data-end=\"1837\">Fabryki i zak\u0142ady przemys\u0142owe<\/p>\n<\/li>\n<li class=\"\" data-start=\"1838\" data-end=\"1866\">\n<p class=\"\" data-start=\"1840\" data-end=\"1866\">Magazyny i centra logistyczne<\/p>\n<\/li>\n<li class=\"\" data-start=\"1867\" data-end=\"1918\">\n<p class=\"\" data-start=\"1869\" data-end=\"1918\">Gara\u017ce parkingowe i wi\u0119ksze budynki komercyjne<\/p>\n<\/li>\n<li class=\"\" data-start=\"1919\" data-end=\"1976\">\n<p class=\"\" data-start=\"1921\" data-end=\"1976\">Miejsca publiczne, w kt\u00f3rych wymagane s\u0105 alarmy d\u017awi\u0119kowe i \u015bwietlne<\/p>\n<\/li>\n<\/ul>\n<hr class=\"\" data-start=\"1978\" data-end=\"1981\" \/>\n<h4 class=\"\" data-start=\"1983\" data-end=\"2017\"><strong data-start=\"1988\" data-end=\"2017\">Instalacja i konserwacja:<\/strong><\/h4>\n<p class=\"\" data-start=\"2018\" data-end=\"2310\">Zamontuj w miejscu, w kt\u00f3rym d\u017awi\u0119k i \u015bwiat\u0142o b\u0119d\u0105 mog\u0142y rozprzestrzenia\u0107 si\u0119 swobodnie, bez przeszk\u00f3d. Zapewnij stabilne \u017ar\u00f3d\u0142o zasilania i pod\u0142\u0105cz prawid\u0142owo, zgodnie z instrukcj\u0105.<br data-start=\"2164\" data-end=\"2167\" \/>Aby zapewni\u0107 optymaln\u0105 prac\u0119 urz\u0105dzenia, nale\u017cy regularnie sprawdza\u0107, czy nic nie blokuje emisji d\u017awi\u0119ku lub \u015bwiat\u0142a. W razie potrzeby nale\u017cy wyczy\u015bci\u0107 urz\u0105dzenie such\u0105, mi\u0119kk\u0105 \u015bciereczk\u0105.<\/p>","protected":false},"excerpt":{"rendered":"<p>Mocna syrena z lamp\u0105 b\u0142yskow\u0105 (114 dB) do u\u017cytku wewn\u0105trz i na zewn\u0105trz \u2013 32 tony sygna\u0142owe, niskie zu\u017cycie energii i certyfikat EN54. Idealny dla przemys\u0142u, magazyn\u00f3w i miejsc u\u017cyteczno\u015bci publicznej.<\/p>","protected":false},"featured_media":140358,"template":"","meta":{"_acf_changed":false},"product_brand":[],"product_cat":[1825,5097],"product_tag":[2959,3042],"class_list":{"0":"post-87767","1":"product","2":"type-product","3":"status-publish","4":"has-post-thumbnail","6":"product_cat-sirener-brand","7":"product_cat-kombisiren-blixt-brand","8":"product_tag-certifierad-en54","9":"product_tag-kombi-siren-blixt","10":"pa_farg-rod","11":"tm-no-options","13":"first","14":"onbackorder","15":"sale","16":"featured","17":"taxable","18":"shipping-taxable","19":"purchasable","20":"product-type-simple"},"acf":[],"_links":{"self":[{"href":"https:\/\/secureus.se\/pl\/wp-json\/wp\/v2\/product\/87767","targetHints":{"allow":["GET"]}}],"collection":[{"href":"https:\/\/secureus.se\/pl\/wp-json\/wp\/v2\/product"}],"about":[{"href":"https:\/\/secureus.se\/pl\/wp-json\/wp\/v2\/types\/product"}],"wp:featuredmedia":[{"embeddable":true,"href":"https:\/\/secureus.se\/pl\/wp-json\/wp\/v2\/media\/140358"}],"wp:attachment":[{"href":"https:\/\/secureus.se\/pl\/wp-json\/wp\/v2\/media?parent=87767"}],"wp:term":[{"taxonomy":"product_brand","embeddable":true,"href":"https:\/\/secureus.se\/pl\/wp-json\/wp\/v2\/product_brand?post=87767"},{"taxonomy":"product_cat","embeddable":true,"href":"https:\/\/secureus.se\/pl\/wp-json\/wp\/v2\/product_cat?post=87767"},{"taxonomy":"product_tag","embeddable":true,"href":"https:\/\/secureus.se\/pl\/wp-json\/wp\/v2\/product_tag?post=87767"}],"curies":[{"name":"wp","href":"https:\/\/api.w.org\/{rel}","templated":true}]}}