{"id":87773,"date":"2023-03-28T14:23:31","date_gmt":"2023-03-28T12:23:31","guid":{"rendered":"https:\/\/secureus.se\/produkt\/apollo-xp95-serien-isolerande-manuell-callpoint-larmknapp\/"},"modified":"2026-04-23T13:30:19","modified_gmt":"2026-04-23T11:30:19","slug":"apollo-55100-908sca-xp95-series-isolerande-manuell-anropspunkt","status":"publish","type":"product","link":"https:\/\/secureus.se\/pl\/apollo-55100-908sca-xp95-series-isolerande-manuell-anropspunkt\/","title":{"rendered":"Apollo 55100-908SCA seria XP95, izolacyjny r\u0119czny ostrzegacz po\u017carowy, certyfikat EN 54-11, kolor czerwony"},"content":{"rendered":"<h1>Apollo 55100-908SCA seria XP95, izolacyjny r\u0119czny ostrzegacz po\u017carowy, certyfikat EN 54-11, kolor czerwony<\/h1>\n<p class=\"\" data-start=\"458\" data-end=\"816\">R\u0119czny ostrzegacz po\u017carowy Apollo 55100-908SCA serii XP95 zosta\u0142 zaprojektowany z my\u015bl\u0105 o szybkiej i skutecznej aktywacji alarmu przeciwpo\u017carowego.<\/p>\n<p class=\"\" data-start=\"458\" data-end=\"816\">Urz\u0105dzenie wyposa\u017cone jest w element resetowalny, kt\u00f3ry umo\u017cliwia zresetowanie urz\u0105dzenia po u\u017cyciu.<\/p>\n<p class=\"\" data-start=\"458\" data-end=\"816\">Posiada tak\u017ce dwukolorow\u0105 diod\u0119 LED, kt\u00f3ra \u015bwieci na czerwono, gdy alarm jest aktywny, i na \u017c\u00f3\u0142to, gdy wyst\u0105pi zwarcie.<\/p>\n<p class=\"\" data-start=\"818\" data-end=\"1120\">Po\u0142\u0105czenia \u201ePlug and Play\u201d u\u0142atwiaj\u0105 instalacj\u0119 i skracaj\u0105 jej czas.<\/p>\n<p class=\"\" data-start=\"818\" data-end=\"1120\">Po\u0142\u0105czenie ci\u0105g\u0142e umo\u017cliwia przetestowanie okablowania przed instalacj\u0105, co pozwala upewni\u0107 si\u0119, \u017ce system dzia\u0142a prawid\u0142owo przed oddaniem go do u\u017cytku.<\/p>\n<p class=\"\" data-start=\"818\" data-end=\"1120\">Mo\u017cliwy jest r\u00f3wnie\u017c monta\u017c cz\u0119\u015bciowo wpuszczany lub natynkowy.<\/p>\n<p data-start=\"818\" data-end=\"1120\">Ten przycisk alarmowy jest kompatybilny z systemami XP95, Discovery i CoreProtocol oraz obj\u0119ty jest 10-letni\u0105 gwarancj\u0105.<\/p>\n<p data-start=\"818\" data-end=\"1120\">Urz\u0105dzenie ma klas\u0119 ochrony IP45 i mo\u017ce pracowa\u0107 w zakresie temperatur od -20\u00b0C do +60\u00b0C, co czyni je niezawodnym rozwi\u0105zaniem do u\u017cytku wewn\u0105trz pomieszcze\u0144.<\/p>","protected":false},"excerpt":{"rendered":"<p>R\u0119czny przycisk alarmowy Apollo 55100-908SCA serii XP95 s\u0142u\u017cy do r\u0119cznego inicjowania alarmu w systemie wykrywania po\u017caru.<\/p>\n<p>Posiada funkcj\u0119 resetowania, z\u0142\u0105cza zaciskowe \u201ePlug and Play\u201d umo\u017cliwiaj\u0105ce szybk\u0105 instalacj\u0119 i posiada certyfikat EN 54-11.<\/p>","protected":false},"featured_media":140673,"template":"","meta":{"_acf_changed":false},"product_brand":[],"product_cat":[4748,4751],"product_tag":[3045,3046],"class_list":{"0":"post-87773","1":"product","2":"type-product","3":"status-publish","4":"has-post-thumbnail","6":"product_cat-discovery-serien","7":"product_cat-xp95-serien","8":"product_tag-apollo-discovery","9":"product_tag-apollo-xp95","10":"product_shipping_class-postnord-varubrev","11":"pa_brands-apollo-fire-detectors","12":"tm-no-options","14":"first","15":"instock","16":"sale","17":"featured","18":"taxable","19":"shipping-taxable","20":"purchasable","21":"product-type-simple"},"acf":[],"_links":{"self":[{"href":"https:\/\/secureus.se\/pl\/wp-json\/wp\/v2\/product\/87773","targetHints":{"allow":["GET"]}}],"collection":[{"href":"https:\/\/secureus.se\/pl\/wp-json\/wp\/v2\/product"}],"about":[{"href":"https:\/\/secureus.se\/pl\/wp-json\/wp\/v2\/types\/product"}],"wp:featuredmedia":[{"embeddable":true,"href":"https:\/\/secureus.se\/pl\/wp-json\/wp\/v2\/media\/140673"}],"wp:attachment":[{"href":"https:\/\/secureus.se\/pl\/wp-json\/wp\/v2\/media?parent=87773"}],"wp:term":[{"taxonomy":"product_brand","embeddable":true,"href":"https:\/\/secureus.se\/pl\/wp-json\/wp\/v2\/product_brand?post=87773"},{"taxonomy":"product_cat","embeddable":true,"href":"https:\/\/secureus.se\/pl\/wp-json\/wp\/v2\/product_cat?post=87773"},{"taxonomy":"product_tag","embeddable":true,"href":"https:\/\/secureus.se\/pl\/wp-json\/wp\/v2\/product_tag?post=87773"}],"curies":[{"name":"wp","href":"https:\/\/api.w.org\/{rel}","templated":true}]}}