{"id":87795,"date":"2023-09-14T15:29:23","date_gmt":"2023-09-14T13:29:23","guid":{"rendered":"https:\/\/secureus.se\/produkt\/siren-blixt-multiton-rod-en54\/"},"modified":"2026-03-12T13:10:47","modified_gmt":"2026-03-12T12:10:47","slug":"siren-blixt-multiton-rod-en54","status":"publish","type":"product","link":"https:\/\/secureus.se\/pl\/siren-blixt-multiton-rod-en54\/","title":{"rendered":"Syrena\/lampa b\u0142yskowa wielotonowa czerwona EN54 BS-CWSS-RB-S7"},"content":{"rendered":"<div class=\"d-flex mb-2\">\n<h1>Sir\u00e9n\/Blixt Multiton R\u00f6d EN54 BS-CWSS-RB-S7<\/h1>\n<p data-start=\"181\" data-end=\"322\"><span class=\"relative -mx-px my-[-0.2rem] rounded px-px py-[0.2rem]\">KAC:s konventionella BS-CWSS-RB-S7 ljud- och ljussignal \u00e4r en h\u00f6gkvalitativ enhet designad f\u00f6r att varna byggnadsinnehavare vid n\u00f6dsituationer.<\/span><\/p>\n<p data-start=\"181\" data-end=\"322\"><span class=\"relative -mx-px my-[-0.2rem] rounded px-px py-[0.2rem]\">Genom att kombinera ljud och ljus i en enda enhet, s\u00e4kerst\u00e4lls effektiv och p\u00e5litlig varning.<\/span>\u200b<\/p>\n<p data-start=\"324\" data-end=\"344\"><strong data-start=\"324\" data-end=\"344\">Huvudfunktioner:<\/strong><\/p>\n<ul data-start=\"346\" data-end=\"1226\">\n<li data-start=\"346\" data-end=\"483\">\n<p data-start=\"348\" data-end=\"483\"><strong data-start=\"348\" data-end=\"363\">Ljudsignal:<\/strong> <span class=\"relative -mx-px my-[-0.2rem] rounded px-px py-[0.2rem]\">Enheten erbjuder 32 olika toner, inklusive en klockton, vilket ger flexibilitet att anpassa signalen efter specifika behov.<\/span> <span class=\"relative -mx-px my-[-0.2rem] rounded px-px py-[0.2rem]\">Ljudniv\u00e5n kan justeras mellan medel och h\u00f6g, med ett maximalt ljud p\u00e5 107 dB(A) vid 1 meters avst\u00e5nd.<\/span>\u200b<\/p>\n<\/li>\n<li data-start=\"485\" data-end=\"631\">\n<p data-start=\"487\" data-end=\"631\"><strong data-start=\"487\" data-end=\"505\">Ljusindikator:<\/strong> <span class=\"relative -mx-px my-[-0.2rem] rounded px-px py-[0.2rem]\">Utrustad med en r\u00f6d LED-blixt som ger utm\u00e4rkt ljus\u00f6verf\u00f6ring.<\/span> <span class=\"relative -mx-px my-[-0.2rem] rounded px-px py-[0.2rem]\">Den avancerade optiken s\u00e4kerst\u00e4ller ett \u00f6verl\u00e4gset ljus\u00f6verdrag, vilket g\u00f6r det enkelt att identifiera enheten \u00e4ven i ljusa milj\u00f6er.<\/span>\u200b<\/p>\n<\/li>\n<li data-start=\"633\" data-end=\"740\">\n<p data-start=\"635\" data-end=\"740\"><strong data-start=\"635\" data-end=\"654\">Synkronisering:<\/strong> <span class=\"relative -mx-px my-[-0.2rem] rounded px-px py-[0.2rem]\">Enheten \u00e4r designad f\u00f6r att automatiskt synkronisera ljud och ljus vid uppstart, vilket s\u00e4kerst\u00e4ller enhetlig och effektiv varning.<\/span>\u200b<\/p>\n<\/li>\n<li data-start=\"742\" data-end=\"897\">\n<p data-start=\"744\" data-end=\"897\"><strong data-start=\"744\" data-end=\"771\">Installationsv\u00e4nlighet:<\/strong> <span class=\"relative -mx-px my-[-0.2rem] rounded px-px py-[0.2rem]\">Den l\u00e5ga basen med IP21C-klassificering g\u00f6r installationen enkel och flexibel.<\/span> <span class=\"relative -mx-px my-[-0.2rem] rounded px-px py-[0.2rem]\">Med flera kabeling\u00e5ngar och positiva passformsfunktioner mellan bas och enhet underl\u00e4ttas installationen ytterligare.<\/span>\u200b<\/p>\n<\/li>\n<li data-start=\"899\" data-end=\"1004\">\n<p data-start=\"901\" data-end=\"1004\"><strong data-start=\"901\" data-end=\"918\">Byggkvalitet:<\/strong> <span class=\"relative -mx-px my-[-0.2rem] rounded px-px py-[0.2rem]\">Tillverkad av flamskyddad polykarbonat\/ABS i r\u00f6d f\u00e4rg, vilket ger h\u00e5llbarhet och l\u00e5ng livsl\u00e4ngd.<\/span>\u200b<\/p>\n<\/li>\n<li data-start=\"1006\" data-end=\"1117\">\n<p data-start=\"1008\" data-end=\"1117\"><strong data-start=\"1008\" data-end=\"1031\">Temperaturt\u00e5lighet:<\/strong> <span class=\"relative -mx-px my-[-0.2rem] rounded px-px py-[0.2rem]\">Enheten fungerar optimalt i temperaturer mellan -25\u00b0C och +70\u00b0C, vilket g\u00f6r den l\u00e4mplig f\u00f6r olika milj\u00f6er.<\/span>\u200b<\/p>\n<\/li>\n<li data-start=\"1119\" data-end=\"1226\">\n<p data-start=\"1121\" data-end=\"1226\"><strong data-start=\"1121\" data-end=\"1140\">Certifieringar:<\/strong> <span class=\"relative -mx-px my-[-0.2rem] rounded px-px py-[0.2rem]\">Godk\u00e4nd enligt EN54-3-standarden f\u00f6r ljudsignaler, vilket garanterar h\u00f6g kvalitet och p\u00e5litlighet.<\/span>\u200b<\/p>\n<\/li>\n<\/ul>\n<p data-start=\"1228\" data-end=\"1248\"><strong data-start=\"1228\" data-end=\"1248\">Specifikationer:<\/strong><\/p>\n<ul data-start=\"1250\" data-end=\"2747\">\n<li data-start=\"1250\" data-end=\"1355\">\n<p data-start=\"1252\" data-end=\"1355\"><strong data-start=\"1252\" data-end=\"1269\">Modellnummer:<\/strong> <span class=\"relative -mx-px my-[-0.2rem] rounded px-px py-[0.2rem]\">CWSS-RB-S7<\/span>\u200b<\/p>\n<\/li>\n<li data-start=\"1357\" data-end=\"1459\">\n<p data-start=\"1359\" data-end=\"1459\"><strong data-start=\"1359\" data-end=\"1373\">Siren Typ:<\/strong> <span class=\"relative -mx-px my-[-0.2rem] rounded px-px py-[0.2rem]\">Brandsiren<\/span>\u200b<\/p>\n<\/li>\n<li data-start=\"1461\" data-end=\"1571\">\n<p data-start=\"1463\" data-end=\"1571\"><strong data-start=\"1463\" data-end=\"1485\">Anv\u00e4ndningsomr\u00e5de:<\/strong> <span class=\"relative -mx-px my-[-0.2rem] rounded px-px py-[0.2rem]\">Inomhus<\/span>\u200b<\/p>\n<\/li>\n<li data-start=\"1573\" data-end=\"1681\">\n<p data-start=\"1575\" data-end=\"1681\"><strong data-start=\"1575\" data-end=\"1595\">Monteringsmetod:<\/strong> <span class=\"relative -mx-px my-[-0.2rem] rounded px-px py-[0.2rem]\">Ytmontering<\/span>\u200b<\/p>\n<\/li>\n<li data-start=\"1683\" data-end=\"1789\">\n<p data-start=\"1685\" data-end=\"1789\"><strong data-start=\"1685\" data-end=\"1703\">Blinkfunktion:<\/strong> <span class=\"relative -mx-px my-[-0.2rem] rounded px-px py-[0.2rem]\">Med blink<\/span>\u200b<\/p>\n<\/li>\n<li data-start=\"1791\" data-end=\"1888\">\n<p data-start=\"1793\" data-end=\"1888\"><strong data-start=\"1793\" data-end=\"1802\">F\u00e4rg:<\/strong> <span class=\"relative -mx-px my-[-0.2rem] rounded px-px py-[0.2rem]\">R\u00f6d<\/span>\u200b<\/p>\n<\/li>\n<li data-start=\"1890\" data-end=\"2003\">\n<p data-start=\"1892\" data-end=\"2003\"><strong data-start=\"1892\" data-end=\"1917\">F\u00f6rs\u00f6rjningssp\u00e4nning:<\/strong> <span class=\"relative -mx-px my-[-0.2rem] rounded px-px py-[0.2rem]\">9 &#8211; 29V DC<\/span>\u200b<\/p>\n<\/li>\n<li data-start=\"2005\" data-end=\"2122\">\n<p data-start=\"2007\" data-end=\"2122\"><strong data-start=\"2007\" data-end=\"2036\">Str\u00f6mf\u00f6rbrukning (alarm):<\/strong> <span class=\"relative -mx-px my-[-0.2rem] rounded px-px py-[0.2rem]\">22mA vid 29V DC (Ton 7)<\/span>\u200b<\/p>\n<\/li>\n<li data-start=\"2124\" data-end=\"2225\">\n<p data-start=\"2126\" data-end=\"2225\"><strong data-start=\"2126\" data-end=\"2139\">Ljudniv\u00e5:<\/strong> <span class=\"relative -mx-px my-[-0.2rem] rounded px-px py-[0.2rem]\">107 dB<\/span>\u200b<\/p>\n<\/li>\n<li data-start=\"2227\" data-end=\"2327\" data-is-only-node=\"\">\n<p data-start=\"2229\" data-end=\"2327\"><strong data-start=\"2229\" data-end=\"2241\">Storlek:<\/strong> <span class=\"relative -mx-px my-[-0.2rem] rounded px-px py-[0.2rem]\">100 x 98 x 122 mm<\/span>\u200b<\/p>\n<\/li>\n<li data-start=\"2329\" data-end=\"2426\">\n<p data-start=\"2331\" data-end=\"2426\"><strong data-start=\"2331\" data-end=\"2340\">Vikt:<\/strong> <span class=\"relative -mx-px my-[-0.2rem] rounded px-px py-[0.2rem]\">236 g<\/span>\u200b<\/p>\n<\/li>\n<li data-start=\"2428\" data-end=\"2537\">\n<p data-start=\"2430\" data-end=\"2537\"><strong data-start=\"2430\" data-end=\"2451\">Arbetstemperatur:<\/strong> <span class=\"relative -mx-px my-[-0.2rem] rounded px-px py-[0.2rem]\">-25\u00b0C till 70\u00b0C<\/span><strong data-start=\"2541\" data-end=\"2556\">Certifikat:<\/strong> <span class=\"relative -mx-px my-[-0.2rem] rounded px-px py-[0.2rem]\">EN54<\/span>\u200b<\/p>\n<\/li>\n<li data-start=\"2644\" data-end=\"2747\">\n<p data-start=\"2646\" data-end=\"2747\"><strong data-start=\"2646\" data-end=\"2661\">Inkluderar:<\/strong> <span class=\"relative -mx-px my-[-0.2rem] rounded px-px py-[0.2rem]\">Bas<\/span>\u200b<\/p>\n<\/li>\n<\/ul>\n<p data-start=\"2749\" data-end=\"2874\"><span class=\"relative -mx-px my-[-0.2rem] rounded px-px py-[0.2rem]\">CWSS-RB-S7 \u00e4r den ideala l\u00f6sningen f\u00f6r applikationer d\u00e4r b\u00e5de ljud- och ljusalarm beh\u00f6vs.<\/span><\/p>\n<p data-start=\"2749\" data-end=\"2874\"><span class=\"relative -mx-px my-[-0.2rem] rounded px-px py-[0.2rem]\">Med sin p\u00e5litlighet, flexibilitet och enkla installation uppfyller den kraven fr\u00e5n b\u00e5de installat\u00f6rer och slutanv\u00e4ndare.<\/span><\/p>\n<p>&nbsp;<\/p>\n<\/div>\n<div class=\"d-flex nb-3\"><\/div>\n","protected":false},"excerpt":{"rendered":"<p><span class=\"relative -mx-px my-[-0.2rem] rounded px-px py-[0.2rem]\">KAC:s konventionella ljud- och ljussignal, modell BS-CWSS-RB-S7, \u00e4r utformad f\u00f6r att ge b\u00e5de ljud- och ljusalarm i n\u00f6dsituationer.<\/span><\/p>\n<p><span class=\"relative -mx-px my-[-0.2rem] rounded px-px py-[0.2rem]\">Med en r\u00f6d kropp och r\u00f6d lins erbjuder den ett ljud p\u00e5 upp till 107 dB och en synkroniserad blixt som \u00f6vertr\u00e4ffar EN54-23-standarden.<\/span><\/p>\n<p><span class=\"relative -mx-px my-[-0.2rem] rounded px-px py-[0.2rem]\">Denna enhet \u00e4r idealisk f\u00f6r inomhusbruk och har en l\u00e5gprofilsbas med IP21C-klassificering.<\/span><\/p>\n","protected":false},"featured_media":140340,"template":"","meta":{"_acf_changed":false},"product_brand":[],"product_cat":[1825,5097],"product_tag":[2959,3042,2268],"class_list":{"0":"post-87795","1":"product","2":"type-product","3":"status-publish","4":"has-post-thumbnail","6":"product_cat-sirener-brand","7":"product_cat-kombisiren-blixt-brand","8":"product_tag-certifierad-en54","9":"product_tag-kombi-siren-blixt","10":"product_tag-larmdon-siren-inomhus","11":"product_shipping_class-postnord-varubrev","12":"tm-no-options","14":"first","15":"onbackorder","16":"sale","17":"featured","18":"taxable","19":"shipping-taxable","20":"purchasable","21":"product-type-simple"},"acf":[],"_links":{"self":[{"href":"https:\/\/secureus.se\/pl\/wp-json\/wp\/v2\/product\/87795","targetHints":{"allow":["GET"]}}],"collection":[{"href":"https:\/\/secureus.se\/pl\/wp-json\/wp\/v2\/product"}],"about":[{"href":"https:\/\/secureus.se\/pl\/wp-json\/wp\/v2\/types\/product"}],"wp:featuredmedia":[{"embeddable":true,"href":"https:\/\/secureus.se\/pl\/wp-json\/wp\/v2\/media\/140340"}],"wp:attachment":[{"href":"https:\/\/secureus.se\/pl\/wp-json\/wp\/v2\/media?parent=87795"}],"wp:term":[{"taxonomy":"product_brand","embeddable":true,"href":"https:\/\/secureus.se\/pl\/wp-json\/wp\/v2\/product_brand?post=87795"},{"taxonomy":"product_cat","embeddable":true,"href":"https:\/\/secureus.se\/pl\/wp-json\/wp\/v2\/product_cat?post=87795"},{"taxonomy":"product_tag","embeddable":true,"href":"https:\/\/secureus.se\/pl\/wp-json\/wp\/v2\/product_tag?post=87795"}],"curies":[{"name":"wp","href":"https:\/\/api.w.org\/{rel}","templated":true}]}}